{"id":2093,"date":"2020-11-14T18:09:24","date_gmt":"2020-11-14T17:09:24","guid":{"rendered":"https:\/\/somosdelprieto.com\/?page_id=2093"},"modified":"2021-02-06T21:06:54","modified_gmt":"2021-02-06T20:06:54","slug":"tecnico-superior-en-administracion-de-sistemas-informaticos-en-red","status":"publish","type":"page","link":"https:\/\/somosdelprieto.com\/index.php\/estudios\/ciclos-formativos-de-grado-superior\/tecnico-superior-en-administracion-de-sistemas-informaticos-en-red\/","title":{"rendered":"T\u00e9cnico superior en administraci\u00f3n de sistemas inform\u00e1ticos en red"},"content":{"rendered":"\n<p><strong>Familia Profesional:<\/strong>&nbsp;INFORM\u00c1TICA Y COMUNICACIONES<br><strong>Nivel<\/strong>: CICLO FORMATIVO DE GRADO SUPERIOR<br><strong>Duraci\u00f3n<\/strong>: 2000 horas. 2 cursos acad\u00e9micos<\/p>\n\n\n\n<figure class=\"wp-block-table\"><table><tbody><tr><td><strong>1<sup>er<\/sup>&nbsp;CURSO<\/strong><\/td><td><strong>Hrs.<\/strong><\/td><td><strong>2\u00ba CURSO<\/strong><\/td><td><strong>Hrs.<\/strong><\/td><\/tr><tr><td>Implantaci\u00f3n de sistemas operativos<\/td><td>196<\/td><td>Administraci\u00f3n de sistemas operativos<\/td><td>140<\/td><\/tr><tr><td>Planificaci\u00f3n y administraci\u00f3n de redes<\/td><td>196<\/td><td>Servicios de red e Internet<\/td><td>140<\/td><\/tr><tr><td>Fundamentos de hardware<\/td><td>131<\/td><td>Implantaci\u00f3n de aplicaciones web<\/td><td>95<\/td><\/tr><tr><td>Lenguajes de marcas y sistemas de gesti\u00f3n de informaci\u00f3n<\/td><td>131<\/td><td>Administraci\u00f3n de sistemas gestores de bases de datos<\/td><td>64<\/td><\/tr><tr><td>Ingl\u00e9s t\u00e9cnico para ciclos de grado superior de la familia de inform\u00e1tica y comunicaciones<\/td><td>64<\/td><td>Seguridad y alta disponibilidad<\/td><td>95<\/td><\/tr><tr><td>Gesti\u00f3n de bases de datos<\/td><td>160<\/td><td>Empresa e iniciativa emprendedora<\/td><td>66<\/td><\/tr><tr><td>Formaci\u00f3n y orientaci\u00f3n laboral<\/td><td>82<\/td><td>Formaci\u00f3n en Centros de Trabajo<\/td><td>400<\/td><\/tr><tr><td>&nbsp;<\/td><td>&nbsp;<\/td><td>Proyecto de administraci\u00f3n de sistemas inform\u00e1ticos en red<\/td><td>40&nbsp;<\/td><\/tr><\/tbody><\/table><\/figure>\n\n\n\n<h2 class=\"wp-block-heading\">Competencias:<\/h2>\n\n\n\n<ul class=\"wp-block-list\"><li>Administrar sistemas operativos de servidor, instalando y configurando el software, en condiciones de calidad para asegurar el funcionamiento del sistema.<\/li><li>Administrar servicios de red (web, mensajer\u00eda electr\u00f3nica y transferencia de archivos, entre otros) instalando y configurando el software, en condiciones de calidad.<\/li><li>Administrar aplicaciones instalando y configurando el software, en condiciones de calidad para responder a las necesidades de la organizaci\u00f3n.<\/li><li>Implantar y gestionar bases de datos instalando y administrando el software de gesti\u00f3n en condiciones de calidad, seg\u00fan las caracter\u00edsticas de la explotaci\u00f3n.<\/li><li>Optimizar el rendimiento del sistema configurando los dispositivos hardware de acuerdo a los requisitos de funcionamiento.<\/li><li>Evaluar el rendimiento de los dispositivos hardware identificando posibilidades de mejoras seg\u00fan las necesidades de funcionamiento.<\/li><li>Determinar la infraestructura de redes telem\u00e1ticas elaborando esquemas y seleccionando equipos y elementos.<\/li><li>Integrar equipos de comunicaciones en infraestructuras de redes telem\u00e1ticas, determinando la configuraci\u00f3n para asegurar su conectividad.<\/li><li>Implementar soluciones de alta disponibilidad, analizando las distintas opciones del mercado, para proteger y recuperar el sistema ante situaciones imprevistas.<\/li><li>Supervisar la seguridad f\u00edsica seg\u00fan especificaciones del fabricante y el plan de seguridad para evitar interrupciones en la prestaci\u00f3n de servicios del sistema.<\/li><li>Asegurar el sistema y los datos seg\u00fan las necesidades de uso y las condiciones de seguridad establecidas para prevenir fallos y ataques externos.<\/li><li>Administrar usuarios de acuerdo a las especificaciones de explotaci\u00f3n para garantizar los accesos y la disponibilidad de los recursos del sistema.<\/li><li>Diagnosticar las disfunciones del sistema y adoptar las medidas correctivas para restablecer su funcionalidad.<\/li><li>Gestionar y\/o realizar el mantenimiento de los recursos de su \u00e1rea (programando y verificando su cumplimiento), en funci\u00f3n de las cargas de trabajo y el plan de mantenimiento.<\/li><li>Efectuar consultas, dirigi\u00e9ndose a la persona adecuada y saber respetar la autonom\u00eda de los subordinados, informando cuando sea conveniente.<\/li><li>Mantener el esp\u00edritu de innovaci\u00f3n y actualizaci\u00f3n en el \u00e1mbito de su trabajo para adaptarse a los cambios tecnol\u00f3gicos y organizativos de su entorno profesional.<\/li><li>Liderar situaciones colectivas que se puedan producir, mediando en conflictos personales y laborales, contribuyendo al establecimiento de un ambiente de trabajo agradable y actuando en todo momento de forma sincera, respetuosa y tolerante.<\/li><li>Resolver problemas y tomar decisiones individuales, siguiendo las normas y procedimientos establecidos, definidos dentro del \u00e1mbito de su competencia.<\/li><li>Gestionar su carrera profesional, analizando las oportunidades de empleo, autoempleo y de aprendizaje.&nbsp;<\/li><li>Participar de forma activa en la vida econ\u00f3mica, social y cultural con actitud cr\u00edtica y responsable.&nbsp;<\/li><li>Crear y gestionar una peque\u00f1a empresa, realizando un estudio de viabilidad de productos, de planificaci\u00f3n de la producci\u00f3n y de comercializaci\u00f3n.<\/li><\/ul>\n\n\n\n<h2 class=\"wp-block-heading\">Puestos de Trabajo:<\/h2>\n\n\n\n<ul class=\"wp-block-list\"><li>T\u00e9cnico en administraci\u00f3n de sistemas.<\/li><li>Responsable de inform\u00e1tica.<\/li><li>T\u00e9cnico en servicios de Internet.<\/li><li>T\u00e9cnico en servicios de mensajer\u00eda electr\u00f3nica.<\/li><li>Personal de apoyo y soporte t\u00e9cnico.<\/li><li>T\u00e9cnico en teleasistencia.<\/li><li>T\u00e9cnico en administraci\u00f3n de base de datos.<\/li><li>T\u00e9cnico de redes.<\/li><li>Supervisor de sistemas.<\/li><li>T\u00e9cnico en servicios de comunicaciones.<\/li><li>T\u00e9cnico en entornos web<\/li><\/ul>\n","protected":false},"excerpt":{"rendered":"<p>Familia Profesional:&nbsp;INFORM\u00c1TICA Y COMUNICACIONESNivel: CICLO FORMATIVO DE GRADO SUPERIORDuraci\u00f3n: 2000 horas. 2 cursos acad\u00e9micos 1er&nbsp;CURSO Hrs. 2\u00ba CURSO Hrs. Implantaci\u00f3n de sistemas operativos 196 Administraci\u00f3n de sistemas operativos 140 Planificaci\u00f3n y administraci\u00f3n de redes 196 Servicios de red e Internet 140 Fundamentos de hardware 131 Implantaci\u00f3n de aplicaciones web 95 Lenguajes de marcas y sistemas &hellip; <\/p>\n<p class=\"link-more\"><a href=\"https:\/\/somosdelprieto.com\/index.php\/estudios\/ciclos-formativos-de-grado-superior\/tecnico-superior-en-administracion-de-sistemas-informaticos-en-red\/\" class=\"more-link\">Continuar leyendo<span class=\"screen-reader-text\"> \u00abT\u00e9cnico superior en administraci\u00f3n de sistemas inform\u00e1ticos en red\u00bb<\/span><\/a><\/p>\n","protected":false},"author":24,"featured_media":0,"parent":1999,"menu_order":0,"comment_status":"closed","ping_status":"closed","template":"","meta":{"footnotes":""},"class_list":["post-2093","page","type-page","status-publish","hentry"],"_links":{"self":[{"href":"https:\/\/somosdelprieto.com\/index.php\/wp-json\/wp\/v2\/pages\/2093","targetHints":{"allow":["GET"]}}],"collection":[{"href":"https:\/\/somosdelprieto.com\/index.php\/wp-json\/wp\/v2\/pages"}],"about":[{"href":"https:\/\/somosdelprieto.com\/index.php\/wp-json\/wp\/v2\/types\/page"}],"author":[{"embeddable":true,"href":"https:\/\/somosdelprieto.com\/index.php\/wp-json\/wp\/v2\/users\/24"}],"replies":[{"embeddable":true,"href":"https:\/\/somosdelprieto.com\/index.php\/wp-json\/wp\/v2\/comments?post=2093"}],"version-history":[{"count":2,"href":"https:\/\/somosdelprieto.com\/index.php\/wp-json\/wp\/v2\/pages\/2093\/revisions"}],"predecessor-version":[{"id":3958,"href":"https:\/\/somosdelprieto.com\/index.php\/wp-json\/wp\/v2\/pages\/2093\/revisions\/3958"}],"up":[{"embeddable":true,"href":"https:\/\/somosdelprieto.com\/index.php\/wp-json\/wp\/v2\/pages\/1999"}],"wp:attachment":[{"href":"https:\/\/somosdelprieto.com\/index.php\/wp-json\/wp\/v2\/media?parent=2093"}],"curies":[{"name":"wp","href":"https:\/\/api.w.org\/{rel}","templated":true}]}}