{"id":20808,"date":"2025-03-17T13:44:25","date_gmt":"2025-03-17T12:44:25","guid":{"rendered":"https:\/\/somosdelprieto.com\/?page_id=20808"},"modified":"2025-03-20T14:05:52","modified_gmt":"2025-03-20T13:05:52","slug":"relajat","status":"publish","type":"page","link":"https:\/\/somosdelprieto.com\/index.php\/relajat\/","title":{"rendered":"RelajaT"},"content":{"rendered":"\n<p><strong>Descripci\u00f3n:<\/strong><\/p>\n\n\n\n<p>Descubre las t\u00e9cnicas de relajaci\u00f3n y mindfulness en nuestro taller dise\u00f1ado para ayudarte a reducir el estr\u00e9s y mejorar tu bienestar emocional. Con un grupo reducido recibir\u00e1s atenci\u00f3n personalizada y podr\u00e1s experimentar un ambiente de calma y concentraci\u00f3n.<\/p>\n\n\n\n<h4 class=\"wp-block-heading\">Lo que aprender\u00e1s:<\/h4>\n\n\n\n<p><strong>Visualizaci\u00f3n:<\/strong>\u00a0Ejercicios para inducir un estado de calma y bienestar.<\/p>\n\n\n\n<p><strong>Respiraci\u00f3n consciente:<\/strong>\u00a0T\u00e9cnicas de respiraci\u00f3n profunda para calmar la mente y el cuerpo.<\/p>\n\n\n\n<p><strong>Meditaci\u00f3n guiada:<\/strong>\u00a0Pr\u00e1cticas de meditaci\u00f3n mindfulness para aumentar la atenci\u00f3n plena.<\/p>\n\n\n\n<p><strong>Conocimiento del cuerpo:<\/strong>\u00a0T\u00e9cnicas para liberar tensiones y promover la relajaci\u00f3n f\u00edsica.<\/p>\n\n\n\n<p><strong>Relajaci\u00f3n progresiva:<\/strong>\u00a0M\u00e9todos para reducir el estr\u00e9s muscular y mental.<\/p>\n","protected":false},"excerpt":{"rendered":"<p>Descripci\u00f3n: Descubre las t\u00e9cnicas de relajaci\u00f3n y mindfulness en nuestro taller dise\u00f1ado para ayudarte a reducir el estr\u00e9s y mejorar tu bienestar emocional. Con un grupo reducido recibir\u00e1s atenci\u00f3n personalizada y podr\u00e1s experimentar un ambiente de calma y concentraci\u00f3n. Lo que aprender\u00e1s: Visualizaci\u00f3n:\u00a0Ejercicios para inducir un estado de calma y bienestar. Respiraci\u00f3n consciente:\u00a0T\u00e9cnicas de respiraci\u00f3n &hellip; <\/p>\n<p class=\"link-more\"><a href=\"https:\/\/somosdelprieto.com\/index.php\/relajat\/\" class=\"more-link\">Continuar leyendo<span class=\"screen-reader-text\"> \u00abRelajaT\u00bb<\/span><\/a><\/p>\n","protected":false},"author":1,"featured_media":0,"parent":0,"menu_order":0,"comment_status":"closed","ping_status":"closed","template":"","meta":{"footnotes":""},"class_list":["post-20808","page","type-page","status-publish","hentry"],"_links":{"self":[{"href":"https:\/\/somosdelprieto.com\/index.php\/wp-json\/wp\/v2\/pages\/20808","targetHints":{"allow":["GET"]}}],"collection":[{"href":"https:\/\/somosdelprieto.com\/index.php\/wp-json\/wp\/v2\/pages"}],"about":[{"href":"https:\/\/somosdelprieto.com\/index.php\/wp-json\/wp\/v2\/types\/page"}],"author":[{"embeddable":true,"href":"https:\/\/somosdelprieto.com\/index.php\/wp-json\/wp\/v2\/users\/1"}],"replies":[{"embeddable":true,"href":"https:\/\/somosdelprieto.com\/index.php\/wp-json\/wp\/v2\/comments?post=20808"}],"version-history":[{"count":2,"href":"https:\/\/somosdelprieto.com\/index.php\/wp-json\/wp\/v2\/pages\/20808\/revisions"}],"predecessor-version":[{"id":20881,"href":"https:\/\/somosdelprieto.com\/index.php\/wp-json\/wp\/v2\/pages\/20808\/revisions\/20881"}],"wp:attachment":[{"href":"https:\/\/somosdelprieto.com\/index.php\/wp-json\/wp\/v2\/media?parent=20808"}],"curies":[{"name":"wp","href":"https:\/\/api.w.org\/{rel}","templated":true}]}}