{"id":2078,"date":"2020-11-14T17:51:00","date_gmt":"2020-11-14T16:51:00","guid":{"rendered":"https:\/\/somosdelprieto.com\/?page_id=2078"},"modified":"2021-02-06T21:06:18","modified_gmt":"2021-02-06T20:06:18","slug":"tecnico-en-sistemas-microinformaticos-y-redes","status":"publish","type":"page","link":"https:\/\/somosdelprieto.com\/index.php\/estudios\/ciclos-formativos-de-grado-medio\/tecnico-en-sistemas-microinformaticos-y-redes\/","title":{"rendered":"T\u00e9cnico en Sistemas Microinform\u00e1ticos y Redes"},"content":{"rendered":"\n<p><strong>Familia Profesional:&nbsp;<\/strong>INFORM\u00c1TICA Y COMUNICACIONES<\/p>\n\n\n\n<p><strong>Nivel<\/strong>: CICLO FORMATIVO DE GRADO MEDIO<\/p>\n\n\n\n<p><strong>Duraci\u00f3n<\/strong>: 2000 horas. 2 cursos acad\u00e9micos<\/p>\n\n\n\n<figure class=\"wp-block-table\"><table><tbody><tr><td><strong>1<sup>er<\/sup>&nbsp;CURSO<\/strong><\/td><td><strong>horas<\/strong><\/td><td><strong>2\u00ba CURSO<\/strong><\/td><td><strong>horas<\/strong><\/td><\/tr><tr><td>Montaje y mantenimiento de equipos<\/td><td>238<\/td><td>Aplicaciones ofim\u00e1ticas<\/td><td>192<\/td><\/tr><tr><td>Sistemas operativos monopuesto<\/td><td>192<\/td><td>Sistemas operativos en red<\/td><td>150<\/td><\/tr><tr><td>Redes locales<\/td><td>192<\/td><td>Seguridad inform\u00e1tica<\/td><td>104<\/td><\/tr><tr><td>Aplicaciones web<\/td><td>192<\/td><td>Servicios en red<\/td><td>128<\/td><\/tr><tr><td>Formaci\u00f3n y orientaci\u00f3n laboral<\/td><td>82<\/td><td>Empresa e iniciativa emprendedora<\/td><td>66<\/td><\/tr><tr><td>Ingl\u00e9s T\u00e9cnico para inform\u00e1tica<\/td><td>64<\/td><td>Formaci\u00f3n en Centros de trabajo<\/td><td>400<\/td><\/tr><\/tbody><\/table><\/figure>\n\n\n\n<h2 class=\"wp-block-heading\">Competencias:<\/h2>\n\n\n\n<p>Sistemas microinform\u00e1ticos:<\/p>\n\n\n\n<blockquote class=\"wp-block-quote is-layout-flow wp-block-quote-is-layout-flow\"><p>-Instalar y configurar el software base en sistemas microinform\u00e1ticos.<br>-Instalar, configurar y verificar los elementos de la red local seg\u00fan procedimientos establecidos.<br>-Instalar, configurar y mantener paquetes inform\u00e1ticos de prop\u00f3sito general y aplicaciones espec\u00edficas.<br>-Facilitar al usuario la utilizaci\u00f3n de paquetes inform\u00e1ticos de prop\u00f3sito general y aplicaciones espec\u00edficas.<\/p><\/blockquote>\n\n\n\n<p>Montaje y reparaci\u00f3n de sistemas microinform\u00e1ticos:<\/p>\n\n\n\n<blockquote class=\"wp-block-quote is-layout-flow wp-block-quote-is-layout-flow\"><p>-Montar equipos microinform\u00e1ticos.<br>-Instalar y configurar el software base en sistemas microinform\u00e1ticos.<br>-Reparar y ampliar equipamiento microinform\u00e1tico.Operaci\u00f3n de redes departamentales:<\/p><\/blockquote>\n\n\n\n<blockquote class=\"wp-block-quote is-layout-flow wp-block-quote-is-layout-flow\"><p>-Instalar, configurar y verificar los elementos de la red local seg\u00fan procedimientos preestablecidos.<br>-Monitorizar los procesos de comunicaciones de la red local.<br>-Realizar los procesos de conexi\u00f3n entre redes privadas y redes p\u00fablicas.<\/p><\/blockquote>\n\n\n\n<p>Operaci\u00f3n de sistemas inform\u00e1ticos:<\/p>\n\n\n\n<blockquote class=\"wp-block-quote is-layout-flow wp-block-quote-is-layout-flow\"><p>-Instalar y configurar el software base en sistemas microinform\u00e1ticos.<br>-Mantener y regular el subsistema f\u00edsico en sistemas inform\u00e1ticos.<br>-Ejecutar procedimientos de administraci\u00f3n y mantenimiento en el software base y de aplicaci\u00f3n del cliente.<br>-Mantener la seguridad de los subsistemas f\u00edsicos y l\u00f3gicos en sistemas inform\u00e1ticos.<\/p><\/blockquote>\n\n\n\n<h2 class=\"wp-block-heading\">Puestos de Trabajo:<\/h2>\n\n\n\n<blockquote class=\"wp-block-quote is-layout-flow wp-block-quote-is-layout-flow\"><p>-T\u00e9cnico instalador-reparador de equipos inform\u00e1ticos.<br>-T\u00e9cnico de soporte inform\u00e1tico.<br>-T\u00e9cnico de redes de datos.<br>-Reparador de perif\u00e9ricos de sistemas microinform\u00e1ticos.<br>-Comercial de microinform\u00e1tica.<br>-Operador de tele-asistencia.<br>-Operador de sistemas.<\/p><\/blockquote>\n","protected":false},"excerpt":{"rendered":"<p>Familia Profesional:&nbsp;INFORM\u00c1TICA Y COMUNICACIONES Nivel: CICLO FORMATIVO DE GRADO MEDIO Duraci\u00f3n: 2000 horas. 2 cursos acad\u00e9micos 1er&nbsp;CURSO horas 2\u00ba CURSO horas Montaje y mantenimiento de equipos 238 Aplicaciones ofim\u00e1ticas 192 Sistemas operativos monopuesto 192 Sistemas operativos en red 150 Redes locales 192 Seguridad inform\u00e1tica 104 Aplicaciones web 192 Servicios en red 128 Formaci\u00f3n y orientaci\u00f3n &hellip; <\/p>\n<p class=\"link-more\"><a href=\"https:\/\/somosdelprieto.com\/index.php\/estudios\/ciclos-formativos-de-grado-medio\/tecnico-en-sistemas-microinformaticos-y-redes\/\" class=\"more-link\">Continuar leyendo<span class=\"screen-reader-text\"> \u00abT\u00e9cnico en Sistemas Microinform\u00e1ticos y Redes\u00bb<\/span><\/a><\/p>\n","protected":false},"author":24,"featured_media":0,"parent":1972,"menu_order":0,"comment_status":"closed","ping_status":"closed","template":"","meta":{"footnotes":""},"class_list":["post-2078","page","type-page","status-publish","hentry"],"_links":{"self":[{"href":"https:\/\/somosdelprieto.com\/index.php\/wp-json\/wp\/v2\/pages\/2078","targetHints":{"allow":["GET"]}}],"collection":[{"href":"https:\/\/somosdelprieto.com\/index.php\/wp-json\/wp\/v2\/pages"}],"about":[{"href":"https:\/\/somosdelprieto.com\/index.php\/wp-json\/wp\/v2\/types\/page"}],"author":[{"embeddable":true,"href":"https:\/\/somosdelprieto.com\/index.php\/wp-json\/wp\/v2\/users\/24"}],"replies":[{"embeddable":true,"href":"https:\/\/somosdelprieto.com\/index.php\/wp-json\/wp\/v2\/comments?post=2078"}],"version-history":[{"count":1,"href":"https:\/\/somosdelprieto.com\/index.php\/wp-json\/wp\/v2\/pages\/2078\/revisions"}],"predecessor-version":[{"id":2079,"href":"https:\/\/somosdelprieto.com\/index.php\/wp-json\/wp\/v2\/pages\/2078\/revisions\/2079"}],"up":[{"embeddable":true,"href":"https:\/\/somosdelprieto.com\/index.php\/wp-json\/wp\/v2\/pages\/1972"}],"wp:attachment":[{"href":"https:\/\/somosdelprieto.com\/index.php\/wp-json\/wp\/v2\/media?parent=2078"}],"curies":[{"name":"wp","href":"https:\/\/api.w.org\/{rel}","templated":true}]}}