{"id":2074,"date":"2020-11-14T17:42:24","date_gmt":"2020-11-14T16:42:24","guid":{"rendered":"https:\/\/somosdelprieto.com\/?page_id=2074"},"modified":"2021-02-06T21:09:09","modified_gmt":"2021-02-06T20:09:09","slug":"tecnico-en-instalaciones-de-telecomunicaciones","status":"publish","type":"page","link":"https:\/\/somosdelprieto.com\/index.php\/estudios\/ciclos-formativos-de-grado-medio\/tecnico-en-instalaciones-de-telecomunicaciones\/","title":{"rendered":"T\u00e9cnico en Instalaciones de Telecomunicaciones"},"content":{"rendered":"\n<p><strong>Familia Profesional<\/strong>: ELECTRICIDAD Y ELECTR\u00d3NICA<\/p>\n\n\n\n<p><strong>Nivel<\/strong>: CICLO FORMATIVO DE GRADO MEDIO<\/p>\n\n\n\n<p><strong>Duraci\u00f3n<\/strong>: 2.000 horas. 2 cursos acad\u00e9micos<\/p>\n\n\n\n<figure class=\"wp-block-table\"><table><tbody><tr><td><strong>1<sup>er<\/sup>CURSO<\/strong><\/td><td><strong>HRS<\/strong><\/td><td><strong>&nbsp;2<sup>\u00ba<\/sup>&nbsp;CURSO<\/strong><\/td><td><strong>HRS<\/strong><\/td><\/tr><tr><td>Infraestructuras comunes de telecomunicaci\u00f3n en viviendas y edificios<\/td><td>145<\/td><td>&nbsp;Instalaciones dom\u00f3ticas&nbsp;<\/td><td>126<\/td><\/tr><tr><td>&nbsp;Electr\u00f3nica aplicada<\/td><td>250<\/td><td>&nbsp;Infraestructuras de redes de datos y sistemas de telefon\u00eda<\/td><td>188<\/td><\/tr><tr><td>&nbsp;Equipos microinform\u00e1ticos<\/td><td>175<\/td><td>&nbsp;Instalaciones de megafon\u00eda y sonorizaci\u00f3n<\/td><td>130<\/td><\/tr><tr><td>&nbsp;Instalaciones el\u00e9ctricas b\u00e1sicas<\/td><td>143<\/td><td>&nbsp;Circuito cerrado de televisi\u00f3n y seguridad electr\u00f3nica<\/td><td>130<\/td><\/tr><tr><td>&nbsp;Instalaciones de radiocomunicaciones<\/td><td>101<\/td><td>&nbsp;Empresa e iniciativa emprendedora<\/td><td>66<\/td><\/tr><tr><td>&nbsp;Ingl\u00e9s t\u00e9cnico<\/td><td>64<\/td><td>&nbsp;Formaci\u00f3n en Centros de Trabajo<\/td><td>400<\/td><\/tr><tr><td>&nbsp;Formaci\u00f3n y orientaci\u00f3n laboral<\/td><td>82<\/td><td>&nbsp;<\/td><td>&nbsp;<\/td><\/tr><\/tbody><\/table><\/figure>\n\n\n\n<h2 class=\"wp-block-heading\">Competencias:<\/h2>\n\n\n\n<p>Montaje y mantenimiento de infraestructuras de telecomunicaciones en edificios:<\/p>\n\n\n\n<ul class=\"wp-block-list\"><li>Montar y mantener instalaciones de captaci\u00f3n de se\u00f1ales de radiodifusi\u00f3n sonora y TV en edificios o conjuntos de edificaciones (antenas y v\u00eda cable).<\/li><li>Montar y mantener instalaciones de acceso al servicio de telefon\u00eda disponible al p\u00fablico e instalaciones de control de acceso (telefon\u00eda interior y videoporter\u00eda).<\/li><\/ul>\n\n\n\n<p>Montaje y mantenimiento de instalaciones de megafon\u00eda, sonorizaci\u00f3n de locales y circuito cerrado de televisi\u00f3n:<\/p>\n\n\n\n<ul class=\"wp-block-list\"><li>Montar y mantener instalaciones de megafon\u00eda y sonorizaci\u00f3n de locales.<\/li><li>Montar y mantener instalaciones de circuito cerrado de televisi\u00f3n.<\/li><li>Montaje y mantenimiento de sistemas de telefon\u00eda e infraestructuras de redes locales de datos:<\/li><li>Montar y mantener sistemas de telefon\u00eda con centralitas de baja capacidad.<\/li><li>Montar y mantener infraestructuras de redes locales de datos.<\/li><\/ul>\n\n\n\n<h2 class=\"wp-block-heading\">Puestos de Trabajo:<\/h2>\n\n\n\n<ul class=\"wp-block-list\"><li>Instalador de telecomunicaciones en edificios de viviendas.<\/li><li>Instalador de antenas.<\/li><li>Instalador de sistemas de seguridad.<\/li><li>T\u00e9cnico en redes locales y telem\u00e1tica.<\/li><li>T\u00e9cnico en instalaci\u00f3n y mantenimiento de redes locales.<\/li><li>Instalador de telefon\u00eda.<\/li><li>Instalador-montador de equipos telef\u00f3nicos y telem\u00e1ticos.<\/li><li>T\u00e9cnico en instalaciones de sonido.<\/li><li>Instalador de megafon\u00eda.<\/li><li>Instalador-mantenedor de sistemas dom\u00f3ticos.<\/li><li>T\u00e9cnico instalador-mantenedor de equipos inform\u00e1ticos.<\/li><li>T\u00e9cnico en montaje y mantenimiento de sistemas de radiodifusi\u00f3n<\/li><\/ul>\n","protected":false},"excerpt":{"rendered":"<p>Familia Profesional: ELECTRICIDAD Y ELECTR\u00d3NICA Nivel: CICLO FORMATIVO DE GRADO MEDIO Duraci\u00f3n: 2.000 horas. 2 cursos acad\u00e9micos 1erCURSO HRS &nbsp;2\u00ba&nbsp;CURSO HRS Infraestructuras comunes de telecomunicaci\u00f3n en viviendas y edificios 145 &nbsp;Instalaciones dom\u00f3ticas&nbsp; 126 &nbsp;Electr\u00f3nica aplicada 250 &nbsp;Infraestructuras de redes de datos y sistemas de telefon\u00eda 188 &nbsp;Equipos microinform\u00e1ticos 175 &nbsp;Instalaciones de megafon\u00eda y sonorizaci\u00f3n 130 &hellip; <\/p>\n<p class=\"link-more\"><a href=\"https:\/\/somosdelprieto.com\/index.php\/estudios\/ciclos-formativos-de-grado-medio\/tecnico-en-instalaciones-de-telecomunicaciones\/\" class=\"more-link\">Continuar leyendo<span class=\"screen-reader-text\"> \u00abT\u00e9cnico en Instalaciones de Telecomunicaciones\u00bb<\/span><\/a><\/p>\n","protected":false},"author":21,"featured_media":0,"parent":1972,"menu_order":0,"comment_status":"closed","ping_status":"closed","template":"","meta":{"footnotes":""},"class_list":["post-2074","page","type-page","status-publish","hentry"],"_links":{"self":[{"href":"https:\/\/somosdelprieto.com\/index.php\/wp-json\/wp\/v2\/pages\/2074","targetHints":{"allow":["GET"]}}],"collection":[{"href":"https:\/\/somosdelprieto.com\/index.php\/wp-json\/wp\/v2\/pages"}],"about":[{"href":"https:\/\/somosdelprieto.com\/index.php\/wp-json\/wp\/v2\/types\/page"}],"author":[{"embeddable":true,"href":"https:\/\/somosdelprieto.com\/index.php\/wp-json\/wp\/v2\/users\/21"}],"replies":[{"embeddable":true,"href":"https:\/\/somosdelprieto.com\/index.php\/wp-json\/wp\/v2\/comments?post=2074"}],"version-history":[{"count":1,"href":"https:\/\/somosdelprieto.com\/index.php\/wp-json\/wp\/v2\/pages\/2074\/revisions"}],"predecessor-version":[{"id":2075,"href":"https:\/\/somosdelprieto.com\/index.php\/wp-json\/wp\/v2\/pages\/2074\/revisions\/2075"}],"up":[{"embeddable":true,"href":"https:\/\/somosdelprieto.com\/index.php\/wp-json\/wp\/v2\/pages\/1972"}],"wp:attachment":[{"href":"https:\/\/somosdelprieto.com\/index.php\/wp-json\/wp\/v2\/media?parent=2074"}],"curies":[{"name":"wp","href":"https:\/\/api.w.org\/{rel}","templated":true}]}}