{"id":20582,"date":"2025-02-19T19:38:25","date_gmt":"2025-02-19T18:38:25","guid":{"rendered":"https:\/\/somosdelprieto.com\/?page_id=20582"},"modified":"2025-02-19T19:45:55","modified_gmt":"2025-02-19T18:45:55","slug":"montaje-de-cadenas-de-nieve-y-reparacion-de-pinchazos","status":"publish","type":"page","link":"https:\/\/somosdelprieto.com\/index.php\/montaje-de-cadenas-de-nieve-y-reparacion-de-pinchazos\/","title":{"rendered":"Montaje de cadenas de nieve y reparaci\u00f3n de pinchazos"},"content":{"rendered":"\n<div class=\"wp-block-group has-background\" style=\"background-color:#ff6a0069\"><div class=\"wp-block-group__inner-container is-layout-flow wp-block-group-is-layout-flow\">\n<div class=\"wp-block-columns are-vertically-aligned-center is-layout-flex wp-container-core-columns-is-layout-9d6595d7 wp-block-columns-is-layout-flex\">\n<div class=\"wp-block-column is-vertically-aligned-center is-layout-flow wp-block-column-is-layout-flow\" style=\"flex-basis:100%\">\n<p>La actividad que desarrollar\u00e1 el <a href=\"https:\/\/somosdelprieto.com\/index.php\/departamentos\/departamento-transporte-y-mantenimiento-de-vehiculos\/\" target=\"_blank\" rel=\"noreferrer noopener\">Departamento de Transporte y Mantenimiento de Veh\u00edculos<\/a>, se dividir\u00e1 en tres talleres:<\/p>\n\n\n\n<ol class=\"wp-block-list\">\n<li><strong>Montaje de cadenas de nieve<\/strong>: Montaje de cadenas y lonas de nieve para aprender a salir de un apuro si te sorprende la nieve en mitad de una carretera o calle.<\/li>\n\n\n\n<li><strong>Reparaci\u00f3n de pinchazo: <\/strong>T\u00e9cnica que consiste reparar un pinchazo de una rueda de un coche, moto o bicicleta.<\/li>\n<\/ol>\n<\/div>\n<\/div>\n<\/div><\/div>\n\n\n\n<p class=\"has-background\" style=\"background-color:#ff6a0036\"><a href=\"https:\/\/somosdelprieto.com\/index.php\/departamentos\/departamento-transporte-y-mantenimiento-de-vehiculos\/\" data-type=\"link\" data-id=\"https:\/\/somosdelprieto.com\/index.php\/departamentos\/departamento-transporte-y-mantenimiento-de-vehiculos\/\"><strong>AQU\u00cd<\/strong> <\/a>puedes conseguir m\u00e1s informaci\u00f3n de los ciclos formativos de Automoci\u00f3n.<\/p>\n","protected":false},"excerpt":{"rendered":"<p>La actividad que desarrollar\u00e1 el Departamento de Transporte y Mantenimiento de Veh\u00edculos, se dividir\u00e1 en tres talleres: AQU\u00cd puedes conseguir m\u00e1s informaci\u00f3n de los ciclos formativos de Automoci\u00f3n.<\/p>\n","protected":false},"author":51,"featured_media":0,"parent":0,"menu_order":0,"comment_status":"closed","ping_status":"closed","template":"","meta":{"footnotes":""},"class_list":["post-20582","page","type-page","status-publish","hentry"],"_links":{"self":[{"href":"https:\/\/somosdelprieto.com\/index.php\/wp-json\/wp\/v2\/pages\/20582","targetHints":{"allow":["GET"]}}],"collection":[{"href":"https:\/\/somosdelprieto.com\/index.php\/wp-json\/wp\/v2\/pages"}],"about":[{"href":"https:\/\/somosdelprieto.com\/index.php\/wp-json\/wp\/v2\/types\/page"}],"author":[{"embeddable":true,"href":"https:\/\/somosdelprieto.com\/index.php\/wp-json\/wp\/v2\/users\/51"}],"replies":[{"embeddable":true,"href":"https:\/\/somosdelprieto.com\/index.php\/wp-json\/wp\/v2\/comments?post=20582"}],"version-history":[{"count":1,"href":"https:\/\/somosdelprieto.com\/index.php\/wp-json\/wp\/v2\/pages\/20582\/revisions"}],"predecessor-version":[{"id":20584,"href":"https:\/\/somosdelprieto.com\/index.php\/wp-json\/wp\/v2\/pages\/20582\/revisions\/20584"}],"wp:attachment":[{"href":"https:\/\/somosdelprieto.com\/index.php\/wp-json\/wp\/v2\/media?parent=20582"}],"curies":[{"name":"wp","href":"https:\/\/api.w.org\/{rel}","templated":true}]}}