{"id":20369,"date":"2025-02-07T08:54:51","date_gmt":"2025-02-07T07:54:51","guid":{"rendered":"https:\/\/somosdelprieto.com\/?page_id=20369"},"modified":"2025-02-07T08:54:51","modified_gmt":"2025-02-07T07:54:51","slug":"el-prieto-emprende-con-la-empresa-tsd","status":"publish","type":"page","link":"https:\/\/somosdelprieto.com\/index.php\/el-prieto-emprende-con-la-empresa-tsd\/","title":{"rendered":"\u00abEL PRIETO EMPRENDE\u00bb con la empresa TSD"},"content":{"rendered":"\n<p>Durante el mes de enero, desde el Aula Profesional de Emprendimiento de nuestro centro hemos promovido distintas actividades en colaboraci\u00f3n con la empresa TSD, situada en Herencia.<\/p>\n\n\n\n<p>Pincha en los enlaces que aparecen a continuaci\u00f3n, y podr\u00e1s ver las actividades que hemos realizado.<\/p>\n\n\n\n<p>Agradecemos enormemente la colaboraci\u00f3n prestada por la empresa y su Departamento de Recursos Humanos.<\/p>\n\n\n\n<p><a href=\"https:\/\/somosdelprieto.com\/index.php\/la-empresa-tsd-visita-nuestro-centro\/\">VISITA DE LA EMPRESA A NUESTRO CENTRO<\/a><\/p>\n\n\n\n<p><a href=\"https:\/\/somosdelprieto.com\/index.php\/visitamos-las-instalaciones-de-la-empresa-tsd\/\">NUESTRO APE SE DESPLAZA HASTA LAS INSTALACIONES DE LA EMPRESA<\/a><\/p>\n","protected":false},"excerpt":{"rendered":"<p>Durante el mes de enero, desde el Aula Profesional de Emprendimiento de nuestro centro hemos promovido distintas actividades en colaboraci\u00f3n con la empresa TSD, situada en Herencia. Pincha en los enlaces que aparecen a continuaci\u00f3n, y podr\u00e1s ver las actividades que hemos realizado. Agradecemos enormemente la colaboraci\u00f3n prestada por la empresa y su Departamento de &hellip; <\/p>\n<p class=\"link-more\"><a href=\"https:\/\/somosdelprieto.com\/index.php\/el-prieto-emprende-con-la-empresa-tsd\/\" class=\"more-link\">Continuar leyendo<span class=\"screen-reader-text\"> \u00ab\u00abEL PRIETO EMPRENDE\u00bb con la empresa TSD\u00bb<\/span><\/a><\/p>\n","protected":false},"author":30,"featured_media":0,"parent":0,"menu_order":0,"comment_status":"closed","ping_status":"closed","template":"","meta":{"footnotes":""},"class_list":["post-20369","page","type-page","status-publish","hentry"],"_links":{"self":[{"href":"https:\/\/somosdelprieto.com\/index.php\/wp-json\/wp\/v2\/pages\/20369","targetHints":{"allow":["GET"]}}],"collection":[{"href":"https:\/\/somosdelprieto.com\/index.php\/wp-json\/wp\/v2\/pages"}],"about":[{"href":"https:\/\/somosdelprieto.com\/index.php\/wp-json\/wp\/v2\/types\/page"}],"author":[{"embeddable":true,"href":"https:\/\/somosdelprieto.com\/index.php\/wp-json\/wp\/v2\/users\/30"}],"replies":[{"embeddable":true,"href":"https:\/\/somosdelprieto.com\/index.php\/wp-json\/wp\/v2\/comments?post=20369"}],"version-history":[{"count":1,"href":"https:\/\/somosdelprieto.com\/index.php\/wp-json\/wp\/v2\/pages\/20369\/revisions"}],"predecessor-version":[{"id":20370,"href":"https:\/\/somosdelprieto.com\/index.php\/wp-json\/wp\/v2\/pages\/20369\/revisions\/20370"}],"wp:attachment":[{"href":"https:\/\/somosdelprieto.com\/index.php\/wp-json\/wp\/v2\/media?parent=20369"}],"curies":[{"name":"wp","href":"https:\/\/api.w.org\/{rel}","templated":true}]}}