{"id":2036,"date":"2020-11-13T17:04:05","date_gmt":"2020-11-13T16:04:05","guid":{"rendered":"https:\/\/somosdelprieto.com\/?page_id=2036"},"modified":"2024-02-29T20:10:33","modified_gmt":"2024-02-29T19:10:33","slug":"tecnico-en-electromecanica-de-vehiculos-automoviles","status":"publish","type":"page","link":"https:\/\/somosdelprieto.com\/index.php\/estudios\/ciclos-formativos-de-grado-medio\/tecnico-en-electromecanica-de-vehiculos-automoviles\/","title":{"rendered":"T\u00e9cnico en Electromec\u00e1nica de Veh\u00edculos autom\u00f3viles"},"content":{"rendered":"\n<p class=\"has-white-color has-vivid-red-background-color has-text-color has-background has-link-color wp-elements-fdc9c013f3fd9539a0aabba081cecb27\"><strong>Familia Profesional:<\/strong>&nbsp;TRANSPORTE Y MANTENIMIENTO DE VEH\u00cdCULOS<\/p>\n\n\n\n<p class=\"has-white-color has-vivid-red-background-color has-text-color has-background has-link-color wp-elements-e4d3be04bd00db40b33d6c2552b79b50\"><strong>Nivel<\/strong>: CICLO FORMATIVO DE GRADO MEDIO<\/p>\n\n\n\n<p class=\"has-white-color has-vivid-red-background-color has-text-color has-background has-link-color wp-elements-577b15305e3deb8406c9a63190c36873\"><strong>Duraci\u00f3n<\/strong>: 2000 horas. 2 cursos acad\u00e9micos<\/p>\n\n\n\n<figure class=\"wp-block-table\"><table><tbody><tr><td><strong>1<sup>er<\/sup>&nbsp;CURSO<\/strong><\/td><td class=\"has-text-align-center\" data-align=\"center\"><strong>horas<\/strong><\/td><td><strong>&nbsp;2\u00ba&nbsp;CURSO<\/strong><\/td><td class=\"has-text-align-center\" data-align=\"center\"><strong>horas<\/strong><\/td><\/tr><tr><td>&nbsp;Motores<\/td><td class=\"has-text-align-center\" data-align=\"center\">196<\/td><td>&nbsp;Sistemas auxiliares del motor.<\/td><td class=\"has-text-align-center\" data-align=\"center\">254<\/td><\/tr><tr><td>&nbsp;Circuitos de fluidos. Suspensi\u00f3n y direcci\u00f3n<\/td><td class=\"has-text-align-center\" data-align=\"center\">196<\/td><td>&nbsp;Circuitos el\u00e9ctricos auxiliares del veh\u00edculo<\/td><td class=\"has-text-align-center\" data-align=\"center\">170<\/td><\/tr><tr><td>&nbsp;Sistemas de transmisi\u00f3n y frenado<\/td><td class=\"has-text-align-center\" data-align=\"center\">162<\/td><td>&nbsp;Sistemas de seguridad y confortabilidad<\/td><td class=\"has-text-align-center\" data-align=\"center\">150<\/td><\/tr><tr><td>&nbsp;Sistemas de carga y arranque<\/td><td class=\"has-text-align-center\" data-align=\"center\">196<\/td><td>&nbsp;Empresa e iniciativa emprendedora<\/td><td class=\"has-text-align-center\" data-align=\"center\">66<\/td><\/tr><tr><td>&nbsp;Mecanizado b\u00e1sico<\/td><td class=\"has-text-align-center\" data-align=\"center\">64<\/td><td>&nbsp;Formaci\u00f3n en centros de trabajo<\/td><td class=\"has-text-align-center\" data-align=\"center\">400<\/td><\/tr><tr><td>&nbsp;Formaci\u00f3n y orientaci\u00f3n laboral.<\/td><td class=\"has-text-align-center\" data-align=\"center\">82<\/td><td>&nbsp;<\/td><td class=\"has-text-align-center\" data-align=\"center\">&nbsp;<\/td><\/tr><tr><td>Ingl\u00e9s t\u00e9cnico<\/td><td class=\"has-text-align-center\" data-align=\"center\">&nbsp;64<\/td><td>&nbsp;<\/td><td class=\"has-text-align-center\" data-align=\"center\">&nbsp;<\/td><\/tr><\/tbody><\/table><\/figure>\n\n\n\n<figure class=\"wp-block-embed is-type-video is-provider-youtube wp-block-embed-youtube wp-embed-aspect-16-9 wp-has-aspect-ratio\"><div class=\"wp-block-embed__wrapper\">\n<iframe loading=\"lazy\" title=\"Clases Online Electromec\u00e1nica de Veh\u00edculos en el IES Gregorio Prieto\" width=\"525\" height=\"295\" src=\"https:\/\/www.youtube.com\/embed\/l1GOvYZ5bSQ?feature=oembed\" frameborder=\"0\" allow=\"accelerometer; autoplay; clipboard-write; encrypted-media; gyroscope; picture-in-picture; web-share\" referrerpolicy=\"strict-origin-when-cross-origin\" allowfullscreen><\/iframe>\n<\/div><\/figure>\n\n\n\n<h2 class=\"wp-block-heading\">Competencias:<\/h2>\n\n\n\n<p>Mantenimiento de los sistemas el\u00e9ctricos y electr\u00f3nicos de veh\u00edculos:<\/p>\n\n\n\n<ul class=\"wp-block-list\">\n<li>Mantener los sistemas de carga y arranque de veh\u00edculos.<\/li>\n\n\n\n<li>Mantener los circuitos el\u00e9ctricos auxiliares de veh\u00edculos.<\/li>\n\n\n\n<li>Mantener los sistemas de seguridad y confortabilidad de veh\u00edculos.<\/li>\n<\/ul>\n\n\n\n<p>Mantenimiento del motor y sus sistemas auxiliares:<\/p>\n\n\n\n<ul class=\"wp-block-list\">\n<li>Mantener el motor t\u00e9rmico.<\/li>\n\n\n\n<li>Mantener los sistemas auxiliares del motor t\u00e9rmico.<\/li>\n<\/ul>\n\n\n\n<p>Mantenimiento de sistemas de transmisi\u00f3n de fuerza y trenes de rodaje de veh\u00edculos autom\u00f3viles:<\/p>\n\n\n\n<ul class=\"wp-block-list\">\n<li>Mantener los sistemas hidr\u00e1ulicos y neum\u00e1ticos, direcci\u00f3n y suspensi\u00f3n.<\/li>\n\n\n\n<li>Mantener los sistemas de transmisi\u00f3n y frenos.<\/li>\n<\/ul>\n\n\n\n<h2 class=\"wp-block-heading\">Puestos de Trabajo:<\/h2>\n\n\n\n<ul class=\"wp-block-list\">\n<li>Electricista de veh\u00edculos.<\/li>\n\n\n\n<li>Electricista electr\u00f3nico de mantenimiento y reparaci\u00f3n en automoci\u00f3n.<\/li>\n\n\n\n<li>Mec\u00e1nico de autom\u00f3viles.<\/li>\n\n\n\n<li>Electricista de autom\u00f3viles.<\/li>\n\n\n\n<li>Electromec\u00e1nico de autom\u00f3viles.<\/li>\n\n\n\n<li>Mec\u00e1nico de motores y sus sistemas auxiliares de autom\u00f3viles y motocicletas.<\/li>\n\n\n\n<li>Reparador sistemas neum\u00e1ticos e hidr\u00e1ulicos.<\/li>\n\n\n\n<li>Reparador sistemas de transmisi\u00f3n y frenos.<\/li>\n\n\n\n<li>Reparador sistemas de direcci\u00f3n y suspensi\u00f3n.<\/li>\n\n\n\n<li>Operario de ITV.<\/li>\n\n\n\n<li>Instalador de accesorios en veh\u00edculos.<\/li>\n\n\n\n<li>Operario de empresas dedicadas a la fabricaci\u00f3n de recambios.<\/li>\n\n\n\n<li>Electromec\u00e1nico de motocicletas.<\/li>\n\n\n\n<li>Vendedor\/distribuidor de recambios y equipos de diagnosis.<\/li>\n<\/ul>\n","protected":false},"excerpt":{"rendered":"<p>Familia Profesional:&nbsp;TRANSPORTE Y MANTENIMIENTO DE VEH\u00cdCULOS Nivel: CICLO FORMATIVO DE GRADO MEDIO Duraci\u00f3n: 2000 horas. 2 cursos acad\u00e9micos 1er&nbsp;CURSO horas &nbsp;2\u00ba&nbsp;CURSO horas &nbsp;Motores 196 &nbsp;Sistemas auxiliares del motor. 254 &nbsp;Circuitos de fluidos. Suspensi\u00f3n y direcci\u00f3n 196 &nbsp;Circuitos el\u00e9ctricos auxiliares del veh\u00edculo 170 &nbsp;Sistemas de transmisi\u00f3n y frenado 162 &nbsp;Sistemas de seguridad y confortabilidad 150 &nbsp;Sistemas &hellip; <\/p>\n<p class=\"link-more\"><a href=\"https:\/\/somosdelprieto.com\/index.php\/estudios\/ciclos-formativos-de-grado-medio\/tecnico-en-electromecanica-de-vehiculos-automoviles\/\" class=\"more-link\">Continuar leyendo<span class=\"screen-reader-text\"> \u00abT\u00e9cnico en Electromec\u00e1nica de Veh\u00edculos autom\u00f3viles\u00bb<\/span><\/a><\/p>\n","protected":false},"author":51,"featured_media":0,"parent":1972,"menu_order":0,"comment_status":"closed","ping_status":"closed","template":"","meta":{"footnotes":""},"class_list":["post-2036","page","type-page","status-publish","hentry"],"_links":{"self":[{"href":"https:\/\/somosdelprieto.com\/index.php\/wp-json\/wp\/v2\/pages\/2036","targetHints":{"allow":["GET"]}}],"collection":[{"href":"https:\/\/somosdelprieto.com\/index.php\/wp-json\/wp\/v2\/pages"}],"about":[{"href":"https:\/\/somosdelprieto.com\/index.php\/wp-json\/wp\/v2\/types\/page"}],"author":[{"embeddable":true,"href":"https:\/\/somosdelprieto.com\/index.php\/wp-json\/wp\/v2\/users\/51"}],"replies":[{"embeddable":true,"href":"https:\/\/somosdelprieto.com\/index.php\/wp-json\/wp\/v2\/comments?post=2036"}],"version-history":[{"count":3,"href":"https:\/\/somosdelprieto.com\/index.php\/wp-json\/wp\/v2\/pages\/2036\/revisions"}],"predecessor-version":[{"id":17328,"href":"https:\/\/somosdelprieto.com\/index.php\/wp-json\/wp\/v2\/pages\/2036\/revisions\/17328"}],"up":[{"embeddable":true,"href":"https:\/\/somosdelprieto.com\/index.php\/wp-json\/wp\/v2\/pages\/1972"}],"wp:attachment":[{"href":"https:\/\/somosdelprieto.com\/index.php\/wp-json\/wp\/v2\/media?parent=2036"}],"curies":[{"name":"wp","href":"https:\/\/api.w.org\/{rel}","templated":true}]}}