{"id":2031,"date":"2020-11-13T16:51:09","date_gmt":"2020-11-13T15:51:09","guid":{"rendered":"https:\/\/somosdelprieto.com\/?page_id=2031"},"modified":"2024-02-29T20:05:06","modified_gmt":"2024-02-29T19:05:06","slug":"tecnico-en-carroceria","status":"publish","type":"page","link":"https:\/\/somosdelprieto.com\/index.php\/estudios\/ciclos-formativos-de-grado-medio\/tecnico-en-carroceria\/","title":{"rendered":"T\u00e9cnico en Carrocer\u00eda"},"content":{"rendered":"\n<p class=\"has-pale-cyan-blue-background-color has-background\"><strong>Duraci\u00f3n<\/strong>: 2.000 horas. 2 cursos acad\u00e9micos<\/p>\n\n\n\n<p class=\"has-pale-cyan-blue-background-color has-background\"><strong>Familia Profesional:&nbsp;<\/strong>TRANSPORTE Y MANTENIMIENTO DE VEH\u00cdCULOS<\/p>\n\n\n\n<p class=\"has-pale-cyan-blue-background-color has-background\"><strong>Nivel<\/strong>: CICLO FORMATIVO DE GRADO MEDIO<\/p>\n\n\n\n<figure class=\"wp-block-table\"><table><tbody><tr><td><strong>1<sup>er<\/sup>&nbsp;CURSO<\/strong><\/td><td><strong>Horas<\/strong><\/td><td><strong>2\u00ba CURSO<\/strong><\/td><td><strong>horas<\/strong><\/td><\/tr><tr><td>Elementos amovibles.<\/td><td>196<\/td><td>Preparaci\u00f3n de superficies.<\/td><td>190<\/td><\/tr><tr><td>Elementos met\u00e1licos y sint\u00e9ticos.<\/td><td>262<\/td><td>Elementos estructurales del veh\u00edculo.<\/td><td>154<\/td><\/tr><tr><td>Elementos fijos.<\/td><td>292<\/td><td>Embellecimiento de superficies.<\/td><td>230<\/td><\/tr><tr><td>Mecanizado b\u00e1sico.<\/td><td>64<\/td><td>Formaci\u00f3n en Centros de Trabajo (F.C.T.).<\/td><td>400<\/td><\/tr><tr><td>Formaci\u00f3n y orientaci\u00f3n laboral.<\/td><td>82<\/td><td>Empresa e iniciativa emprendedora<\/td><td>66<\/td><\/tr><tr><td>Ingl\u00e9s t\u00e9cnico.<\/td><td>64<\/td><td>&nbsp;<\/td><td>&nbsp;<\/td><\/tr><\/tbody><\/table><\/figure>\n\n\n\n<figure class=\"wp-block-embed is-type-video is-provider-youtube wp-block-embed-youtube wp-embed-aspect-16-9 wp-has-aspect-ratio\"><div class=\"wp-block-embed__wrapper\">\n<iframe loading=\"lazy\" title=\"T\u00e9cnico en Carrocer\u00eda en el IES Gregorio Prieto\" width=\"525\" height=\"295\" src=\"https:\/\/www.youtube.com\/embed\/1f_u9Gsmmx4?feature=oembed\" frameborder=\"0\" allow=\"accelerometer; autoplay; clipboard-write; encrypted-media; gyroscope; picture-in-picture; web-share\" referrerpolicy=\"strict-origin-when-cross-origin\" allowfullscreen><\/iframe>\n<\/div><\/figure>\n\n\n\n<h2 class=\"wp-block-heading\">Competencias:<\/h2>\n\n\n\n<ul class=\"wp-block-list\">\n<li>Pintura de veh\u00edculos:<\/li>\n\n\n\n<li>Realizar la preparaci\u00f3n, protecci\u00f3n e igualaci\u00f3n de superficies de veh\u00edculos.<\/li>\n\n\n\n<li>Efectuar el embellecimiento de superficies.<\/li>\n\n\n\n<li>Mantenimiento de elementos no estructurales de carrocer\u00edas de veh\u00edculos:<\/li>\n\n\n\n<li>Sustituir y\/o reparar elementos amovibles de un veh\u00edculo.<\/li>\n\n\n\n<li>Realizar la reparaci\u00f3n de elementos met\u00e1licos y sint\u00e9ticos.<\/li>\n\n\n\n<li>Sustituir y\/o reparar elementos fijos no estructurales del veh\u00edculo total o parcialmente.<\/li>\n\n\n\n<li>Mantenimiento de estructuras de carrocer\u00edas de veh\u00edculos:<\/li>\n\n\n\n<li>Sustituir elementos fijos del veh\u00edculo total o parcialmente.<\/li>\n\n\n\n<li>Reparar la estructura del veh\u00edculo.<\/li>\n\n\n\n<li>Realizar el conformado de elementos met\u00e1licos y reformas de importancia.<\/li>\n<\/ul>\n\n\n\n<figure class=\"wp-block-embed is-type-video is-provider-youtube wp-block-embed-youtube wp-embed-aspect-4-3 wp-has-aspect-ratio\"><div class=\"wp-block-embed__wrapper\">\n<iframe loading=\"lazy\" title=\"Pintado de una puerta de un veh\u00edculo en la cabina de pintura del IES Gregorio Prieto\" width=\"525\" height=\"394\" src=\"https:\/\/www.youtube.com\/embed\/XOVzV08mFrI?feature=oembed\" frameborder=\"0\" allow=\"accelerometer; autoplay; clipboard-write; encrypted-media; gyroscope; picture-in-picture; web-share\" referrerpolicy=\"strict-origin-when-cross-origin\" allowfullscreen><\/iframe>\n<\/div><\/figure>\n\n\n\n<h2 class=\"wp-block-heading\">Puestos de Trabajo:<\/h2>\n\n\n\n<ul class=\"wp-block-list\">\n<li>Chapista.<\/li>\n\n\n\n<li>Reparador de carrocer\u00eda de autom\u00f3viles, veh\u00edculos pesados, tractores, maquinaria agr\u00edcola, de industrias extractivas, de construcci\u00f3n y obras p\u00fablicas y material ferroviario.<\/li>\n\n\n\n<li>Instalador de lunas y montador de accesorios.<\/li>\n\n\n\n<li>Pintor de carrocer\u00eda de autom\u00f3viles, veh\u00edculos pesados, tractores, maquinaria agr\u00edcola, de industrias extractivas, de construcci\u00f3n y obras p\u00fablicas y material ferroviario.<\/li>\n<\/ul>\n\n\n\n<p><\/p>\n","protected":false},"excerpt":{"rendered":"<p>Duraci\u00f3n: 2.000 horas. 2 cursos acad\u00e9micos Familia Profesional:&nbsp;TRANSPORTE Y MANTENIMIENTO DE VEH\u00cdCULOS Nivel: CICLO FORMATIVO DE GRADO MEDIO 1er&nbsp;CURSO Horas 2\u00ba CURSO horas Elementos amovibles. 196 Preparaci\u00f3n de superficies. 190 Elementos met\u00e1licos y sint\u00e9ticos. 262 Elementos estructurales del veh\u00edculo. 154 Elementos fijos. 292 Embellecimiento de superficies. 230 Mecanizado b\u00e1sico. 64 Formaci\u00f3n en Centros de Trabajo &hellip; <\/p>\n<p class=\"link-more\"><a href=\"https:\/\/somosdelprieto.com\/index.php\/estudios\/ciclos-formativos-de-grado-medio\/tecnico-en-carroceria\/\" class=\"more-link\">Continuar leyendo<span class=\"screen-reader-text\"> \u00abT\u00e9cnico en Carrocer\u00eda\u00bb<\/span><\/a><\/p>\n","protected":false},"author":51,"featured_media":0,"parent":1972,"menu_order":0,"comment_status":"closed","ping_status":"closed","template":"","meta":{"footnotes":""},"class_list":["post-2031","page","type-page","status-publish","hentry"],"_links":{"self":[{"href":"https:\/\/somosdelprieto.com\/index.php\/wp-json\/wp\/v2\/pages\/2031","targetHints":{"allow":["GET"]}}],"collection":[{"href":"https:\/\/somosdelprieto.com\/index.php\/wp-json\/wp\/v2\/pages"}],"about":[{"href":"https:\/\/somosdelprieto.com\/index.php\/wp-json\/wp\/v2\/types\/page"}],"author":[{"embeddable":true,"href":"https:\/\/somosdelprieto.com\/index.php\/wp-json\/wp\/v2\/users\/51"}],"replies":[{"embeddable":true,"href":"https:\/\/somosdelprieto.com\/index.php\/wp-json\/wp\/v2\/comments?post=2031"}],"version-history":[{"count":6,"href":"https:\/\/somosdelprieto.com\/index.php\/wp-json\/wp\/v2\/pages\/2031\/revisions"}],"predecessor-version":[{"id":17324,"href":"https:\/\/somosdelprieto.com\/index.php\/wp-json\/wp\/v2\/pages\/2031\/revisions\/17324"}],"up":[{"embeddable":true,"href":"https:\/\/somosdelprieto.com\/index.php\/wp-json\/wp\/v2\/pages\/1972"}],"wp:attachment":[{"href":"https:\/\/somosdelprieto.com\/index.php\/wp-json\/wp\/v2\/media?parent=2031"}],"curies":[{"name":"wp","href":"https:\/\/api.w.org\/{rel}","templated":true}]}}