{"id":1992,"date":"2020-11-13T13:25:10","date_gmt":"2020-11-13T12:25:10","guid":{"rendered":"https:\/\/somosdelprieto.com\/?page_id=1992"},"modified":"2025-05-14T22:38:24","modified_gmt":"2025-05-14T20:38:24","slug":"tecnico-en-aceites-de-oliva-y-vinos","status":"publish","type":"page","link":"https:\/\/somosdelprieto.com\/index.php\/estudios\/ciclos-formativos-de-grado-medio\/tecnico-en-aceites-de-oliva-y-vinos\/","title":{"rendered":"T\u00e9cnico en Aceites de Oliva y Vinos"},"content":{"rendered":"\n<p><strong>Familia Profesional<\/strong>: INDUSTRIAS ALIMENTARIAS<\/p>\n\n\n\n<figure class=\"wp-block-image size-large\"><a href=\"https:\/\/www.educa.jccm.es\/es\/fpclm\/ciclos-formativos-1\/tecnico-aceites-oliva-vinos\" target=\"_blank\" rel=\"https:\/\/www.educa.jccm.es\/es\/fpclm\/ciclos-formativos-1\/tecnico-aceites-oliva-vinos\"><img loading=\"lazy\" decoding=\"async\" width=\"1024\" height=\"819\" src=\"https:\/\/somosdelprieto.com\/wp-content\/uploads\/2023\/11\/Verde-Menta-Blanco-Circulo-Amante-Gatos-Foto-Collage-1-1-1024x819.png\" alt=\"\" class=\"wp-image-16326\" srcset=\"https:\/\/somosdelprieto.com\/wp-content\/uploads\/2023\/11\/Verde-Menta-Blanco-Circulo-Amante-Gatos-Foto-Collage-1-1-1024x819.png 1024w, https:\/\/somosdelprieto.com\/wp-content\/uploads\/2023\/11\/Verde-Menta-Blanco-Circulo-Amante-Gatos-Foto-Collage-1-1-300x240.png 300w, https:\/\/somosdelprieto.com\/wp-content\/uploads\/2023\/11\/Verde-Menta-Blanco-Circulo-Amante-Gatos-Foto-Collage-1-1-768x614.png 768w, https:\/\/somosdelprieto.com\/wp-content\/uploads\/2023\/11\/Verde-Menta-Blanco-Circulo-Amante-Gatos-Foto-Collage-1-1-1536x1229.png 1536w, https:\/\/somosdelprieto.com\/wp-content\/uploads\/2023\/11\/Verde-Menta-Blanco-Circulo-Amante-Gatos-Foto-Collage-1-1.png 2000w\" sizes=\"auto, (max-width: 767px) 89vw, (max-width: 1000px) 54vw, (max-width: 1071px) 543px, 580px\" \/><\/a><\/figure>\n\n\n\n<p><strong>Nivel<\/strong>: CICLO FORMATIVO DE GRADO MEDIO<\/p>\n\n\n\n<p><strong>Duraci\u00f3n<\/strong>: 2.000 horas. 2 cursos acad\u00e9micos.<\/p>\n\n\n\n<figure class=\"wp-block-image size-large\"><img loading=\"lazy\" decoding=\"async\" width=\"1024\" height=\"835\" src=\"https:\/\/somosdelprieto.com\/wp-content\/uploads\/2025\/05\/image-1-1024x835.png\" alt=\"\" class=\"wp-image-21428\" srcset=\"https:\/\/somosdelprieto.com\/wp-content\/uploads\/2025\/05\/image-1-1024x835.png 1024w, https:\/\/somosdelprieto.com\/wp-content\/uploads\/2025\/05\/image-1-300x245.png 300w, https:\/\/somosdelprieto.com\/wp-content\/uploads\/2025\/05\/image-1-768x626.png 768w, https:\/\/somosdelprieto.com\/wp-content\/uploads\/2025\/05\/image-1-1536x1252.png 1536w, https:\/\/somosdelprieto.com\/wp-content\/uploads\/2025\/05\/image-1.png 1666w\" sizes=\"auto, (max-width: 767px) 89vw, (max-width: 1000px) 54vw, (max-width: 1071px) 543px, 580px\" \/><\/figure>\n\n\n\n<h2 class=\"wp-block-heading\">Competencias:<\/h2>\n\n\n\n<p>Obtenci\u00f3n de aceites de oliva:<\/p>\n\n\n\n<ul class=\"wp-block-list\">\n<li>Conducir los procesos de extracci\u00f3n y realizar las operaciones de refinado y correcci\u00f3n de aceites de oliva.<\/li>\n\n\n\n<li>Controlar el proceso de trasiego y almacenamiento de aceite de oliva en bodega.<\/li>\n<\/ul>\n\n\n\n<p>Elaboraci\u00f3n de vinos y licores:<\/p>\n\n\n\n<ul class=\"wp-block-list\">\n<li>Controlar la materia prima y preparar las instalaciones y la maquinaria de bodega.<\/li>\n\n\n\n<li>Controlar la fermentaci\u00f3n y el acabado de los vinos.<\/li>\n\n\n\n<li>Realizar vinificaciones especiales.<\/li>\n\n\n\n<li>Conducir el proceso de destilaci\u00f3n y elaborar aguardientes y licores.<\/li>\n\n\n\n<li>Controlar el proceso de envasado y acondicionamiento de bebidas.<\/li>\n<\/ul>\n\n\n\n<h2 class=\"wp-block-heading\">Puestos de Trabajo:<\/h2>\n\n\n\n<ul class=\"wp-block-list\">\n<li>Bodeguero, elaborador de vinos, cavas, sidra y otras bebidas y derivados.<\/li>\n\n\n\n<li>Maestro de almazara, extractora y refinado de aceites de oliva.<\/li>\n\n\n\n<li>Recepcionista de materias primas.<\/li>\n\n\n\n<li>Operador de secci\u00f3n de embotellado y\/o envasado.<\/li>\n\n\n\n<li>Auxiliar de laboratorio en almazara y bodegas.<\/li>\n\n\n\n<li>Auxiliar de control de calidad en almazaras y bodegas.<\/li>\n\n\n\n<li>Comercial de almazaras y bodegas.<\/li>\n<\/ul>\n","protected":false},"excerpt":{"rendered":"<p>Familia Profesional: INDUSTRIAS ALIMENTARIAS Nivel: CICLO FORMATIVO DE GRADO MEDIO Duraci\u00f3n: 2.000 horas. 2 cursos acad\u00e9micos. Competencias: Obtenci\u00f3n de aceites de oliva: Elaboraci\u00f3n de vinos y licores: Puestos de Trabajo:<\/p>\n","protected":false},"author":22,"featured_media":0,"parent":1972,"menu_order":0,"comment_status":"closed","ping_status":"closed","template":"","meta":{"footnotes":""},"class_list":["post-1992","page","type-page","status-publish","hentry"],"_links":{"self":[{"href":"https:\/\/somosdelprieto.com\/index.php\/wp-json\/wp\/v2\/pages\/1992","targetHints":{"allow":["GET"]}}],"collection":[{"href":"https:\/\/somosdelprieto.com\/index.php\/wp-json\/wp\/v2\/pages"}],"about":[{"href":"https:\/\/somosdelprieto.com\/index.php\/wp-json\/wp\/v2\/types\/page"}],"author":[{"embeddable":true,"href":"https:\/\/somosdelprieto.com\/index.php\/wp-json\/wp\/v2\/users\/22"}],"replies":[{"embeddable":true,"href":"https:\/\/somosdelprieto.com\/index.php\/wp-json\/wp\/v2\/comments?post=1992"}],"version-history":[{"count":5,"href":"https:\/\/somosdelprieto.com\/index.php\/wp-json\/wp\/v2\/pages\/1992\/revisions"}],"predecessor-version":[{"id":21465,"href":"https:\/\/somosdelprieto.com\/index.php\/wp-json\/wp\/v2\/pages\/1992\/revisions\/21465"}],"up":[{"embeddable":true,"href":"https:\/\/somosdelprieto.com\/index.php\/wp-json\/wp\/v2\/pages\/1972"}],"wp:attachment":[{"href":"https:\/\/somosdelprieto.com\/index.php\/wp-json\/wp\/v2\/media?parent=1992"}],"curies":[{"name":"wp","href":"https:\/\/api.w.org\/{rel}","templated":true}]}}