{"id":1859,"date":"2020-11-05T12:25:40","date_gmt":"2020-11-05T11:25:40","guid":{"rendered":"https:\/\/somosdelprieto.com\/?page_id=1859"},"modified":"2022-05-22T13:52:56","modified_gmt":"2022-05-22T11:52:56","slug":"igualdad-en-el-ies-gregorio-prieto","status":"publish","type":"page","link":"https:\/\/somosdelprieto.com\/index.php\/igualdad-en-el-ies-gregorio-prieto\/","title":{"rendered":"Igualdad en el IES Gregorio Prieto"},"content":{"rendered":"\n<div class=\"wp-block-image\"><figure class=\"aligncenter size-large\"><img decoding=\"async\" src=\"https:\/\/somosdelprieto.com\/wp-content\/uploads\/2020\/11\/logo_igualdad.png\" alt=\"\" class=\"wp-image-1862\"\/><\/figure><\/div>\n\n\n\n<hr class=\"wp-block-separator has-text-color has-background has-very-dark-gray-background-color has-very-dark-gray-color\"\/>\n\n\n\n<h2 class=\"has-vivid-purple-color has-text-color wp-block-heading\">Te damos la bienvenida a nuestro Plan de Igualdad<\/h2>\n\n\n\n<p>El IES Gregorio Prieto presenta su primer Plan de Igualdad y de Prevenci\u00f3n de la Violencia de G\u00e9nero en el marco de las jornadas del 25-N, d\u00eda internacional contra la Violencia de G\u00e9nero.&nbsp;<\/p>\n\n\n\n<p>Este plan nace de la necesidad de dar forma a una respuesta un\u00e1nime a algo que posiblemente llevaba mucho tiempo rondando entre las aulas, entre el alumnado, entre las y los profes, incluso en nuestras familias y en la propia calle.<\/p>\n\n\n\n<p>La igualdad como horizonte es un camino que todas las personas deseamos, puede haber muchas maneras de construir un lugar m\u00e1s justo e igualitario, pero no cabe duda de que para ello necesitamos poner en com\u00fan todo lo que nos une.<\/p>\n\n\n\n<p>La violencia que sufren las mujeres sigue siendo hoy en d\u00eda un reto a nivel global, y es responsabilidad tanto de las instituciones como de la sociedad denunciar y poner fin a esta discriminaci\u00f3n que llevamos a\u00f1os arrastrando. Los colegios e institutos tienen un papel fundamental en crear espacios seguros para las alumnas y los alumnos, donde puedan sentirse libres de violencia, discriminaci\u00f3n, prejuicios y estereotipos.<\/p>\n\n\n\n<p>Este plan tiene como objetivo combatir el machismo que pueda darse en espacios como este, as\u00ed como en nuestras propias experiencias vitales en general. Los <em>micromachismos<\/em> nos afectan a todas las personas en nuestro d\u00eda a d\u00eda, condicionan nuestra manera de pensar, de actuar, de relacionarnos con los dem\u00e1s\u2026 Mientras que a los chicos se les impone un rol basado en una constante necesidad de mostrarse seguros y fuertes, sin poder expresar sus emociones o vulnerabilidad, a las mujeres se las tiende a educar en el cuidado a los dem\u00e1s e incluso en la obediencia. Ninguno de estos roles son negativos en s\u00ed, pero s\u00ed lo es que est\u00e9n asociados al hecho de ser hombre o mujer.<\/p>\n\n\n\n<p class=\"has-very-dark-gray-color has-text-color\">Esta seguridad impuesta a los hombres puede generar necesidad de controlar a otras personas o una sensaci\u00f3n de \u201cfalsa superioridad\u201d frente a aquellas personas que pueden aparentar menos seguridad. De igual modo, el hecho de que las mujeres est\u00e9n expuestas a roles de cuidadoras y a mensajes para que sean complacientes con los dem\u00e1s, puede generar falta de autoestima e inseguridad en s\u00ed mismas. Todo ello, poco a poco, puede ser un caldo de cultivo para acabar reproduciendo o sufriendo violencia machista, y es ah\u00ed donde el IES Gregorio Prieto quiere incidir. Necesitamos pensar otras maneras de relacionarnos m\u00e1s igualitarias, y eso es gracias al feminismo, que, si bien ha sido un movimiento liderado por mujeres que alzan la voz para denunciar la violencia que sufren en todo el mundo, tiene como reto sumar tambi\u00e9n a los hombres a una lucha que es compartida y de la que todas y todos salimos ganando.<\/p>\n\n\n\n<p><span class=\"has-inline-color has-luminous-vivid-orange-color\"><strong><a rel=\"noreferrer noopener\" href=\"https:\/\/somosdelprieto.com\/index.php\/category\/igualdad\/\" target=\"_blank\">NOTICIAS DE IGUALDAD EN EL IES GREGORIO PRIETO<\/a><\/strong><\/span><\/p>\n\n\n\n<figure class=\"wp-block-gallery columns-3 is-cropped wp-block-gallery-1 is-layout-flex wp-block-gallery-is-layout-flex\"><ul class=\"blocks-gallery-grid\"><li class=\"blocks-gallery-item\"><figure><img loading=\"lazy\" decoding=\"async\" width=\"720\" height=\"1024\" src=\"https:\/\/somosdelprieto.com\/wp-content\/uploads\/2022\/05\/Captura-DESNUDA-1-720x1024.jpg\" alt=\"\" data-id=\"11253\" data-full-url=\"https:\/\/somosdelprieto.com\/wp-content\/uploads\/2022\/05\/Captura-DESNUDA-1.jpg\" data-link=\"https:\/\/somosdelprieto.com\/index.php\/igualdad-en-el-ies-gregorio-prieto\/captura-desnuda-1\/\" class=\"wp-image-11253\" srcset=\"https:\/\/somosdelprieto.com\/wp-content\/uploads\/2022\/05\/Captura-DESNUDA-1-720x1024.jpg 720w, https:\/\/somosdelprieto.com\/wp-content\/uploads\/2022\/05\/Captura-DESNUDA-1-211x300.jpg 211w, https:\/\/somosdelprieto.com\/wp-content\/uploads\/2022\/05\/Captura-DESNUDA-1-768x1093.jpg 768w, https:\/\/somosdelprieto.com\/wp-content\/uploads\/2022\/05\/Captura-DESNUDA-1.jpg 776w\" sizes=\"auto, (max-width: 720px) 100vw, 720px\" \/><figcaption class=\"blocks-gallery-item__caption\"><span class=\"has-inline-color has-white-color\">Te va a gustar<\/span>, lo tienes en la biblioteca<\/figcaption><\/figure><\/li><li class=\"blocks-gallery-item\"><figure><img loading=\"lazy\" decoding=\"async\" width=\"720\" height=\"1024\" src=\"https:\/\/somosdelprieto.com\/wp-content\/uploads\/2022\/05\/Captura-SI-ES-AMOR-NO-DUELE-2-720x1024.jpg\" alt=\"\" data-id=\"11259\" data-full-url=\"https:\/\/somosdelprieto.com\/wp-content\/uploads\/2022\/05\/Captura-SI-ES-AMOR-NO-DUELE-2.jpg\" data-link=\"https:\/\/somosdelprieto.com\/index.php\/igualdad-en-el-ies-gregorio-prieto\/captura-si-es-amor-no-duele-2\/\" class=\"wp-image-11259\" srcset=\"https:\/\/somosdelprieto.com\/wp-content\/uploads\/2022\/05\/Captura-SI-ES-AMOR-NO-DUELE-2-720x1024.jpg 720w, https:\/\/somosdelprieto.com\/wp-content\/uploads\/2022\/05\/Captura-SI-ES-AMOR-NO-DUELE-2-211x300.jpg 211w, https:\/\/somosdelprieto.com\/wp-content\/uploads\/2022\/05\/Captura-SI-ES-AMOR-NO-DUELE-2-768x1092.jpg 768w, https:\/\/somosdelprieto.com\/wp-content\/uploads\/2022\/05\/Captura-SI-ES-AMOR-NO-DUELE-2.jpg 778w\" sizes=\"auto, (max-width: 720px) 100vw, 720px\" \/><figcaption class=\"blocks-gallery-item__caption\">Porque el amor no duele<\/figcaption><\/figure><\/li><li class=\"blocks-gallery-item\"><figure><img loading=\"lazy\" decoding=\"async\" width=\"689\" height=\"1024\" src=\"https:\/\/somosdelprieto.com\/wp-content\/uploads\/2022\/05\/Captura-ESO-NO-ES-AMOR-1-689x1024.jpg\" alt=\"\" data-id=\"11254\" data-full-url=\"https:\/\/somosdelprieto.com\/wp-content\/uploads\/2022\/05\/Captura-ESO-NO-ES-AMOR-1.jpg\" data-link=\"https:\/\/somosdelprieto.com\/index.php\/igualdad-en-el-ies-gregorio-prieto\/captura-eso-no-es-amor-1\/\" class=\"wp-image-11254\" srcset=\"https:\/\/somosdelprieto.com\/wp-content\/uploads\/2022\/05\/Captura-ESO-NO-ES-AMOR-1-689x1024.jpg 689w, https:\/\/somosdelprieto.com\/wp-content\/uploads\/2022\/05\/Captura-ESO-NO-ES-AMOR-1-202x300.jpg 202w, https:\/\/somosdelprieto.com\/wp-content\/uploads\/2022\/05\/Captura-ESO-NO-ES-AMOR-1.jpg 756w\" sizes=\"auto, (max-width: 689px) 100vw, 689px\" \/><figcaption class=\"blocks-gallery-item__caption\"><strong>Eliminando mitos<\/strong>, tambi\u00e9n en tu biblioteca<\/figcaption><\/figure><\/li><\/ul><\/figure>\n\n\n\n<div class=\"wp-block-group\"><div class=\"wp-block-group__inner-container is-layout-flow wp-block-group-is-layout-flow\">\n<div class=\"wp-block-columns is-layout-flex wp-container-core-columns-is-layout-9d6595d7 wp-block-columns-is-layout-flex\">\n<div class=\"wp-block-column is-layout-flow wp-block-column-is-layout-flow\" style=\"flex-basis:100%\">\n<div class=\"wp-block-buttons is-content-justification-center is-layout-flex wp-block-buttons-is-layout-flex\">\n<div class=\"wp-block-button is-style-fill\"><a class=\"wp-block-button__link has-black-color has-vivid-purple-background-color has-text-color has-background\" href=\"https:\/\/drive.google.com\/file\/d\/1bXEOPup-TrJEW-T_l0fAP1zANodcF_3B\/view?usp=sharing\">Mira este v\u00eddeo del 25N 2021<\/a><\/div>\n\n\n\n<div class=\"wp-block-button\"><a class=\"wp-block-button__link has-cyan-bluish-gray-color has-vivid-red-background-color has-text-color has-background\" href=\"https:\/\/drive.google.com\/file\/d\/1bqt2WYozN4wKamuE_LIZhLsoW76VgETf\/view?usp=sharing\">Aqu\u00ed puedes ver algunas de nuestros trabajos<\/a><\/div>\n<\/div>\n<\/div>\n<\/div>\n<\/div><\/div>\n\n\n\n<div class=\"wp-block-image\"><figure class=\"alignleft size-large is-resized\"><a href=\"https:\/\/somosdelprieto.com\/?page_id=11205\"><img loading=\"lazy\" decoding=\"async\" src=\"https:\/\/somosdelprieto.com\/wp-content\/uploads\/2022\/05\/HABLAMOS-DE-MUJERES-2-1024x724.jpg\" alt=\"\" class=\"wp-image-11201\" width=\"304\" height=\"212\"\/><\/a><figcaption>           <strong>Mujeres en la historia<\/strong><\/figcaption><\/figure><\/div>\n\n\n\n<figure class=\"wp-block-image size-large is-resized\"><a href=\"https:\/\/somosdelprieto.com\/index.php\/nuestras-pizarras-de-igualdad\/\"><img loading=\"lazy\" decoding=\"async\" src=\"https:\/\/somosdelprieto.com\/wp-content\/uploads\/2022\/05\/Mujer_y_ciencia_20212022-1-1024x870.jpeg\" alt=\"\" class=\"wp-image-11004\" width=\"236\" height=\"198\"\/><\/a><figcaption>                                                                                                                           <strong><span class=\"has-inline-color has-vivid-purple-color\">Nuestras pizarras de Igualdad<\/span><\/strong><\/figcaption><\/figure>\n\n\n\n<div class=\"wp-block-buttons is-layout-flex wp-block-buttons-is-layout-flex\">\n<div class=\"wp-block-button\"><a class=\"wp-block-button__link has-white-color has-vivid-red-background-color has-text-color has-background\" href=\"https:\/\/somosdelprieto.com\/?page_id=11218\">Nuestros p\u00f3ster<\/a><\/div>\n<\/div>\n\n\n\n<div class=\"wp-block-buttons is-layout-flex wp-block-buttons-is-layout-flex\">\n<div class=\"wp-block-button\"><a class=\"wp-block-button__link has-very-dark-gray-color has-luminous-vivid-amber-background-color has-text-color has-background\" href=\"https:\/\/drive.google.com\/drive\/folders\/12PnBddZAY8sgmm9lrYrjxqQgGWLGjJ1Z?usp=sharing\">Recursos y gu\u00edas<\/a><\/div>\n<\/div>\n\n\n\n<div class=\"wp-block-buttons is-layout-flex wp-block-buttons-is-layout-flex\">\n<div class=\"wp-block-button is-style-fill\"><a class=\"wp-block-button__link has-black-color has-vivid-green-cyan-background-color has-text-color has-background\" href=\"https:\/\/drive.google.com\/drive\/u\/1\/folders\/1uCRqDJthp9hp1xTme_b7EkP2qJLTBasY\">Relatos y documentos<\/a><\/div>\n<\/div>\n\n\n\n<div class=\"wp-block-buttons is-layout-flex wp-block-buttons-is-layout-flex\">\n<div class=\"wp-block-button\"><a class=\"wp-block-button__link has-vivid-purple-background-color has-background\" href=\"https:\/\/somosdelprieto.com\/index.php\/fotos-8m-2020\/\">Aqu\u00ed ver\u00e1s fotos del 8M 2020<\/a><\/div>\n<\/div>\n\n\n\n<div class=\"wp-block-buttons is-layout-flex wp-block-buttons-is-layout-flex\">\n<div class=\"wp-block-button\"><a class=\"wp-block-button__link has-pale-cyan-blue-color has-vivid-red-background-color has-text-color has-background\" href=\"https:\/\/somosdelprieto.com\/index.php\/fotos-actividades-del-curso-2019-2020\/\">Fotos de actividades curso 2019\/2020<\/a><\/div>\n<\/div>\n\n\n\n<div class=\"wp-block-buttons is-layout-flex wp-block-buttons-is-layout-flex\">\n<div class=\"wp-block-button\"><a class=\"wp-block-button__link has-vivid-purple-background-color has-background\" href=\"https:\/\/somosdelprieto.com\/index.php\/fotos-25n\/\">Fotos  25N 2020<\/a><\/div>\n<\/div>\n\n\n\n<div class=\"wp-block-buttons is-layout-flex wp-block-buttons-is-layout-flex\">\n<div class=\"wp-block-button\"><a class=\"wp-block-button__link has-vivid-purple-background-color has-background\" href=\"https:\/\/somosdelprieto.com\/?page_id=4295\">Fotos 25N 2019<\/a><\/div>\n<\/div>\n\n\n\n<div class=\"wp-block-buttons is-layout-flex wp-block-buttons-is-layout-flex\"><\/div>\n\n\n\n<p><\/p>\n","protected":false},"excerpt":{"rendered":"<p>Te damos la bienvenida a nuestro Plan de Igualdad El IES Gregorio Prieto presenta su primer Plan de Igualdad y de Prevenci\u00f3n de la Violencia de G\u00e9nero en el marco de las jornadas del 25-N, d\u00eda internacional contra la Violencia de G\u00e9nero.&nbsp; Este plan nace de la necesidad de dar forma a una respuesta un\u00e1nime &hellip; <\/p>\n<p class=\"link-more\"><a href=\"https:\/\/somosdelprieto.com\/index.php\/igualdad-en-el-ies-gregorio-prieto\/\" class=\"more-link\">Continuar leyendo<span class=\"screen-reader-text\"> \u00abIgualdad en el IES Gregorio Prieto\u00bb<\/span><\/a><\/p>\n","protected":false},"author":15,"featured_media":0,"parent":0,"menu_order":12,"comment_status":"closed","ping_status":"closed","template":"","meta":{"footnotes":""},"class_list":["post-1859","page","type-page","status-publish","hentry"],"_links":{"self":[{"href":"https:\/\/somosdelprieto.com\/index.php\/wp-json\/wp\/v2\/pages\/1859","targetHints":{"allow":["GET"]}}],"collection":[{"href":"https:\/\/somosdelprieto.com\/index.php\/wp-json\/wp\/v2\/pages"}],"about":[{"href":"https:\/\/somosdelprieto.com\/index.php\/wp-json\/wp\/v2\/types\/page"}],"author":[{"embeddable":true,"href":"https:\/\/somosdelprieto.com\/index.php\/wp-json\/wp\/v2\/users\/15"}],"replies":[{"embeddable":true,"href":"https:\/\/somosdelprieto.com\/index.php\/wp-json\/wp\/v2\/comments?post=1859"}],"version-history":[{"count":41,"href":"https:\/\/somosdelprieto.com\/index.php\/wp-json\/wp\/v2\/pages\/1859\/revisions"}],"predecessor-version":[{"id":11266,"href":"https:\/\/somosdelprieto.com\/index.php\/wp-json\/wp\/v2\/pages\/1859\/revisions\/11266"}],"wp:attachment":[{"href":"https:\/\/somosdelprieto.com\/index.php\/wp-json\/wp\/v2\/media?parent=1859"}],"curies":[{"name":"wp","href":"https:\/\/api.w.org\/{rel}","templated":true}]}}