{"id":18189,"date":"2024-05-02T22:04:35","date_gmt":"2024-05-02T20:04:35","guid":{"rendered":"https:\/\/somosdelprieto.com\/?page_id=18189"},"modified":"2024-05-02T22:10:27","modified_gmt":"2024-05-02T20:10:27","slug":"talleres-de-creatividad-y-emprendimiento-curso-23-24","status":"publish","type":"page","link":"https:\/\/somosdelprieto.com\/index.php\/talleres-de-creatividad-y-emprendimiento-curso-23-24\/","title":{"rendered":"TALLERES DE CREATIVIDAD Y EMPRENDIMIENTO CURSO 23-24"},"content":{"rendered":"\n<p>Durante el curso actual tambi\u00e9n nos encontramos organizando para todo el alumnado de 1-2-3 ESO nuestros talleres de creatividad  y emprendimiento. Dichos talleres tienen lugar durante los meses de abril y mayo.<\/p>\n\n\n\n<p>Nuestros chicos y chicas sacan a la luz sus mejores ideas, su mejor organizaci\u00f3n, su mejor madera de l\u00edder, etc., para poder superar los retos que les vamos proponiendo.  Agradecemos a tod@s su participaci\u00f3n, as\u00ed como su implicaci\u00f3n en el proyecto.<\/p>\n\n\n\n<p>Por aqu\u00ed os dejamos un resumen de \u00ablos mejores momentos\u00bb.<\/p>\n\n\n\n<figure class=\"wp-block-gallery has-nested-images columns-default is-cropped wp-block-gallery-1 is-layout-flex wp-block-gallery-is-layout-flex\">\n<figure class=\"wp-block-image size-large\"><img loading=\"lazy\" decoding=\"async\" width=\"768\" height=\"1024\" data-id=\"18190\" src=\"https:\/\/somosdelprieto.com\/wp-content\/uploads\/2024\/05\/storage_emulated_0_Android_data_com.miui_.gallery_cache_SecurityShare_1714586311597.jpg\" alt=\"\" class=\"wp-image-18190\" srcset=\"https:\/\/somosdelprieto.com\/wp-content\/uploads\/2024\/05\/storage_emulated_0_Android_data_com.miui_.gallery_cache_SecurityShare_1714586311597.jpg 768w, https:\/\/somosdelprieto.com\/wp-content\/uploads\/2024\/05\/storage_emulated_0_Android_data_com.miui_.gallery_cache_SecurityShare_1714586311597-225x300.jpg 225w\" sizes=\"auto, (max-width: 767px) 89vw, (max-width: 1000px) 54vw, (max-width: 1071px) 543px, 580px\" \/><\/figure>\n\n\n\n<figure class=\"wp-block-image size-large\"><img loading=\"lazy\" decoding=\"async\" width=\"768\" height=\"1024\" data-id=\"18199\" src=\"https:\/\/somosdelprieto.com\/wp-content\/uploads\/2024\/05\/1714586164851-768x1024.jpg\" alt=\"\" class=\"wp-image-18199\" srcset=\"https:\/\/somosdelprieto.com\/wp-content\/uploads\/2024\/05\/1714586164851-768x1024.jpg 768w, https:\/\/somosdelprieto.com\/wp-content\/uploads\/2024\/05\/1714586164851-225x300.jpg 225w, https:\/\/somosdelprieto.com\/wp-content\/uploads\/2024\/05\/1714586164851-1152x1536.jpg 1152w, https:\/\/somosdelprieto.com\/wp-content\/uploads\/2024\/05\/1714586164851.jpg 1200w\" sizes=\"auto, (max-width: 767px) 89vw, (max-width: 1000px) 54vw, (max-width: 1071px) 543px, 580px\" \/><\/figure>\n\n\n\n<figure class=\"wp-block-image size-large\"><img loading=\"lazy\" decoding=\"async\" width=\"768\" height=\"1024\" data-id=\"18193\" src=\"https:\/\/somosdelprieto.com\/wp-content\/uploads\/2024\/05\/1714586164869-768x1024.jpg\" alt=\"\" class=\"wp-image-18193\" srcset=\"https:\/\/somosdelprieto.com\/wp-content\/uploads\/2024\/05\/1714586164869-768x1024.jpg 768w, https:\/\/somosdelprieto.com\/wp-content\/uploads\/2024\/05\/1714586164869-225x300.jpg 225w, https:\/\/somosdelprieto.com\/wp-content\/uploads\/2024\/05\/1714586164869-1152x1536.jpg 1152w, https:\/\/somosdelprieto.com\/wp-content\/uploads\/2024\/05\/1714586164869.jpg 1200w\" sizes=\"auto, (max-width: 767px) 89vw, (max-width: 1000px) 54vw, (max-width: 1071px) 543px, 580px\" \/><\/figure>\n\n\n\n<figure class=\"wp-block-image size-large\"><img loading=\"lazy\" decoding=\"async\" width=\"768\" height=\"1024\" data-id=\"18200\" src=\"https:\/\/somosdelprieto.com\/wp-content\/uploads\/2024\/05\/1714586164890-768x1024.jpg\" alt=\"\" class=\"wp-image-18200\" srcset=\"https:\/\/somosdelprieto.com\/wp-content\/uploads\/2024\/05\/1714586164890-768x1024.jpg 768w, https:\/\/somosdelprieto.com\/wp-content\/uploads\/2024\/05\/1714586164890-225x300.jpg 225w, https:\/\/somosdelprieto.com\/wp-content\/uploads\/2024\/05\/1714586164890-1152x1536.jpg 1152w, https:\/\/somosdelprieto.com\/wp-content\/uploads\/2024\/05\/1714586164890.jpg 1200w\" sizes=\"auto, (max-width: 767px) 89vw, (max-width: 1000px) 54vw, (max-width: 1071px) 543px, 580px\" \/><\/figure>\n\n\n\n<figure class=\"wp-block-image size-large\"><img loading=\"lazy\" decoding=\"async\" width=\"1024\" height=\"768\" data-id=\"18214\" src=\"https:\/\/somosdelprieto.com\/wp-content\/uploads\/2024\/05\/1714586165091-1024x768.jpg\" alt=\"\" class=\"wp-image-18214\" srcset=\"https:\/\/somosdelprieto.com\/wp-content\/uploads\/2024\/05\/1714586165091-1024x768.jpg 1024w, https:\/\/somosdelprieto.com\/wp-content\/uploads\/2024\/05\/1714586165091-300x225.jpg 300w, https:\/\/somosdelprieto.com\/wp-content\/uploads\/2024\/05\/1714586165091-768x576.jpg 768w, https:\/\/somosdelprieto.com\/wp-content\/uploads\/2024\/05\/1714586165091-1536x1152.jpg 1536w, https:\/\/somosdelprieto.com\/wp-content\/uploads\/2024\/05\/1714586165091-2048x1536.jpg 2048w\" sizes=\"auto, (max-width: 767px) 89vw, (max-width: 1000px) 54vw, (max-width: 1071px) 543px, 580px\" \/><\/figure>\n\n\n\n<figure class=\"wp-block-image size-large\"><img loading=\"lazy\" decoding=\"async\" width=\"1024\" height=\"768\" data-id=\"18219\" src=\"https:\/\/somosdelprieto.com\/wp-content\/uploads\/2024\/05\/1714586254771-2-1024x768.jpg\" alt=\"\" class=\"wp-image-18219\" srcset=\"https:\/\/somosdelprieto.com\/wp-content\/uploads\/2024\/05\/1714586254771-2-1024x768.jpg 1024w, https:\/\/somosdelprieto.com\/wp-content\/uploads\/2024\/05\/1714586254771-2-300x225.jpg 300w, https:\/\/somosdelprieto.com\/wp-content\/uploads\/2024\/05\/1714586254771-2-768x576.jpg 768w, https:\/\/somosdelprieto.com\/wp-content\/uploads\/2024\/05\/1714586254771-2-1536x1152.jpg 1536w, https:\/\/somosdelprieto.com\/wp-content\/uploads\/2024\/05\/1714586254771-2-2048x1536.jpg 2048w\" sizes=\"auto, (max-width: 767px) 89vw, (max-width: 1000px) 54vw, (max-width: 1071px) 543px, 580px\" \/><\/figure>\n\n\n\n<figure class=\"wp-block-image size-large\"><img loading=\"lazy\" decoding=\"async\" width=\"1024\" height=\"768\" data-id=\"18223\" src=\"https:\/\/somosdelprieto.com\/wp-content\/uploads\/2024\/05\/1714586165144-1-1024x768.jpg\" alt=\"\" class=\"wp-image-18223\" srcset=\"https:\/\/somosdelprieto.com\/wp-content\/uploads\/2024\/05\/1714586165144-1-1024x768.jpg 1024w, https:\/\/somosdelprieto.com\/wp-content\/uploads\/2024\/05\/1714586165144-1-300x225.jpg 300w, https:\/\/somosdelprieto.com\/wp-content\/uploads\/2024\/05\/1714586165144-1-768x576.jpg 768w, https:\/\/somosdelprieto.com\/wp-content\/uploads\/2024\/05\/1714586165144-1-1536x1152.jpg 1536w, https:\/\/somosdelprieto.com\/wp-content\/uploads\/2024\/05\/1714586165144-1-2048x1536.jpg 2048w\" sizes=\"auto, (max-width: 767px) 89vw, (max-width: 1000px) 54vw, (max-width: 1071px) 543px, 580px\" \/><\/figure>\n\n\n\n<figure class=\"wp-block-image size-large\"><img loading=\"lazy\" decoding=\"async\" width=\"768\" height=\"1024\" data-id=\"18194\" src=\"https:\/\/somosdelprieto.com\/wp-content\/uploads\/2024\/05\/1714586254272-768x1024.jpg\" alt=\"\" class=\"wp-image-18194\" srcset=\"https:\/\/somosdelprieto.com\/wp-content\/uploads\/2024\/05\/1714586254272-768x1024.jpg 768w, https:\/\/somosdelprieto.com\/wp-content\/uploads\/2024\/05\/1714586254272-225x300.jpg 225w, https:\/\/somosdelprieto.com\/wp-content\/uploads\/2024\/05\/1714586254272-1152x1536.jpg 1152w, https:\/\/somosdelprieto.com\/wp-content\/uploads\/2024\/05\/1714586254272.jpg 1200w\" sizes=\"auto, (max-width: 767px) 89vw, (max-width: 1000px) 54vw, (max-width: 1071px) 543px, 580px\" \/><\/figure>\n\n\n\n<figure class=\"wp-block-image size-large\"><img loading=\"lazy\" decoding=\"async\" width=\"768\" height=\"1024\" data-id=\"18197\" src=\"https:\/\/somosdelprieto.com\/wp-content\/uploads\/2024\/05\/1714586254504-768x1024.jpg\" alt=\"\" class=\"wp-image-18197\" srcset=\"https:\/\/somosdelprieto.com\/wp-content\/uploads\/2024\/05\/1714586254504-768x1024.jpg 768w, https:\/\/somosdelprieto.com\/wp-content\/uploads\/2024\/05\/1714586254504-225x300.jpg 225w, https:\/\/somosdelprieto.com\/wp-content\/uploads\/2024\/05\/1714586254504-1152x1536.jpg 1152w, https:\/\/somosdelprieto.com\/wp-content\/uploads\/2024\/05\/1714586254504.jpg 1200w\" sizes=\"auto, (max-width: 767px) 89vw, (max-width: 1000px) 54vw, (max-width: 1071px) 543px, 580px\" \/><\/figure>\n\n\n\n<figure class=\"wp-block-image size-large\"><img loading=\"lazy\" decoding=\"async\" width=\"768\" height=\"1024\" data-id=\"18196\" src=\"https:\/\/somosdelprieto.com\/wp-content\/uploads\/2024\/05\/1714586254540-768x1024.jpg\" alt=\"\" class=\"wp-image-18196\" srcset=\"https:\/\/somosdelprieto.com\/wp-content\/uploads\/2024\/05\/1714586254540-768x1024.jpg 768w, https:\/\/somosdelprieto.com\/wp-content\/uploads\/2024\/05\/1714586254540-225x300.jpg 225w, https:\/\/somosdelprieto.com\/wp-content\/uploads\/2024\/05\/1714586254540-1152x1536.jpg 1152w, https:\/\/somosdelprieto.com\/wp-content\/uploads\/2024\/05\/1714586254540.jpg 1200w\" sizes=\"auto, (max-width: 767px) 89vw, (max-width: 1000px) 54vw, (max-width: 1071px) 543px, 580px\" \/><\/figure>\n\n\n\n<figure class=\"wp-block-image size-large\"><img loading=\"lazy\" decoding=\"async\" width=\"768\" height=\"1024\" data-id=\"18198\" src=\"https:\/\/somosdelprieto.com\/wp-content\/uploads\/2024\/05\/1714586254644-768x1024.jpg\" alt=\"\" class=\"wp-image-18198\" srcset=\"https:\/\/somosdelprieto.com\/wp-content\/uploads\/2024\/05\/1714586254644-768x1024.jpg 768w, https:\/\/somosdelprieto.com\/wp-content\/uploads\/2024\/05\/1714586254644-225x300.jpg 225w, https:\/\/somosdelprieto.com\/wp-content\/uploads\/2024\/05\/1714586254644-1152x1536.jpg 1152w, https:\/\/somosdelprieto.com\/wp-content\/uploads\/2024\/05\/1714586254644.jpg 1200w\" sizes=\"auto, (max-width: 767px) 89vw, (max-width: 1000px) 54vw, (max-width: 1071px) 543px, 580px\" \/><\/figure>\n\n\n\n<figure class=\"wp-block-image size-large\"><img loading=\"lazy\" decoding=\"async\" width=\"768\" height=\"1024\" data-id=\"18195\" src=\"https:\/\/somosdelprieto.com\/wp-content\/uploads\/2024\/05\/1714586254733-768x1024.jpg\" alt=\"\" class=\"wp-image-18195\" srcset=\"https:\/\/somosdelprieto.com\/wp-content\/uploads\/2024\/05\/1714586254733-768x1024.jpg 768w, https:\/\/somosdelprieto.com\/wp-content\/uploads\/2024\/05\/1714586254733-225x300.jpg 225w, https:\/\/somosdelprieto.com\/wp-content\/uploads\/2024\/05\/1714586254733-1152x1536.jpg 1152w, https:\/\/somosdelprieto.com\/wp-content\/uploads\/2024\/05\/1714586254733.jpg 1200w\" sizes=\"auto, (max-width: 767px) 89vw, (max-width: 1000px) 54vw, (max-width: 1071px) 543px, 580px\" \/><\/figure>\n\n\n\n\n\n\n\n\n\n<figure class=\"wp-block-image size-large\"><img loading=\"lazy\" decoding=\"async\" width=\"1024\" height=\"768\" data-id=\"18206\" src=\"https:\/\/somosdelprieto.com\/wp-content\/uploads\/2024\/05\/1714586254966-1024x768.jpg\" alt=\"\" class=\"wp-image-18206\" srcset=\"https:\/\/somosdelprieto.com\/wp-content\/uploads\/2024\/05\/1714586254966-1024x768.jpg 1024w, https:\/\/somosdelprieto.com\/wp-content\/uploads\/2024\/05\/1714586254966-300x225.jpg 300w, https:\/\/somosdelprieto.com\/wp-content\/uploads\/2024\/05\/1714586254966-768x576.jpg 768w, https:\/\/somosdelprieto.com\/wp-content\/uploads\/2024\/05\/1714586254966-1536x1152.jpg 1536w, https:\/\/somosdelprieto.com\/wp-content\/uploads\/2024\/05\/1714586254966-2048x1536.jpg 2048w\" sizes=\"auto, (max-width: 767px) 89vw, (max-width: 1000px) 54vw, (max-width: 1071px) 543px, 580px\" \/><\/figure>\n\n\n\n<figure class=\"wp-block-image size-large\"><img loading=\"lazy\" decoding=\"async\" width=\"768\" height=\"1024\" data-id=\"18192\" src=\"https:\/\/somosdelprieto.com\/wp-content\/uploads\/2024\/05\/1714586311522.jpg\" alt=\"\" class=\"wp-image-18192\" srcset=\"https:\/\/somosdelprieto.com\/wp-content\/uploads\/2024\/05\/1714586311522.jpg 768w, https:\/\/somosdelprieto.com\/wp-content\/uploads\/2024\/05\/1714586311522-225x300.jpg 225w\" sizes=\"auto, (max-width: 767px) 89vw, (max-width: 1000px) 54vw, (max-width: 1071px) 543px, 580px\" \/><\/figure>\n\n\n\n<figure class=\"wp-block-image size-large\"><img loading=\"lazy\" decoding=\"async\" width=\"768\" height=\"1024\" data-id=\"18191\" src=\"https:\/\/somosdelprieto.com\/wp-content\/uploads\/2024\/05\/1714586311758.jpg\" alt=\"\" class=\"wp-image-18191\" srcset=\"https:\/\/somosdelprieto.com\/wp-content\/uploads\/2024\/05\/1714586311758.jpg 768w, https:\/\/somosdelprieto.com\/wp-content\/uploads\/2024\/05\/1714586311758-225x300.jpg 225w\" sizes=\"auto, (max-width: 767px) 89vw, (max-width: 1000px) 54vw, (max-width: 1071px) 543px, 580px\" \/><\/figure>\n\n\n\n<figure class=\"wp-block-image size-large\"><img loading=\"lazy\" decoding=\"async\" width=\"1024\" height=\"768\" data-id=\"18215\" src=\"https:\/\/somosdelprieto.com\/wp-content\/uploads\/2024\/05\/1714586312004-1024x768.jpg\" alt=\"\" class=\"wp-image-18215\" srcset=\"https:\/\/somosdelprieto.com\/wp-content\/uploads\/2024\/05\/1714586312004-1024x768.jpg 1024w, https:\/\/somosdelprieto.com\/wp-content\/uploads\/2024\/05\/1714586312004-300x225.jpg 300w, https:\/\/somosdelprieto.com\/wp-content\/uploads\/2024\/05\/1714586312004-768x576.jpg 768w, https:\/\/somosdelprieto.com\/wp-content\/uploads\/2024\/05\/1714586312004-1536x1152.jpg 1536w, https:\/\/somosdelprieto.com\/wp-content\/uploads\/2024\/05\/1714586312004-2048x1536.jpg 2048w\" sizes=\"auto, (max-width: 767px) 89vw, (max-width: 1000px) 54vw, (max-width: 1071px) 543px, 580px\" \/><\/figure>\n\n\n\n<figure class=\"wp-block-image size-large\"><img loading=\"lazy\" decoding=\"async\" width=\"1024\" height=\"768\" data-id=\"18205\" src=\"https:\/\/somosdelprieto.com\/wp-content\/uploads\/2024\/05\/1714586312067-1024x768.jpg\" alt=\"\" class=\"wp-image-18205\" srcset=\"https:\/\/somosdelprieto.com\/wp-content\/uploads\/2024\/05\/1714586312067-1024x768.jpg 1024w, https:\/\/somosdelprieto.com\/wp-content\/uploads\/2024\/05\/1714586312067-300x225.jpg 300w, https:\/\/somosdelprieto.com\/wp-content\/uploads\/2024\/05\/1714586312067-768x576.jpg 768w, https:\/\/somosdelprieto.com\/wp-content\/uploads\/2024\/05\/1714586312067-1536x1152.jpg 1536w, https:\/\/somosdelprieto.com\/wp-content\/uploads\/2024\/05\/1714586312067-2048x1536.jpg 2048w\" sizes=\"auto, (max-width: 767px) 89vw, (max-width: 1000px) 54vw, (max-width: 1071px) 543px, 580px\" \/><\/figure>\n\n\n\n<figure class=\"wp-block-image size-large\"><img loading=\"lazy\" decoding=\"async\" width=\"1024\" height=\"768\" data-id=\"18210\" src=\"https:\/\/somosdelprieto.com\/wp-content\/uploads\/2024\/05\/1714586312112-1024x768.jpg\" alt=\"\" class=\"wp-image-18210\" srcset=\"https:\/\/somosdelprieto.com\/wp-content\/uploads\/2024\/05\/1714586312112-1024x768.jpg 1024w, https:\/\/somosdelprieto.com\/wp-content\/uploads\/2024\/05\/1714586312112-300x225.jpg 300w, https:\/\/somosdelprieto.com\/wp-content\/uploads\/2024\/05\/1714586312112-768x576.jpg 768w, https:\/\/somosdelprieto.com\/wp-content\/uploads\/2024\/05\/1714586312112-1536x1152.jpg 1536w, https:\/\/somosdelprieto.com\/wp-content\/uploads\/2024\/05\/1714586312112-2048x1536.jpg 2048w\" sizes=\"auto, (max-width: 767px) 89vw, (max-width: 1000px) 54vw, (max-width: 1071px) 543px, 580px\" \/><\/figure>\n\n\n\n<figure class=\"wp-block-image size-large\"><img loading=\"lazy\" decoding=\"async\" width=\"768\" height=\"1024\" data-id=\"18217\" src=\"https:\/\/somosdelprieto.com\/wp-content\/uploads\/2024\/05\/1714586312199-1-768x1024.jpg\" alt=\"\" class=\"wp-image-18217\" srcset=\"https:\/\/somosdelprieto.com\/wp-content\/uploads\/2024\/05\/1714586312199-1-768x1024.jpg 768w, https:\/\/somosdelprieto.com\/wp-content\/uploads\/2024\/05\/1714586312199-1-225x300.jpg 225w, https:\/\/somosdelprieto.com\/wp-content\/uploads\/2024\/05\/1714586312199-1-1152x1536.jpg 1152w, https:\/\/somosdelprieto.com\/wp-content\/uploads\/2024\/05\/1714586312199-1-1536x2048.jpg 1536w, https:\/\/somosdelprieto.com\/wp-content\/uploads\/2024\/05\/1714586312199-1-scaled.jpg 1920w\" sizes=\"auto, (max-width: 767px) 89vw, (max-width: 1000px) 54vw, (max-width: 1071px) 543px, 580px\" \/><\/figure>\n\n\n\n<figure class=\"wp-block-image size-large\"><img loading=\"lazy\" decoding=\"async\" width=\"1024\" height=\"768\" data-id=\"18216\" src=\"https:\/\/somosdelprieto.com\/wp-content\/uploads\/2024\/05\/1714586312254-1-1024x768.jpg\" alt=\"\" class=\"wp-image-18216\" srcset=\"https:\/\/somosdelprieto.com\/wp-content\/uploads\/2024\/05\/1714586312254-1-1024x768.jpg 1024w, https:\/\/somosdelprieto.com\/wp-content\/uploads\/2024\/05\/1714586312254-1-300x225.jpg 300w, https:\/\/somosdelprieto.com\/wp-content\/uploads\/2024\/05\/1714586312254-1-768x576.jpg 768w, https:\/\/somosdelprieto.com\/wp-content\/uploads\/2024\/05\/1714586312254-1-1536x1152.jpg 1536w, https:\/\/somosdelprieto.com\/wp-content\/uploads\/2024\/05\/1714586312254-1-2048x1536.jpg 2048w\" sizes=\"auto, (max-width: 767px) 89vw, (max-width: 1000px) 54vw, (max-width: 1071px) 543px, 580px\" \/><\/figure>\n\n\n\n<figure class=\"wp-block-image size-large\"><img loading=\"lazy\" decoding=\"async\" width=\"1024\" height=\"768\" data-id=\"18213\" src=\"https:\/\/somosdelprieto.com\/wp-content\/uploads\/2024\/05\/1714586312309-1024x768.jpg\" alt=\"\" class=\"wp-image-18213\" srcset=\"https:\/\/somosdelprieto.com\/wp-content\/uploads\/2024\/05\/1714586312309-1024x768.jpg 1024w, https:\/\/somosdelprieto.com\/wp-content\/uploads\/2024\/05\/1714586312309-300x225.jpg 300w, https:\/\/somosdelprieto.com\/wp-content\/uploads\/2024\/05\/1714586312309-768x576.jpg 768w, https:\/\/somosdelprieto.com\/wp-content\/uploads\/2024\/05\/1714586312309-1536x1152.jpg 1536w, https:\/\/somosdelprieto.com\/wp-content\/uploads\/2024\/05\/1714586312309-2048x1536.jpg 2048w\" sizes=\"auto, (max-width: 767px) 89vw, (max-width: 1000px) 54vw, (max-width: 1071px) 543px, 580px\" \/><\/figure>\n<\/figure>\n","protected":false},"excerpt":{"rendered":"<p>Durante el curso actual tambi\u00e9n nos encontramos organizando para todo el alumnado de 1-2-3 ESO nuestros talleres de creatividad y emprendimiento. Dichos talleres tienen lugar durante los meses de abril y mayo. Nuestros chicos y chicas sacan a la luz sus mejores ideas, su mejor organizaci\u00f3n, su mejor madera de l\u00edder, etc., para poder superar &hellip; <\/p>\n<p class=\"link-more\"><a href=\"https:\/\/somosdelprieto.com\/index.php\/talleres-de-creatividad-y-emprendimiento-curso-23-24\/\" class=\"more-link\">Continuar leyendo<span class=\"screen-reader-text\"> \u00abTALLERES DE CREATIVIDAD Y EMPRENDIMIENTO CURSO 23-24\u00bb<\/span><\/a><\/p>\n","protected":false},"author":30,"featured_media":18185,"parent":0,"menu_order":0,"comment_status":"closed","ping_status":"closed","template":"","meta":{"footnotes":""},"class_list":["post-18189","page","type-page","status-publish","has-post-thumbnail","hentry"],"_links":{"self":[{"href":"https:\/\/somosdelprieto.com\/index.php\/wp-json\/wp\/v2\/pages\/18189","targetHints":{"allow":["GET"]}}],"collection":[{"href":"https:\/\/somosdelprieto.com\/index.php\/wp-json\/wp\/v2\/pages"}],"about":[{"href":"https:\/\/somosdelprieto.com\/index.php\/wp-json\/wp\/v2\/types\/page"}],"author":[{"embeddable":true,"href":"https:\/\/somosdelprieto.com\/index.php\/wp-json\/wp\/v2\/users\/30"}],"replies":[{"embeddable":true,"href":"https:\/\/somosdelprieto.com\/index.php\/wp-json\/wp\/v2\/comments?post=18189"}],"version-history":[{"count":2,"href":"https:\/\/somosdelprieto.com\/index.php\/wp-json\/wp\/v2\/pages\/18189\/revisions"}],"predecessor-version":[{"id":18225,"href":"https:\/\/somosdelprieto.com\/index.php\/wp-json\/wp\/v2\/pages\/18189\/revisions\/18225"}],"wp:featuredmedia":[{"embeddable":true,"href":"https:\/\/somosdelprieto.com\/index.php\/wp-json\/wp\/v2\/media\/18185"}],"wp:attachment":[{"href":"https:\/\/somosdelprieto.com\/index.php\/wp-json\/wp\/v2\/media?parent=18189"}],"curies":[{"name":"wp","href":"https:\/\/api.w.org\/{rel}","templated":true}]}}