{"id":18162,"date":"2024-05-02T17:00:18","date_gmt":"2024-05-02T15:00:18","guid":{"rendered":"https:\/\/somosdelprieto.com\/?page_id=18162"},"modified":"2024-05-02T17:00:19","modified_gmt":"2024-05-02T15:00:19","slug":"taller-de-estetica","status":"publish","type":"page","link":"https:\/\/somosdelprieto.com\/index.php\/taller-de-estetica\/","title":{"rendered":"Taller de Est\u00e9tica"},"content":{"rendered":"\n<figure class=\"wp-block-embed is-type-video is-provider-youtube wp-block-embed-youtube wp-embed-aspect-4-3 wp-has-aspect-ratio\"><div class=\"wp-block-embed__wrapper\">\n<iframe loading=\"lazy\" title=\"PUERTAS ABIERTAS Dpto Imagen Personal\" width=\"525\" height=\"394\" src=\"https:\/\/www.youtube.com\/embed\/a2NXGPjV3cs?feature=oembed\" frameborder=\"0\" allow=\"accelerometer; autoplay; clipboard-write; encrypted-media; gyroscope; picture-in-picture; web-share\" referrerpolicy=\"strict-origin-when-cross-origin\" allowfullscreen><\/iframe>\n<\/div><\/figure>\n\n\n\n<p class=\"has-background\" style=\"background-color:#f78da866\">\u00a1Bienvenidos al Taller de Est\u00e9tica! En este evento emocionante, nos sumergiremos en el <strong>apasionante mundo del cuidado personal y la belleza<\/strong>. Desde t\u00e9cnicas de maquillaje hasta cuidado de la piel y peluquer\u00eda, este taller est\u00e1 dise\u00f1ado para ayudarte a descubrir tu mejor versi\u00f3n y sentirte seguro y radiante en tu propia piel.<\/p>\n\n\n\n<p class=\"has-background\" style=\"background-color:#9b51e066\">El objetivo de este taller es proporcionarte los <strong>conocimientos y habilidades necesarias<\/strong> para cuidar tu aspecto personal de manera efectiva y sentirte seguro en tu apariencia. Aprender\u00e1s t\u00e9cnicas pr\u00e1cticas, consejos de belleza y h\u00e1bitos de cuidado personal que te ayudar\u00e1n a realzar tu belleza natural y expresar tu estilo \u00fanico.<\/p>\n","protected":false},"excerpt":{"rendered":"<p>\u00a1Bienvenidos al Taller de Est\u00e9tica! En este evento emocionante, nos sumergiremos en el apasionante mundo del cuidado personal y la belleza. Desde t\u00e9cnicas de maquillaje hasta cuidado de la piel y peluquer\u00eda, este taller est\u00e1 dise\u00f1ado para ayudarte a descubrir tu mejor versi\u00f3n y sentirte seguro y radiante en tu propia piel. El objetivo de &hellip; <\/p>\n<p class=\"link-more\"><a href=\"https:\/\/somosdelprieto.com\/index.php\/taller-de-estetica\/\" class=\"more-link\">Continuar leyendo<span class=\"screen-reader-text\"> \u00abTaller de Est\u00e9tica\u00bb<\/span><\/a><\/p>\n","protected":false},"author":1,"featured_media":0,"parent":0,"menu_order":0,"comment_status":"closed","ping_status":"closed","template":"","meta":{"footnotes":""},"class_list":["post-18162","page","type-page","status-publish","hentry"],"_links":{"self":[{"href":"https:\/\/somosdelprieto.com\/index.php\/wp-json\/wp\/v2\/pages\/18162","targetHints":{"allow":["GET"]}}],"collection":[{"href":"https:\/\/somosdelprieto.com\/index.php\/wp-json\/wp\/v2\/pages"}],"about":[{"href":"https:\/\/somosdelprieto.com\/index.php\/wp-json\/wp\/v2\/types\/page"}],"author":[{"embeddable":true,"href":"https:\/\/somosdelprieto.com\/index.php\/wp-json\/wp\/v2\/users\/1"}],"replies":[{"embeddable":true,"href":"https:\/\/somosdelprieto.com\/index.php\/wp-json\/wp\/v2\/comments?post=18162"}],"version-history":[{"count":1,"href":"https:\/\/somosdelprieto.com\/index.php\/wp-json\/wp\/v2\/pages\/18162\/revisions"}],"predecessor-version":[{"id":18163,"href":"https:\/\/somosdelprieto.com\/index.php\/wp-json\/wp\/v2\/pages\/18162\/revisions\/18163"}],"wp:attachment":[{"href":"https:\/\/somosdelprieto.com\/index.php\/wp-json\/wp\/v2\/media?parent=18162"}],"curies":[{"name":"wp","href":"https:\/\/api.w.org\/{rel}","templated":true}]}}