{"id":18157,"date":"2024-05-02T16:54:46","date_gmt":"2024-05-02T14:54:46","guid":{"rendered":"https:\/\/somosdelprieto.com\/?page_id=18157"},"modified":"2025-03-28T11:46:16","modified_gmt":"2025-03-28T10:46:16","slug":"anunciate-en-tiktok-e-instagram","status":"publish","type":"page","link":"https:\/\/somosdelprieto.com\/index.php\/anunciate-en-tiktok-e-instagram\/","title":{"rendered":"Creaci\u00f3n de contenido para TikTok e Instagram con IA"},"content":{"rendered":"\n<figure class=\"wp-block-video\"><video height=\"1080\" style=\"aspect-ratio: 1920 \/ 1080;\" width=\"1920\" controls src=\"https:\/\/somosdelprieto.com\/wp-content\/uploads\/2025\/03\/CARTELFERIACOM.mp4\"><\/video><figcaption class=\"wp-element-caption\">Taller Creaci\u00f3n de contenido para TikTok e Instagram utilizando IA<\/figcaption><\/figure>\n\n\n\n<div class=\"wp-block-columns is-layout-flex wp-container-core-columns-is-layout-9d6595d7 wp-block-columns-is-layout-flex\">\n<div class=\"wp-block-column is-layout-flow wp-block-column-is-layout-flow\" style=\"flex-basis:100%\">\n<div class=\"wp-block-group has-background\" style=\"background-color:#cf2d2d26\"><div class=\"wp-block-group__inner-container is-layout-constrained wp-block-group-is-layout-constrained\">\n<p><strong>Introducci\u00f3n<\/strong><\/p>\n<p>En el mundo digital actual, captar la atenci\u00f3n del p\u00fablico en redes sociales como TikTok e Instagram requiere creatividad y eficiencia. La inteligencia artificial (IA) ofrece herramientas innovadoras que facilitan la creaci\u00f3n de contenido atractivo, optimizando la edici\u00f3n, automatizando procesos y mejorando el alcance. En este taller expr\u00e9s de una hora, exploraremos c\u00f3mo la IA puede ayudarte a generar ideas, editar videos y potenciar tu presencia en redes sociales de manera r\u00e1pida y efectiva.<\/p>\n<p>Adem\u00e1s, realizaremos fotograf\u00eda creativa de producto utilizando IA para mejorar la imagen de marca y destacar en el mercado digital. Aprender\u00e1s a optimizar la presentaci\u00f3n de tus productos con t\u00e9cnicas visuales innovadoras.<\/p>\n<p><strong>Objetivo<\/strong><\/p>\n<p>Brindar a los participantes una introducci\u00f3n pr\u00e1ctica al uso de la inteligencia artificial en la creaci\u00f3n de contenido para TikTok e Instagram. Durante la sesi\u00f3n, aprender\u00e1n a utilizar herramientas de IA para agilizar la edici\u00f3n de videos, mejorar la calidad visual y optimizar publicaciones para aumentar la interacci\u00f3n. Al finalizar, contar\u00e1n con estrategias y recursos para aplicar de inmediato en redes sociales.<\/p>\n<\/div><\/div>\n<\/div>\n<\/div>\n","protected":false},"excerpt":{"rendered":"<p>Introducci\u00f3n En el mundo digital actual, captar la atenci\u00f3n del p\u00fablico en redes sociales como TikTok e Instagram requiere creatividad y eficiencia. La inteligencia artificial (IA) ofrece herramientas innovadoras que facilitan la creaci\u00f3n de contenido atractivo, optimizando la edici\u00f3n, automatizando procesos y mejorando el alcance. En este taller expr\u00e9s de una hora, exploraremos c\u00f3mo la &hellip; <\/p>\n<p class=\"link-more\"><a href=\"https:\/\/somosdelprieto.com\/index.php\/anunciate-en-tiktok-e-instagram\/\" class=\"more-link\">Continuar leyendo<span class=\"screen-reader-text\"> \u00abCreaci\u00f3n de contenido para TikTok e Instagram con IA\u00bb<\/span><\/a><\/p>\n","protected":false},"author":18,"featured_media":0,"parent":0,"menu_order":0,"comment_status":"closed","ping_status":"closed","template":"","meta":{"footnotes":""},"class_list":["post-18157","page","type-page","status-publish","hentry"],"_links":{"self":[{"href":"https:\/\/somosdelprieto.com\/index.php\/wp-json\/wp\/v2\/pages\/18157","targetHints":{"allow":["GET"]}}],"collection":[{"href":"https:\/\/somosdelprieto.com\/index.php\/wp-json\/wp\/v2\/pages"}],"about":[{"href":"https:\/\/somosdelprieto.com\/index.php\/wp-json\/wp\/v2\/types\/page"}],"author":[{"embeddable":true,"href":"https:\/\/somosdelprieto.com\/index.php\/wp-json\/wp\/v2\/users\/18"}],"replies":[{"embeddable":true,"href":"https:\/\/somosdelprieto.com\/index.php\/wp-json\/wp\/v2\/comments?post=18157"}],"version-history":[{"count":6,"href":"https:\/\/somosdelprieto.com\/index.php\/wp-json\/wp\/v2\/pages\/18157\/revisions"}],"predecessor-version":[{"id":21005,"href":"https:\/\/somosdelprieto.com\/index.php\/wp-json\/wp\/v2\/pages\/18157\/revisions\/21005"}],"wp:attachment":[{"href":"https:\/\/somosdelprieto.com\/index.php\/wp-json\/wp\/v2\/media?parent=18157"}],"curies":[{"name":"wp","href":"https:\/\/api.w.org\/{rel}","templated":true}]}}