{"id":18152,"date":"2024-05-02T16:50:33","date_gmt":"2024-05-02T14:50:33","guid":{"rendered":"https:\/\/somosdelprieto.com\/?page_id=18152"},"modified":"2025-02-19T19:57:03","modified_gmt":"2025-02-19T18:57:03","slug":"propagacion-vegetal","status":"publish","type":"page","link":"https:\/\/somosdelprieto.com\/index.php\/propagacion-vegetal\/","title":{"rendered":"Propagaci\u00f3n Vegetal"},"content":{"rendered":"\n<p class=\"has-background\" style=\"background-color:#00d18454\">En este taller explicaremos la <strong>Reproducci\u00f3n de las plantas<\/strong>:<br><br>Hay dos tipos de reproducci\u00f3n: <strong>Reproducci\u00f3n sexual<\/strong> y <strong>Reproducci\u00f3n asexual<\/strong>.<br>Tras una breve explicaci\u00f3n de sus conceptos b\u00e1sicos y sus diferencias, se har\u00e1 una pr\u00e1ctica de ambas.<\/p>\n\n\n\n<p class=\"has-light-green-cyan-background-color has-background\"><strong>Decoraremos las macetas <\/strong>como en una florister\u00eda para terminar el taller.<\/p>\n","protected":false},"excerpt":{"rendered":"<p>En este taller explicaremos la Reproducci\u00f3n de las plantas: Hay dos tipos de reproducci\u00f3n: Reproducci\u00f3n sexual y Reproducci\u00f3n asexual.Tras una breve explicaci\u00f3n de sus conceptos b\u00e1sicos y sus diferencias, se har\u00e1 una pr\u00e1ctica de ambas. Decoraremos las macetas como en una florister\u00eda para terminar el taller.<\/p>\n","protected":false},"author":17,"featured_media":0,"parent":0,"menu_order":0,"comment_status":"closed","ping_status":"closed","template":"","meta":{"footnotes":""},"class_list":["post-18152","page","type-page","status-publish","hentry"],"_links":{"self":[{"href":"https:\/\/somosdelprieto.com\/index.php\/wp-json\/wp\/v2\/pages\/18152","targetHints":{"allow":["GET"]}}],"collection":[{"href":"https:\/\/somosdelprieto.com\/index.php\/wp-json\/wp\/v2\/pages"}],"about":[{"href":"https:\/\/somosdelprieto.com\/index.php\/wp-json\/wp\/v2\/types\/page"}],"author":[{"embeddable":true,"href":"https:\/\/somosdelprieto.com\/index.php\/wp-json\/wp\/v2\/users\/17"}],"replies":[{"embeddable":true,"href":"https:\/\/somosdelprieto.com\/index.php\/wp-json\/wp\/v2\/comments?post=18152"}],"version-history":[{"count":1,"href":"https:\/\/somosdelprieto.com\/index.php\/wp-json\/wp\/v2\/pages\/18152\/revisions"}],"predecessor-version":[{"id":18153,"href":"https:\/\/somosdelprieto.com\/index.php\/wp-json\/wp\/v2\/pages\/18152\/revisions\/18153"}],"wp:attachment":[{"href":"https:\/\/somosdelprieto.com\/index.php\/wp-json\/wp\/v2\/media?parent=18152"}],"curies":[{"name":"wp","href":"https:\/\/api.w.org\/{rel}","templated":true}]}}