{"id":18142,"date":"2024-05-02T16:37:12","date_gmt":"2024-05-02T14:37:12","guid":{"rendered":"https:\/\/somosdelprieto.com\/?page_id=18142"},"modified":"2025-03-10T13:03:28","modified_gmt":"2025-03-10T12:03:28","slug":"taller-hidroimpresion-y-diagnosis-de-vehiculos","status":"publish","type":"page","link":"https:\/\/somosdelprieto.com\/index.php\/taller-hidroimpresion-y-diagnosis-de-vehiculos\/","title":{"rendered":"Taller Hidroimpresi\u00f3n y Diagn\u00f3sis de Veh\u00edculos"},"content":{"rendered":"\n<figure class=\"wp-block-image size-full\"><img loading=\"lazy\" decoding=\"async\" width=\"595\" height=\"842\" src=\"https:\/\/somosdelprieto.com\/wp-content\/uploads\/2025\/03\/taller-de-hidroimpresion.jpg\" alt=\"\" class=\"wp-image-20713\" srcset=\"https:\/\/somosdelprieto.com\/wp-content\/uploads\/2025\/03\/taller-de-hidroimpresion.jpg 595w, https:\/\/somosdelprieto.com\/wp-content\/uploads\/2025\/03\/taller-de-hidroimpresion-212x300.jpg 212w\" sizes=\"auto, (max-width: 595px) 100vw, 595px\" \/><\/figure>\n\n\n\n<figure class=\"wp-block-embed is-type-video is-provider-youtube wp-block-embed-youtube wp-embed-aspect-16-9 wp-has-aspect-ratio\"><div class=\"wp-block-embed__wrapper\">\n<iframe loading=\"lazy\" title=\"Taller Automoci\u00f3n\" width=\"525\" height=\"295\" src=\"https:\/\/www.youtube.com\/embed\/3Rml4iqWGQE?feature=oembed\" frameborder=\"0\" allow=\"accelerometer; autoplay; clipboard-write; encrypted-media; gyroscope; picture-in-picture; web-share\" referrerpolicy=\"strict-origin-when-cross-origin\" allowfullscreen><\/iframe>\n<\/div><\/figure>\n\n\n\n<div class=\"wp-block-group has-background\" style=\"background-color:#ff6a0069\"><div class=\"wp-block-group__inner-container is-layout-flow wp-block-group-is-layout-flow\">\n<div class=\"wp-block-columns are-vertically-aligned-center is-layout-flex wp-container-core-columns-is-layout-9d6595d7 wp-block-columns-is-layout-flex\">\n<div class=\"wp-block-column is-vertically-aligned-center is-layout-flow wp-block-column-is-layout-flow\" style=\"flex-basis:100%\">\n<p>La actividad que desarrollar\u00e1 el <a href=\"https:\/\/somosdelprieto.com\/index.php\/departamentos\/departamento-transporte-y-mantenimiento-de-vehiculos\/\" target=\"_blank\" rel=\"noreferrer noopener\">Departamento de Transporte y Mantenimiento de Veh\u00edculos<\/a>, se dividir\u00e1 en dos talleres:<\/p>\n\n\n\n<ol class=\"wp-block-list\">\n<li><strong>Diagnosis del autom\u00f3vil<\/strong>: Utilizaci\u00f3n de la m\u00e1quina de diagn\u00f3stico para proporcionar una gran cantidad de informaci\u00f3n acerca de la mejor soluci\u00f3n para reparar la aver\u00eda y saber cu\u00e1les son las piezas a cambiar en nuestro veh\u00edculo.<\/li>\n\n\n\n<li><strong>Hidroimpresi\u00f3n: <\/strong>T\u00e9cnica que consiste en transferir un dise\u00f1o utilizando una l\u00e1mina y agua a una pieza.<\/li>\n<\/ol>\n<\/div>\n<\/div>\n<\/div><\/div>\n\n\n\n<p class=\"has-background\" style=\"background-color:#ff6a0036\"><a href=\"https:\/\/somosdelprieto.com\/index.php\/departamentos\/departamento-transporte-y-mantenimiento-de-vehiculos\/\" data-type=\"link\" data-id=\"https:\/\/somosdelprieto.com\/index.php\/departamentos\/departamento-transporte-y-mantenimiento-de-vehiculos\/\"><strong>AQU\u00cd<\/strong> <\/a>puedes conseguir m\u00e1s informaci\u00f3n de los ciclos formativos de Automoci\u00f3n.<\/p>\n","protected":false},"excerpt":{"rendered":"<p>La actividad que desarrollar\u00e1 el Departamento de Transporte y Mantenimiento de Veh\u00edculos, se dividir\u00e1 en dos talleres: AQU\u00cd puedes conseguir m\u00e1s informaci\u00f3n de los ciclos formativos de Automoci\u00f3n.<\/p>\n","protected":false},"author":51,"featured_media":0,"parent":0,"menu_order":0,"comment_status":"closed","ping_status":"closed","template":"","meta":{"footnotes":""},"class_list":["post-18142","page","type-page","status-publish","hentry"],"_links":{"self":[{"href":"https:\/\/somosdelprieto.com\/index.php\/wp-json\/wp\/v2\/pages\/18142","targetHints":{"allow":["GET"]}}],"collection":[{"href":"https:\/\/somosdelprieto.com\/index.php\/wp-json\/wp\/v2\/pages"}],"about":[{"href":"https:\/\/somosdelprieto.com\/index.php\/wp-json\/wp\/v2\/types\/page"}],"author":[{"embeddable":true,"href":"https:\/\/somosdelprieto.com\/index.php\/wp-json\/wp\/v2\/users\/51"}],"replies":[{"embeddable":true,"href":"https:\/\/somosdelprieto.com\/index.php\/wp-json\/wp\/v2\/comments?post=18142"}],"version-history":[{"count":3,"href":"https:\/\/somosdelprieto.com\/index.php\/wp-json\/wp\/v2\/pages\/18142\/revisions"}],"predecessor-version":[{"id":20714,"href":"https:\/\/somosdelprieto.com\/index.php\/wp-json\/wp\/v2\/pages\/18142\/revisions\/20714"}],"wp:attachment":[{"href":"https:\/\/somosdelprieto.com\/index.php\/wp-json\/wp\/v2\/media?parent=18142"}],"curies":[{"name":"wp","href":"https:\/\/api.w.org\/{rel}","templated":true}]}}