{"id":18139,"date":"2024-05-02T16:26:35","date_gmt":"2024-05-02T14:26:35","guid":{"rendered":"https:\/\/somosdelprieto.com\/?page_id=18139"},"modified":"2024-05-02T16:26:36","modified_gmt":"2024-05-02T14:26:36","slug":"creacion-de-marcapaginas-creativos","status":"publish","type":"page","link":"https:\/\/somosdelprieto.com\/index.php\/creacion-de-marcapaginas-creativos\/","title":{"rendered":"Creaci\u00f3n de MARCAP\u00c1GINAS creativos"},"content":{"rendered":"\n<p class=\"has-background\" style=\"background-color:#18d10052\">Se pone a secar material vegetal mediante la <strong>t\u00e9cnica de prensado<\/strong>:<br>Hemos recogido distintas plantas, sobre todo flores silvestres de primavera.<br>Las hemos ido colocando separadas y con mucho cuidado entre papeles de peri\u00f3dico, nos van a hacer de secante y absorber\u00e1n la humedad del material vegetal.<br><br>Preparamos cartulinas recortadas en rect\u00e1ngulos de dos colores, una m\u00e1s grande que la otra para que hagan al pegarlas efecto partart\u00fa y las pegamos.<br>En el reverso escribimos una frase motivadora.<br><br>Con cola blanca y con much\u00edsimo cuidado vamos pegando el material vegetal preservado y hacemos encima de la cartulina una composici\u00f3n floral.<br>Plastificamos el resultado y hacemos un taladro en uno de los extremos donde pasaremos un cord\u00f3n de rafia para que nos sirva de tope adem\u00e1s de decoraci\u00f3n.<\/p>\n\n\n\n<div class=\"wp-block-group has-background\" style=\"background-color:#00d18447\"><div class=\"wp-block-group__inner-container is-layout-constrained wp-block-group-is-layout-constrained\">\n<p><strong>Explorar\u00e1s tu creatividad<\/strong> y expresarte a trav\u00e9s del arte de la creaci\u00f3n de marcap\u00e1ginas. Aprender\u00e1s t\u00e9cnicas de dise\u00f1o y decoraci\u00f3n, y te llevar\u00e1s a casa marcap\u00e1ginas originales que podr\u00e1s usar <strong>para acompa\u00f1ar tus lecturas favoritas.<\/strong><\/p>\n<\/div><\/div>\n","protected":false},"excerpt":{"rendered":"<p>Se pone a secar material vegetal mediante la t\u00e9cnica de prensado:Hemos recogido distintas plantas, sobre todo flores silvestres de primavera.Las hemos ido colocando separadas y con mucho cuidado entre papeles de peri\u00f3dico, nos van a hacer de secante y absorber\u00e1n la humedad del material vegetal. Preparamos cartulinas recortadas en rect\u00e1ngulos de dos colores, una m\u00e1s &hellip; <\/p>\n<p class=\"link-more\"><a href=\"https:\/\/somosdelprieto.com\/index.php\/creacion-de-marcapaginas-creativos\/\" class=\"more-link\">Continuar leyendo<span class=\"screen-reader-text\"> \u00abCreaci\u00f3n de MARCAP\u00c1GINAS creativos\u00bb<\/span><\/a><\/p>\n","protected":false},"author":1,"featured_media":0,"parent":0,"menu_order":0,"comment_status":"closed","ping_status":"closed","template":"","meta":{"footnotes":""},"class_list":["post-18139","page","type-page","status-publish","hentry"],"_links":{"self":[{"href":"https:\/\/somosdelprieto.com\/index.php\/wp-json\/wp\/v2\/pages\/18139","targetHints":{"allow":["GET"]}}],"collection":[{"href":"https:\/\/somosdelprieto.com\/index.php\/wp-json\/wp\/v2\/pages"}],"about":[{"href":"https:\/\/somosdelprieto.com\/index.php\/wp-json\/wp\/v2\/types\/page"}],"author":[{"embeddable":true,"href":"https:\/\/somosdelprieto.com\/index.php\/wp-json\/wp\/v2\/users\/1"}],"replies":[{"embeddable":true,"href":"https:\/\/somosdelprieto.com\/index.php\/wp-json\/wp\/v2\/comments?post=18139"}],"version-history":[{"count":1,"href":"https:\/\/somosdelprieto.com\/index.php\/wp-json\/wp\/v2\/pages\/18139\/revisions"}],"predecessor-version":[{"id":18140,"href":"https:\/\/somosdelprieto.com\/index.php\/wp-json\/wp\/v2\/pages\/18139\/revisions\/18140"}],"wp:attachment":[{"href":"https:\/\/somosdelprieto.com\/index.php\/wp-json\/wp\/v2\/media?parent=18139"}],"curies":[{"name":"wp","href":"https:\/\/api.w.org\/{rel}","templated":true}]}}