{"id":18137,"date":"2024-05-02T16:24:52","date_gmt":"2024-05-02T14:24:52","guid":{"rendered":"https:\/\/somosdelprieto.com\/?page_id=18137"},"modified":"2025-02-19T19:53:26","modified_gmt":"2025-02-19T18:53:26","slug":"como-invertir-en-bolsa","status":"publish","type":"page","link":"https:\/\/somosdelprieto.com\/index.php\/como-invertir-en-bolsa\/","title":{"rendered":"C\u00d3MO INVERTIR en BOLSA"},"content":{"rendered":"\n<p class=\"has-background\" style=\"background-color:#0792e363\">El objetivo de este taller es proporcionarte los <strong>conocimientos necesarios<\/strong> para comprender c\u00f3mo funciona el mercado de valores y c\u00f3mo puedes empezar a invertir de manera inteligente. Aprender\u00e1s a evaluar las acciones, gestionar el riesgo y tomar decisiones informadas sobre tus inversiones.<\/p>\n\n\n\n<p class=\"has-background\" style=\"background-color:#0792e33b\">En este evento, exploraremos los <strong>conceptos b\u00e1sicos de c\u00f3mo invertir <\/strong>en el mercado de valores de forma segura y efectiva. Aprenderemos sobre las herramientas y estrategias clave que necesitas para empezar a construir tu propio portafolio de inversi\u00f3n.<\/p>\n","protected":false},"excerpt":{"rendered":"<p>El objetivo de este taller es proporcionarte los conocimientos necesarios para comprender c\u00f3mo funciona el mercado de valores y c\u00f3mo puedes empezar a invertir de manera inteligente. Aprender\u00e1s a evaluar las acciones, gestionar el riesgo y tomar decisiones informadas sobre tus inversiones. En este evento, exploraremos los conceptos b\u00e1sicos de c\u00f3mo invertir en el mercado &hellip; <\/p>\n<p class=\"link-more\"><a href=\"https:\/\/somosdelprieto.com\/index.php\/como-invertir-en-bolsa\/\" class=\"more-link\">Continuar leyendo<span class=\"screen-reader-text\"> \u00abC\u00d3MO INVERTIR en BOLSA\u00bb<\/span><\/a><\/p>\n","protected":false},"author":8,"featured_media":0,"parent":0,"menu_order":0,"comment_status":"closed","ping_status":"closed","template":"","meta":{"footnotes":""},"class_list":["post-18137","page","type-page","status-publish","hentry"],"_links":{"self":[{"href":"https:\/\/somosdelprieto.com\/index.php\/wp-json\/wp\/v2\/pages\/18137","targetHints":{"allow":["GET"]}}],"collection":[{"href":"https:\/\/somosdelprieto.com\/index.php\/wp-json\/wp\/v2\/pages"}],"about":[{"href":"https:\/\/somosdelprieto.com\/index.php\/wp-json\/wp\/v2\/types\/page"}],"author":[{"embeddable":true,"href":"https:\/\/somosdelprieto.com\/index.php\/wp-json\/wp\/v2\/users\/8"}],"replies":[{"embeddable":true,"href":"https:\/\/somosdelprieto.com\/index.php\/wp-json\/wp\/v2\/comments?post=18137"}],"version-history":[{"count":1,"href":"https:\/\/somosdelprieto.com\/index.php\/wp-json\/wp\/v2\/pages\/18137\/revisions"}],"predecessor-version":[{"id":18138,"href":"https:\/\/somosdelprieto.com\/index.php\/wp-json\/wp\/v2\/pages\/18137\/revisions\/18138"}],"wp:attachment":[{"href":"https:\/\/somosdelprieto.com\/index.php\/wp-json\/wp\/v2\/media?parent=18137"}],"curies":[{"name":"wp","href":"https:\/\/api.w.org\/{rel}","templated":true}]}}