{"id":18133,"date":"2024-05-02T16:21:12","date_gmt":"2024-05-02T14:21:12","guid":{"rendered":"https:\/\/somosdelprieto.com\/?page_id=18133"},"modified":"2025-02-19T19:52:57","modified_gmt":"2025-02-19T18:52:57","slug":"escape-room-electrico","status":"publish","type":"page","link":"https:\/\/somosdelprieto.com\/index.php\/escape-room-electrico\/","title":{"rendered":"Escape Room El\u00e9ctrico"},"content":{"rendered":"\n<figure class=\"wp-block-embed is-type-video is-provider-youtube wp-block-embed-youtube wp-embed-aspect-16-9 wp-has-aspect-ratio\"><div class=\"wp-block-embed__wrapper\">\n<iframe loading=\"lazy\" title=\"taller electricidad\" width=\"525\" height=\"295\" src=\"https:\/\/www.youtube.com\/embed\/TcLnvBou_Gc?feature=oembed\" frameborder=\"0\" allow=\"accelerometer; autoplay; clipboard-write; encrypted-media; gyroscope; picture-in-picture; web-share\" referrerpolicy=\"strict-origin-when-cross-origin\" allowfullscreen><\/iframe>\n<\/div><\/figure>\n\n\n\n<p class=\"has-background\" style=\"background-color:#cf2d2d57\">En el taller de Electricidad vamos a realizar un&nbsp;<strong>Escape Room<\/strong>, que consiste en diferentes pruebas e ingenios el\u00e9ctricos donde los participantes tendr\u00e1n que escaparan de dicho taller.<\/p>\n\n\n\n<p class=\"has-background\" style=\"background-color:#7e2dcf4f\"><strong><a href=\"https:\/\/somosdelprieto.com\/index.php\/estudios\/ciclos-formativos-de-grado-superior\/tecnico-superior-en-sistemas-electrotecnicos-y-automatizados\/\" target=\"_blank\" rel=\"noreferrer noopener\">AQU\u00cd<\/a><\/strong> puedes conseguir m\u00e1s informaci\u00f3n&nbsp;<\/p>\n","protected":false},"excerpt":{"rendered":"<p>En el taller de Electricidad vamos a realizar un&nbsp;Escape Room, que consiste en diferentes pruebas e ingenios el\u00e9ctricos donde los participantes tendr\u00e1n que escaparan de dicho taller. AQU\u00cd puedes conseguir m\u00e1s informaci\u00f3n&nbsp;<\/p>\n","protected":false},"author":27,"featured_media":0,"parent":0,"menu_order":0,"comment_status":"closed","ping_status":"closed","template":"","meta":{"footnotes":""},"class_list":["post-18133","page","type-page","status-publish","hentry"],"_links":{"self":[{"href":"https:\/\/somosdelprieto.com\/index.php\/wp-json\/wp\/v2\/pages\/18133","targetHints":{"allow":["GET"]}}],"collection":[{"href":"https:\/\/somosdelprieto.com\/index.php\/wp-json\/wp\/v2\/pages"}],"about":[{"href":"https:\/\/somosdelprieto.com\/index.php\/wp-json\/wp\/v2\/types\/page"}],"author":[{"embeddable":true,"href":"https:\/\/somosdelprieto.com\/index.php\/wp-json\/wp\/v2\/users\/27"}],"replies":[{"embeddable":true,"href":"https:\/\/somosdelprieto.com\/index.php\/wp-json\/wp\/v2\/comments?post=18133"}],"version-history":[{"count":1,"href":"https:\/\/somosdelprieto.com\/index.php\/wp-json\/wp\/v2\/pages\/18133\/revisions"}],"predecessor-version":[{"id":18134,"href":"https:\/\/somosdelprieto.com\/index.php\/wp-json\/wp\/v2\/pages\/18133\/revisions\/18134"}],"wp:attachment":[{"href":"https:\/\/somosdelprieto.com\/index.php\/wp-json\/wp\/v2\/media?parent=18133"}],"curies":[{"name":"wp","href":"https:\/\/api.w.org\/{rel}","templated":true}]}}