{"id":18131,"date":"2024-05-02T16:18:32","date_gmt":"2024-05-02T14:18:32","guid":{"rendered":"https:\/\/somosdelprieto.com\/?page_id=18131"},"modified":"2024-05-02T16:18:32","modified_gmt":"2024-05-02T14:18:32","slug":"la-renta-a-pagar-o-a-devolver","status":"publish","type":"page","link":"https:\/\/somosdelprieto.com\/index.php\/la-renta-a-pagar-o-a-devolver\/","title":{"rendered":"La renta: \u00bfA pagar o a devolver?"},"content":{"rendered":"\n<div class=\"wp-block-group has-background\" style=\"background-color:#00d1845c\"><div class=\"wp-block-group__inner-container is-layout-constrained wp-block-group-is-layout-constrained\">\n<p>Este evento est\u00e1 dise\u00f1ado para ofrecerte informaci\u00f3n clara y pr\u00e1ctica sobre c\u00f3mo <strong>completar tu declaraci\u00f3n de impuestos<\/strong> de manera efectiva y aprovechar al m\u00e1ximo los beneficios fiscales disponibles.<\/p>\n<p>Te ayudaremos a comprender el proceso de declaraci\u00f3n de la renta, desde la <strong>recopilaci\u00f3n de documentos hasta la presentaci\u00f3n final<\/strong>, y proporcionarte consejos \u00fatiles para maximizar tus deducciones y minimizar tu carga tributaria.<\/p>\n<\/div><\/div>\n","protected":false},"excerpt":{"rendered":"<p>Este evento est\u00e1 dise\u00f1ado para ofrecerte informaci\u00f3n clara y pr\u00e1ctica sobre c\u00f3mo completar tu declaraci\u00f3n de impuestos de manera efectiva y aprovechar al m\u00e1ximo los beneficios fiscales disponibles. Te ayudaremos a comprender el proceso de declaraci\u00f3n de la renta, desde la recopilaci\u00f3n de documentos hasta la presentaci\u00f3n final, y proporcionarte consejos \u00fatiles para maximizar tus &hellip; <\/p>\n<p class=\"link-more\"><a href=\"https:\/\/somosdelprieto.com\/index.php\/la-renta-a-pagar-o-a-devolver\/\" class=\"more-link\">Continuar leyendo<span class=\"screen-reader-text\"> \u00abLa renta: \u00bfA pagar o a devolver?\u00bb<\/span><\/a><\/p>\n","protected":false},"author":1,"featured_media":0,"parent":0,"menu_order":0,"comment_status":"closed","ping_status":"closed","template":"","meta":{"footnotes":""},"class_list":["post-18131","page","type-page","status-publish","hentry"],"_links":{"self":[{"href":"https:\/\/somosdelprieto.com\/index.php\/wp-json\/wp\/v2\/pages\/18131","targetHints":{"allow":["GET"]}}],"collection":[{"href":"https:\/\/somosdelprieto.com\/index.php\/wp-json\/wp\/v2\/pages"}],"about":[{"href":"https:\/\/somosdelprieto.com\/index.php\/wp-json\/wp\/v2\/types\/page"}],"author":[{"embeddable":true,"href":"https:\/\/somosdelprieto.com\/index.php\/wp-json\/wp\/v2\/users\/1"}],"replies":[{"embeddable":true,"href":"https:\/\/somosdelprieto.com\/index.php\/wp-json\/wp\/v2\/comments?post=18131"}],"version-history":[{"count":1,"href":"https:\/\/somosdelprieto.com\/index.php\/wp-json\/wp\/v2\/pages\/18131\/revisions"}],"predecessor-version":[{"id":18132,"href":"https:\/\/somosdelprieto.com\/index.php\/wp-json\/wp\/v2\/pages\/18131\/revisions\/18132"}],"wp:attachment":[{"href":"https:\/\/somosdelprieto.com\/index.php\/wp-json\/wp\/v2\/media?parent=18131"}],"curies":[{"name":"wp","href":"https:\/\/api.w.org\/{rel}","templated":true}]}}