{"id":18129,"date":"2024-05-02T16:15:58","date_gmt":"2024-05-02T14:15:58","guid":{"rendered":"https:\/\/somosdelprieto.com\/?page_id=18129"},"modified":"2025-03-10T13:04:36","modified_gmt":"2025-03-10T12:04:36","slug":"realidad-virtual","status":"publish","type":"page","link":"https:\/\/somosdelprieto.com\/index.php\/realidad-virtual\/","title":{"rendered":"Realidad Virtual"},"content":{"rendered":"\n<figure class=\"wp-block-image size-large\"><img loading=\"lazy\" decoding=\"async\" width=\"724\" height=\"1024\" src=\"https:\/\/somosdelprieto.com\/wp-content\/uploads\/2025\/03\/CARTEL-talleres-Informatica-Feria-FP-2025-724x1024.jpg\" alt=\"\" class=\"wp-image-20715\" srcset=\"https:\/\/somosdelprieto.com\/wp-content\/uploads\/2025\/03\/CARTEL-talleres-Informatica-Feria-FP-2025-724x1024.jpg 724w, https:\/\/somosdelprieto.com\/wp-content\/uploads\/2025\/03\/CARTEL-talleres-Informatica-Feria-FP-2025-212x300.jpg 212w, https:\/\/somosdelprieto.com\/wp-content\/uploads\/2025\/03\/CARTEL-talleres-Informatica-Feria-FP-2025-768x1086.jpg 768w, https:\/\/somosdelprieto.com\/wp-content\/uploads\/2025\/03\/CARTEL-talleres-Informatica-Feria-FP-2025-1086x1536.jpg 1086w, https:\/\/somosdelprieto.com\/wp-content\/uploads\/2025\/03\/CARTEL-talleres-Informatica-Feria-FP-2025-1448x2048.jpg 1448w, https:\/\/somosdelprieto.com\/wp-content\/uploads\/2025\/03\/CARTEL-talleres-Informatica-Feria-FP-2025-scaled.jpg 1810w\" sizes=\"auto, (max-width: 724px) 100vw, 724px\" \/><\/figure>\n\n\n\n<figure class=\"wp-block-embed is-type-video is-provider-youtube wp-block-embed-youtube wp-embed-aspect-16-9 wp-has-aspect-ratio\"><div class=\"wp-block-embed__wrapper\">\n<iframe loading=\"lazy\" title=\"Talleres de la familia profesional de Inform\u00e1tica\" width=\"525\" height=\"295\" src=\"https:\/\/www.youtube.com\/embed\/1DeW_vCEmCc?feature=oembed\" frameborder=\"0\" allow=\"accelerometer; autoplay; clipboard-write; encrypted-media; gyroscope; picture-in-picture; web-share\" referrerpolicy=\"strict-origin-when-cross-origin\" allowfullscreen><\/iframe>\n<\/div><\/figure>\n\n\n\n<p class=\"has-background\" style=\"background-color:#07e3db40\">\u2013&nbsp;<strong>Taller \u00abRealidad Virtual e Inteligencia Digital\u00bb<\/strong>. Entra en el metaverso a trav\u00e9s de Oculus&nbsp;<em>Quest 2<\/em>, disfruta de los v\u00eddeos 360 y juegos inmersivos. Descubre tambi\u00e9n c\u00f3mo aprende una Inteligencia Artificial, siendo capaz de distinguir objetos o personas.<\/p>\n","protected":false},"excerpt":{"rendered":"<p>\u2013&nbsp;Taller \u00abRealidad Virtual e Inteligencia Digital\u00bb. Entra en el metaverso a trav\u00e9s de Oculus&nbsp;Quest 2, disfruta de los v\u00eddeos 360 y juegos inmersivos. Descubre tambi\u00e9n c\u00f3mo aprende una Inteligencia Artificial, siendo capaz de distinguir objetos o personas.<\/p>\n","protected":false},"author":24,"featured_media":0,"parent":0,"menu_order":0,"comment_status":"closed","ping_status":"closed","template":"","meta":{"footnotes":""},"class_list":["post-18129","page","type-page","status-publish","hentry"],"_links":{"self":[{"href":"https:\/\/somosdelprieto.com\/index.php\/wp-json\/wp\/v2\/pages\/18129","targetHints":{"allow":["GET"]}}],"collection":[{"href":"https:\/\/somosdelprieto.com\/index.php\/wp-json\/wp\/v2\/pages"}],"about":[{"href":"https:\/\/somosdelprieto.com\/index.php\/wp-json\/wp\/v2\/types\/page"}],"author":[{"embeddable":true,"href":"https:\/\/somosdelprieto.com\/index.php\/wp-json\/wp\/v2\/users\/24"}],"replies":[{"embeddable":true,"href":"https:\/\/somosdelprieto.com\/index.php\/wp-json\/wp\/v2\/comments?post=18129"}],"version-history":[{"count":2,"href":"https:\/\/somosdelprieto.com\/index.php\/wp-json\/wp\/v2\/pages\/18129\/revisions"}],"predecessor-version":[{"id":20716,"href":"https:\/\/somosdelprieto.com\/index.php\/wp-json\/wp\/v2\/pages\/18129\/revisions\/20716"}],"wp:attachment":[{"href":"https:\/\/somosdelprieto.com\/index.php\/wp-json\/wp\/v2\/media?parent=18129"}],"curies":[{"name":"wp","href":"https:\/\/api.w.org\/{rel}","templated":true}]}}