{"id":17739,"date":"2024-04-25T09:39:13","date_gmt":"2024-04-25T07:39:13","guid":{"rendered":"https:\/\/somosdelprieto.com\/?page_id=17739"},"modified":"2025-01-27T12:45:47","modified_gmt":"2025-01-27T11:45:47","slug":"iii-feria-de-fp-2024","status":"publish","type":"page","link":"https:\/\/somosdelprieto.com\/index.php\/iii-feria-de-fp-2024\/","title":{"rendered":"III FERIA DE FP 2024"},"content":{"rendered":"\n<p>Celebramos la&nbsp;<strong>3\u00aa Feria de Formaci\u00f3n Profesional<\/strong>&nbsp;de Valdepe\u00f1as, donde podr\u00e1s conocer las profesiones a las que te podr\u00e1s dedicar en el futuro, en un foro formado por empresas colaboradoras, docentes, responsables de la administraci\u00f3n y alumnado que ha terminado de forma exitosa sus estudios y ahora est\u00e1 trabajando.<\/p>\n\n\n\n<p>La feria se celebrar\u00e1 el&nbsp;<strong>16 de Mayo<\/strong> en dos escenarios en paralelo:<\/p>\n\n\n\n<ul class=\"wp-block-list\">\n<li>En el<strong> sal\u00f3n de actos<\/strong>, donde se debatir\u00e1&nbsp;sobre la<strong>&nbsp;FP Dual<\/strong>,&nbsp;se hablar\u00e1 con el alumnado de<strong>&nbsp;Ciclos Formativos de FP<\/strong>, sobre las posibilidades que nos ofrece este tipo de ense\u00f1anza, los modelos llevados a cabo en la provincia y la experiencia de <strong>antiguo alumnado<\/strong> en formaci\u00f3n y en pr\u00e1cticas.<\/li>\n<\/ul>\n\n\n\n<ul class=\"wp-block-list\">\n<li>En el<strong> pabell\u00f3n del centro<\/strong>, que estar\u00e1 abierto al&nbsp;<strong>p\u00fablico en general y al alumnado de ESO y Bachillerato<\/strong>&nbsp;a partir de las&nbsp;<strong>8:30<\/strong>&nbsp;de la ma\u00f1ana, y donde se podr\u00e1n visitar, por el&nbsp;<strong>la puerta principal del IES Gregorio Prieto<\/strong>. los stands de las distintas familias profesionales, donde se explicar\u00e1n las profesiones que puedes estudiar en Valdepe\u00f1as y adem\u00e1s podr\u00e1s participar en los&nbsp;<strong>talleres<\/strong>&nbsp;relacionados con estas profesiones que se celebrar\u00e1n a partir de las 10:20 de la ma\u00f1ana en el propio pabell\u00f3n y en las instalaciones de las familias profesionales. <\/li>\n<\/ul>\n\n\n\n<p>Ap\u00fantate ahora mismo que las&nbsp;<strong>plazas son limitadas<\/strong> y el plazo finaliza el <strong>Lunes d\u00eda 13 de Mayo<\/strong>.<\/p>\n\n\n\n<div class=\"wp-block-group\"><div class=\"wp-block-group__inner-container is-layout-flow wp-block-group-is-layout-flow\">\n<figure class=\"wp-block-image size-large\"><img loading=\"lazy\" decoding=\"async\" width=\"1024\" height=\"724\" src=\"https:\/\/somosdelprieto.com\/wp-content\/uploads\/2024\/05\/Triptico-Feria-FP-2024-1024x724.png\" alt=\"\" class=\"wp-image-18318\" srcset=\"https:\/\/somosdelprieto.com\/wp-content\/uploads\/2024\/05\/Triptico-Feria-FP-2024-1024x724.png 1024w, https:\/\/somosdelprieto.com\/wp-content\/uploads\/2024\/05\/Triptico-Feria-FP-2024-300x212.png 300w, https:\/\/somosdelprieto.com\/wp-content\/uploads\/2024\/05\/Triptico-Feria-FP-2024-768x543.png 768w, https:\/\/somosdelprieto.com\/wp-content\/uploads\/2024\/05\/Triptico-Feria-FP-2024-1536x1086.png 1536w, https:\/\/somosdelprieto.com\/wp-content\/uploads\/2024\/05\/Triptico-Feria-FP-2024.png 2000w\" sizes=\"auto, (max-width: 767px) 89vw, (max-width: 1000px) 54vw, (max-width: 1071px) 543px, 580px\" \/><\/figure>\n<\/div><\/div>\n\n\n\n<h1 class=\"wp-block-heading\"><strong>Inscripci\u00f3n a los talleres<\/strong>.<\/h1>\n\n\n\n<p>Durante la jornada de la feria vamos a realizar&nbsp;talleres&nbsp;desarrollados por las distintas familias profesionales del centro.<\/p>\n\n\n\n<p>En el siguiente<strong>&nbsp;<a href=\"https:\/\/forms.office.com\/e\/F9F9hGwXpz\" data-type=\"link\" data-id=\"https:\/\/forms.office.com\/e\/F9F9hGwXpz\" target=\"_blank\" rel=\"noreferrer noopener\">formulario<\/a><\/strong>&nbsp;podr\u00e1s apuntarte aquellos que m\u00e1s te gusten. AP\u00daNTATE YA.<\/p>\n\n\n\n<p>Dentro de las distintas actividades programadas para la jornada de la Feria de la FP (Visita de las instalaciones del centro,  visita de los stands de las familias profesionales, inauguraci\u00f3n oficial, etc.) podr\u00e1s participar en distintos talleres relacionados con estas profesiones que se celebrar\u00e1n a partir de las 10:20 de la ma\u00f1ana y organizados en 4 turnos distintos.<\/p>\n\n\n\n<p>Ap\u00fantate ahora mismo que las plazas son limitadas.<\/p>\n\n\n\n<p><\/p>\n\n\n\n<figure class=\"wp-block-table is-style-stripes\"><table><thead><tr><th class=\"has-text-align-left\" data-align=\"left\">TALLERES<\/th><th class=\"has-text-align-center\" data-align=\"center\">FAMILIA PROFESIONAL<\/th><th>UBICACI\u00d3N<\/th><\/tr><\/thead><tbody><tr><td class=\"has-text-align-left\" data-align=\"left\"><a href=\"https:\/\/somosdelprieto.com\/index.php\/realidad-virtual\/\" data-type=\"link\" data-id=\"https:\/\/somosdelprieto.com\/index.php\/realidad-virtual\/\" target=\"_blank\" rel=\"noreferrer noopener\">Realidad Virtual<\/a><\/td><td class=\"has-text-align-center\" data-align=\"center\">Inform\u00e1tica<\/td><td>A142 ATECA<\/td><\/tr><tr><td class=\"has-text-align-left\" data-align=\"left\"><a href=\"https:\/\/somosdelprieto.com\/index.php\/creacion-de-tarros-decorativos-de-arena\/\" data-type=\"link\" data-id=\"https:\/\/somosdelprieto.com\/index.php\/creacion-de-tarros-decorativos-de-arena\/\" target=\"_blank\" rel=\"noreferrer noopener\">Creaci\u00f3n de TARROS DECORATIVOS de arena<\/a><\/td><td class=\"has-text-align-center\" data-align=\"center\">Agraria<\/td><td>C012 Pabell\u00f3n<\/td><\/tr><tr><td class=\"has-text-align-left\" data-align=\"left\"><a href=\"https:\/\/somosdelprieto.com\/index.php\/crea-calcula-y-lanzalo\/\" data-type=\"link\" data-id=\"https:\/\/somosdelprieto.com\/index.php\/crea-calcula-y-lanzalo\/\" target=\"_blank\" rel=\"noreferrer noopener\">Crea, calcula y lanza TU PRODUCTO<\/a><\/td><td class=\"has-text-align-center\" data-align=\"center\">Administraci\u00f3n<\/td><td>A127 Administraci\u00f3n<\/td><\/tr><tr><td class=\"has-text-align-left\" data-align=\"left\"><a href=\"https:\/\/somosdelprieto.com\/index.php\/la-renta-a-pagar-o-a-devolver\/\" data-type=\"link\" data-id=\"https:\/\/somosdelprieto.com\/index.php\/la-renta-a-pagar-o-a-devolver\/\" target=\"_blank\" rel=\"noreferrer noopener\">La renta: \u00bfA PAGAR o a DEVOLVER?<\/a><\/td><td class=\"has-text-align-center\" data-align=\"center\">Administraci\u00f3n<\/td><td>A127 Administraci\u00f3n<\/td><\/tr><tr><td class=\"has-text-align-left\" data-align=\"left\"><a href=\"https:\/\/somosdelprieto.com\/index.php\/escape-room-electrico\/\" data-type=\"URL\" data-id=\"https:\/\/somosdelprieto.com\/index.php\/taller-profesional-escape-room-electrico-electricidad\/\" target=\"_blank\" rel=\"noreferrer noopener\">Escape Room El\u00e9ctrico<\/a><\/td><td class=\"has-text-align-center\" data-align=\"center\">Electricidad<\/td><td>A036 Electricidad<\/td><\/tr><tr><td class=\"has-text-align-left\" data-align=\"left\"><a href=\"https:\/\/somosdelprieto.com\/index.php\/iniciacion-a-la-cocina\/\" data-type=\"link\" data-id=\"https:\/\/somosdelprieto.com\/index.php\/iniciacion-a-la-cocina\/\" target=\"_blank\" rel=\"noreferrer noopener\">Iniciaci\u00f3n a la cocina<\/a><\/td><td class=\"has-text-align-center\" data-align=\"center\">Hosteler\u00eda<\/td><td>C012 Pabell\u00f3n<\/td><\/tr><tr><td class=\"has-text-align-left\" data-align=\"left\"><a href=\"https:\/\/somosdelprieto.com\/index.php\/como-invertir-en-bolsa\/\" data-type=\"link\" data-id=\"https:\/\/somosdelprieto.com\/index.php\/como-invertir-en-bolsa\/\" target=\"_blank\" rel=\"noreferrer noopener\">C\u00f3mo invertir en bolsa<\/a><\/td><td class=\"has-text-align-center\" data-align=\"center\">Administraci\u00f3n<\/td><td>A127 Administraci\u00f3n<\/td><\/tr><tr><td class=\"has-text-align-left\" data-align=\"left\"><a href=\"https:\/\/somosdelprieto.com\/index.php\/creacion-de-marcapaginas-creativos\/\" data-type=\"link\" data-id=\"https:\/\/somosdelprieto.com\/index.php\/creacion-de-marcapaginas-creativos\/\" target=\"_blank\" rel=\"noreferrer noopener\">Creaci\u00f3n de MARCAP\u00c1GINAS creativos<\/a><\/td><td class=\"has-text-align-center\" data-align=\"center\">Agraria<\/td><td>C012 Pabell\u00f3n<\/td><\/tr><tr><td class=\"has-text-align-left\" data-align=\"left\"><a href=\"https:\/\/somosdelprieto.com\/index.php\/taller-hidroimpresion-y-diagnosis-de-vehiculos\/\" data-type=\"link\" data-id=\"https:\/\/somosdelprieto.com\/index.php\/taller-hidroimpresion-y-diagnosis-de-vehiculos\/\" target=\"_blank\" rel=\"noreferrer noopener\">Hidroimpresi\u00f3n y Diagn\u00f3sis de Veh\u00edculos<\/a><\/td><td class=\"has-text-align-center\" data-align=\"center\">Transporte y Mantenimiento de Veh\u00edculos<\/td><td>B013 y B014 Talleres Automoci\u00f3n<\/td><\/tr><tr><td class=\"has-text-align-left\" data-align=\"left\"><a href=\"https:\/\/somosdelprieto.com\/index.php\/recorrido-sensorial-y-degustacion-de-aove\/\" data-type=\"link\" data-id=\"https:\/\/somosdelprieto.com\/index.php\/recorrido-sensorial-y-degustacion-de-aove\/\" target=\"_blank\" rel=\"noreferrer noopener\">Recorrido sensorial y Degustaci\u00f3n de AOVE<\/a><\/td><td class=\"has-text-align-center\" data-align=\"center\">Industrias Alimentarias<\/td><td>D008 Bodega<\/td><\/tr><tr><td class=\"has-text-align-left\" data-align=\"left\"><a href=\"https:\/\/somosdelprieto.com\/index.php\/iluminacion-sonido-espectaculos-e-iniciacion-al-hogar-digital\/\" data-type=\"link\" data-id=\"https:\/\/somosdelprieto.com\/index.php\/iluminacion-sonido-espectaculos-e-iniciacion-al-hogar-digital\/\" target=\"_blank\" rel=\"noreferrer noopener\">Iluminaci\u00f3n, Sonido, Espect\u00e1culos y Hogar Digital<\/a><\/td><td class=\"has-text-align-center\" data-align=\"center\">Electr\u00f3nica<\/td><td>D030 y D033 Electr\u00f3nica<\/td><\/tr><tr><td class=\"has-text-align-left\" data-align=\"left\"><a href=\"https:\/\/somosdelprieto.com\/index.php\/propagacion-vegetal\/\" data-type=\"link\" data-id=\"https:\/\/somosdelprieto.com\/index.php\/propagacion-vegetal\/\" target=\"_blank\" rel=\"noreferrer noopener\">Propagaci\u00f3n Vegetal<\/a><\/td><td class=\"has-text-align-center\" data-align=\"center\">Agraria<\/td><td>C012 Pabell\u00f3n<\/td><\/tr><tr><td class=\"has-text-align-left\" data-align=\"left\"><a href=\"https:\/\/somosdelprieto.com\/index.php\/escape-room-ciberseguridad\/\" data-type=\"link\" data-id=\"https:\/\/somosdelprieto.com\/index.php\/escape-room-ciberseguridad\/\" target=\"_blank\" rel=\"noreferrer noopener\">Escape Room Ciberseguridad<\/a><\/td><td class=\"has-text-align-center\" data-align=\"center\">Inform\u00e1tica<\/td><td>A013 Inform\u00e1tica<\/td><\/tr><tr><td class=\"has-text-align-left\" data-align=\"left\"><a href=\"https:\/\/somosdelprieto.com\/index.php\/event\/anuncios-en-ticktok-e-instagram\/\" data-type=\"URL\" data-id=\"https:\/\/somosdelprieto.com\/index.php\/taller-profesional-cata-de-aceite-industrias-alimentarias\/\" target=\"_blank\" rel=\"noreferrer noopener\"><\/a><a href=\"https:\/\/somosdelprieto.com\/index.php\/anunciate-en-tiktok-e-instagram\/\" data-type=\"link\" data-id=\"https:\/\/somosdelprieto.com\/index.php\/anunciate-en-tiktok-e-instagram\/\" target=\"_blank\" rel=\"noreferrer noopener\">An\u00fanciate en TikTok e Instagram<\/a><\/td><td class=\"has-text-align-center\" data-align=\"center\">Comercio y Marketing<\/td><td>F110 Comercio<\/td><\/tr><tr><td class=\"has-text-align-left\" data-align=\"left\"><a href=\"https:\/\/somosdelprieto.com\/index.php\/montaje-pc-gaming\/\" data-type=\"link\" data-id=\"https:\/\/somosdelprieto.com\/index.php\/montaje-pc-gaming\/\" target=\"_blank\" rel=\"noreferrer noopener\">Montaje de un PC Gaming<\/a><\/td><td class=\"has-text-align-center\" data-align=\"center\">Inform\u00e1tica<\/td><td>A017 Inform\u00e1tica<\/td><\/tr><tr><td class=\"has-text-align-left\" data-align=\"left\"><a href=\"https:\/\/somosdelprieto.com\/index.php\/taller-de-estetica\/\" data-type=\"URL\" data-id=\"https:\/\/youtu.be\/a2NXGPjV3cs\" target=\"_blank\" rel=\"noreferrer noopener\">Est\u00e9tica y Peluquer\u00eda <\/a><\/td><td class=\"has-text-align-center\" data-align=\"center\">Est\u00e9tica (IES Francisco Nieva)<\/td><td>C012 Pabell\u00f3n<\/td><\/tr><\/tbody><\/table><\/figure>\n\n\n\n<div class=\"wp-block-group\"><div class=\"wp-block-group__inner-container is-layout-flow wp-block-group-is-layout-flow\"><\/div><\/div>\n\n\n\n<p style=\"line-height:1\"><em><strong>Fotos y videos en 360\u00ba.<\/strong><\/em><\/p>\n\n\n\n<div class=\"wp-block-group\"><div class=\"wp-block-group__inner-container is-layout-constrained wp-block-group-is-layout-constrained\"><\/div><\/div>\n\n\n\n<p>Estas fotos y v\u00eddeos son creados con una panor\u00e1mica en la que se puede ver todas las direcciones al mismo tiempo (izquierda, derecha, delante, atr\u00e1s\u2026.) Nosotros hemos grabado diferentes actividades de las familias profesionales donde podr\u00e9is ver las instalaciones que utilizan para su formaci\u00f3n, una explicaci\u00f3n de las actividades realizadas y c\u00f3mo se desenvuelven en el d\u00eda a d\u00eda.<\/p>\n\n\n\n<figure class=\"wp-block-table is-style-regular\"><table><tbody><tr><td>           <\/td><td><a href=\"https:\/\/somosdelprieto.com\/index.php\/administracion-en-360o\/\">Administraci\u00f3n en 360\u00ba<\/a><br><a href=\"https:\/\/somosdelprieto.com\/index.php\/cocina-en-360o\/\">Cocina en 360\u00ba<\/a><br><a href=\"https:\/\/somosdelprieto.com\/index.php\/comercio\/\">Comercio en 360\u00ba<\/a><br><a href=\"https:\/\/somosdelprieto.com\/index.php\/electricidad-en-360o\/\">Electricidad en 360\u00ba<\/a><br><a href=\"https:\/\/somosdelprieto.com\/index.php\/fol-en-360o\/\">FOL en 360\u00ba<\/a><br><a href=\"https:\/\/somosdelprieto.com\/index.php\/informatica-en-360o\/\">Inform\u00e1tica en 360\u00ba<\/a><br><a href=\"https:\/\/somosdelprieto.com\/index.php\/jardineria\/\">Jardiner\u00eda en 360\u00ba<\/a><br><a href=\"https:\/\/somosdelprieto.com\/index.php\/mecanica-en-360\/\">Mec\u00e1nica en 360\u00ba<\/a><br><a href=\"https:\/\/somosdelprieto.com\/index.php\/telecomunicaciones\/\">Telecomunicaciones en 360\u00ba<\/a><br><a href=\"https:\/\/somosdelprieto.com\/index.php\/vitivinicultura-en-360o\/\">Vitivinicultura en 360\u00ba<\/a><\/td><td><\/td><\/tr><\/tbody><\/table><\/figure>\n\n\n\n<h1 class=\"wp-block-heading\"><strong><em>Datos de contacto y sugerencias.<\/em><\/strong><\/h1>\n\n\n\n<p style=\"line-height:1\">Pagina para contactar con cualquier departamento, haz clic<a href=\"https:\/\/somosdelprieto.com\/index.php\/departamentos\/\" data-type=\"URL\" data-id=\"https:\/\/somosdelprieto.com\/index.php\/departamentos\/\"> <strong>aqu\u00ed<\/strong><\/a>.<\/p>\n\n\n\n<p style=\"line-height:1\">Cargos de todo el centro, haz clic <a href=\"https:\/\/somosdelprieto.com\/index.php\/cargos\/\" data-type=\"URL\" data-id=\"https:\/\/somosdelprieto.com\/index.php\/cargos\/\"><strong>aqu\u00ed<\/strong><\/a>.<\/p>\n\n\n\n<p><\/p>\n","protected":false},"excerpt":{"rendered":"<p>Celebramos la&nbsp;3\u00aa Feria de Formaci\u00f3n Profesional&nbsp;de Valdepe\u00f1as, donde podr\u00e1s conocer las profesiones a las que te podr\u00e1s dedicar en el futuro, en un foro formado por empresas colaboradoras, docentes, responsables de la administraci\u00f3n y alumnado que ha terminado de forma exitosa sus estudios y ahora est\u00e1 trabajando. La feria se celebrar\u00e1 el&nbsp;16 de Mayo en &hellip; <\/p>\n<p class=\"link-more\"><a href=\"https:\/\/somosdelprieto.com\/index.php\/iii-feria-de-fp-2024\/\" class=\"more-link\">Continuar leyendo<span class=\"screen-reader-text\"> \u00abIII FERIA DE FP 2024\u00bb<\/span><\/a><\/p>\n","protected":false},"author":1,"featured_media":0,"parent":0,"menu_order":0,"comment_status":"closed","ping_status":"closed","template":"","meta":{"footnotes":""},"class_list":["post-17739","page","type-page","status-publish","hentry"],"_links":{"self":[{"href":"https:\/\/somosdelprieto.com\/index.php\/wp-json\/wp\/v2\/pages\/17739","targetHints":{"allow":["GET"]}}],"collection":[{"href":"https:\/\/somosdelprieto.com\/index.php\/wp-json\/wp\/v2\/pages"}],"about":[{"href":"https:\/\/somosdelprieto.com\/index.php\/wp-json\/wp\/v2\/types\/page"}],"author":[{"embeddable":true,"href":"https:\/\/somosdelprieto.com\/index.php\/wp-json\/wp\/v2\/users\/1"}],"replies":[{"embeddable":true,"href":"https:\/\/somosdelprieto.com\/index.php\/wp-json\/wp\/v2\/comments?post=17739"}],"version-history":[{"count":33,"href":"https:\/\/somosdelprieto.com\/index.php\/wp-json\/wp\/v2\/pages\/17739\/revisions"}],"predecessor-version":[{"id":18375,"href":"https:\/\/somosdelprieto.com\/index.php\/wp-json\/wp\/v2\/pages\/17739\/revisions\/18375"}],"wp:attachment":[{"href":"https:\/\/somosdelprieto.com\/index.php\/wp-json\/wp\/v2\/media?parent=17739"}],"curies":[{"name":"wp","href":"https:\/\/api.w.org\/{rel}","templated":true}]}}