{"id":16934,"date":"2024-01-25T10:38:02","date_gmt":"2024-01-25T09:38:02","guid":{"rendered":"https:\/\/somosdelprieto.com\/?page_id=16934"},"modified":"2024-02-29T08:47:26","modified_gmt":"2024-02-29T07:47:26","slug":"instalaciones","status":"publish","type":"page","link":"https:\/\/somosdelprieto.com\/index.php\/instalaciones\/","title":{"rendered":"INSTALACIONES"},"content":{"rendered":"\n<p><a href=\"https:\/\/youtu.be\/Jo4-ieyFJGE?si=3J4Oz3A-ngMWqaaZ\" data-type=\"URL\" data-id=\"https:\/\/youtu.be\/Jo4-ieyFJGE?si=3J4Oz3A-ngMWqaaZ\">GRADO MEDIO DE ELECTROMEC\u00c1NICA DE VEH\u00cdCULOS<\/a><\/p>\n\n\n\n<p><a href=\"https:\/\/youtu.be\/gpew0rkjRBM?si=lvF463_MKbjwkwFQ\">GRADO MEDIO DE CARROCER\u00cdA<\/a><\/p>\n\n\n\n<p><\/p>\n","protected":false},"excerpt":{"rendered":"<p>GRADO MEDIO DE ELECTROMEC\u00c1NICA DE VEH\u00cdCULOS GRADO MEDIO DE CARROCER\u00cdA<\/p>\n","protected":false},"author":51,"featured_media":0,"parent":0,"menu_order":0,"comment_status":"closed","ping_status":"closed","template":"","meta":{"footnotes":""},"class_list":["post-16934","page","type-page","status-publish","hentry"],"_links":{"self":[{"href":"https:\/\/somosdelprieto.com\/index.php\/wp-json\/wp\/v2\/pages\/16934","targetHints":{"allow":["GET"]}}],"collection":[{"href":"https:\/\/somosdelprieto.com\/index.php\/wp-json\/wp\/v2\/pages"}],"about":[{"href":"https:\/\/somosdelprieto.com\/index.php\/wp-json\/wp\/v2\/types\/page"}],"author":[{"embeddable":true,"href":"https:\/\/somosdelprieto.com\/index.php\/wp-json\/wp\/v2\/users\/51"}],"replies":[{"embeddable":true,"href":"https:\/\/somosdelprieto.com\/index.php\/wp-json\/wp\/v2\/comments?post=16934"}],"version-history":[{"count":5,"href":"https:\/\/somosdelprieto.com\/index.php\/wp-json\/wp\/v2\/pages\/16934\/revisions"}],"predecessor-version":[{"id":17299,"href":"https:\/\/somosdelprieto.com\/index.php\/wp-json\/wp\/v2\/pages\/16934\/revisions\/17299"}],"wp:attachment":[{"href":"https:\/\/somosdelprieto.com\/index.php\/wp-json\/wp\/v2\/media?parent=16934"}],"curies":[{"name":"wp","href":"https:\/\/api.w.org\/{rel}","templated":true}]}}