{"id":163,"date":"2020-04-07T12:35:29","date_gmt":"2020-04-07T10:35:29","guid":{"rendered":"http:\/\/somosdelprieto.com\/?page_id=163"},"modified":"2024-06-21T18:13:47","modified_gmt":"2024-06-21T16:13:47","slug":"departamento-de-administracion-y-gestion-rea","status":"publish","type":"page","link":"https:\/\/somosdelprieto.com\/index.php\/portada\/proyectos-2\/recursos-educativos-abiertos\/departamento-de-administracion-y-gestion-rea\/","title":{"rendered":"DEPARTAMENTO DE ADMINISTRACI\u00d3N Y GESTI\u00d3N &#8211; RECURSOS EDUCATIVOS ABIERTOS"},"content":{"rendered":"\n<figure class=\"wp-block-image size-large\"><img loading=\"lazy\" decoding=\"async\" width=\"1024\" height=\"683\" src=\"http:\/\/somosdelprieto.com\/wp-content\/uploads\/2020\/04\/conference-room-768441_1920-1024x683.jpg\" alt=\"\" class=\"wp-image-296\" srcset=\"https:\/\/somosdelprieto.com\/wp-content\/uploads\/2020\/04\/conference-room-768441_1920-1024x683.jpg 1024w, https:\/\/somosdelprieto.com\/wp-content\/uploads\/2020\/04\/conference-room-768441_1920-300x200.jpg 300w, https:\/\/somosdelprieto.com\/wp-content\/uploads\/2020\/04\/conference-room-768441_1920-768x512.jpg 768w, https:\/\/somosdelprieto.com\/wp-content\/uploads\/2020\/04\/conference-room-768441_1920-1536x1024.jpg 1536w, https:\/\/somosdelprieto.com\/wp-content\/uploads\/2020\/04\/conference-room-768441_1920.jpg 1920w\" sizes=\"auto, (max-width: 767px) 89vw, (max-width: 1000px) 54vw, (max-width: 1071px) 543px, 580px\" \/><figcaption><a href=\"https:\/\/pixabay.com\/es\/service\/license\/\">Pixabay License<\/a><\/figcaption><\/figure>\n\n\n\n<p><\/p>\n\n\n\n<h2 class=\"wp-block-heading\"><span class=\"has-inline-color has-vivid-purple-color\"><strong>CICLO FORMATIVO DE GRADO SUPERIOR \u00abADMINISTRACI\u00d3N Y FINANZAS\u00bb<\/strong><\/span><\/h2>\n\n\n\n<h3 class=\"wp-block-heading\"><span class=\"has-inline-color has-vivid-green-cyan-color\"><strong>1\u00ba CURSO:<\/strong><\/span><\/h3>\n\n\n\n<h4 class=\"wp-block-heading\"><span class=\"has-inline-color has-vivid-red-color\"><strong>M\u00d3DULO PROFESIONAL \u00abGESTI\u00d3N DE LA DOCUMENTACI\u00d3N JUR\u00cdDICA Y EMPRESARIAL\u00bb:<\/strong><\/span><\/h4>\n\n\n\n<ul class=\"wp-block-list\"><li><a rel=\"noreferrer noopener\" href=\"http:\/\/somosdelprieto.com\/rea\/administracion\/gdje\/U1\/index.html\" target=\"_blank\">La informaci\u00f3n jur\u00eddica requerida por la actividad empresarial<\/a> (SCORM)<\/li><li><a rel=\"noreferrer noopener\" href=\"http:\/\/somosdelprieto.com\/rea\/administracion\/gdje\/U2\/index.html\" target=\"_blank\">Los poderes p\u00fablicos y sus funciones.<\/a> (SCORM)<\/li><li><a rel=\"noreferrer noopener\" href=\"http:\/\/somosdelprieto.com\/rea\/administracion\/gdje\/U3\/index.html\" target=\"_blank\">La Administraci\u00f3n General del Estado.<\/a> (SCORM)<\/li><li><a rel=\"noreferrer noopener\" href=\"http:\/\/somosdelprieto.com\/rea\/administracion\/gdje\/U4\/index.html\" target=\"_blank\">Las Comunidades Aut\u00f3nomas<\/a> (SCORM)<\/li><li><a rel=\"noreferrer noopener\" href=\"http:\/\/somosdelprieto.com\/rea\/administracion\/gdje\/U5\/index.html\" target=\"_blank\">La Administraci\u00f3n Local<\/a> (SCORM)<\/li><li><a rel=\"noreferrer noopener\" href=\"http:\/\/somosdelprieto.com\/rea\/administracion\/gdje\/U6\/index.html\" target=\"_blank\">La Uni\u00f3n Europea<\/a> (SCORM)<\/li><li><a rel=\"noreferrer noopener\" href=\"http:\/\/somosdelprieto.com\/rea\/administracion\/gdje\/U7\/index.html\" target=\"_blank\">Documentaci\u00f3n en el procedimiento administrativo.<\/a> (SCORM)<\/li><li><a rel=\"noreferrer noopener\" href=\"http:\/\/somosdelprieto.com\/rea\/administracion\/gdje\/U8\/index.html\" target=\"_blank\">Documentaci\u00f3n en los procesos de contrataci\u00f3n p\u00fablica y concesi\u00f3n de subvenciones. Certificaci\u00f3n de identidad ante la Administraci\u00f3n P\u00fablica.<\/a> (SCORM)<\/li><li><a rel=\"noreferrer noopener\" href=\"http:\/\/somosdelprieto.com\/rea\/administracion\/gdje\/U9\/index.html\" target=\"_blank\">Formas jur\u00eddicas en una empresa.<\/a> (SCORM)<\/li><li><a rel=\"noreferrer noopener\" href=\"http:\/\/somosdelprieto.com\/rea\/administracion\/gdje\/U10\/index.html\" target=\"_blank\">Documentaci\u00f3n jur\u00eddica de la constituci\u00f3n y funcionamiento de la empresa <\/a>(SCORM)<\/li><\/ul>\n\n\n\n<p><\/p>\n\n\n\n<p><a rel=\"noreferrer noopener\" href=\"https:\/\/view.genial.ly\/625808b5cdaccc0018564502\/interactive-content-scape-room-union-europea\" data-type=\"URL\" data-id=\"https:\/\/view.genial.ly\/625808b5cdaccc0018564502\/interactive-content-scape-room-union-europea\" target=\"_blank\">ESCAPE ROOM UNI\u00d3N EUROPEA<\/a><\/p>\n\n\n\n<p><\/p>\n\n\n\n<h3 class=\"wp-block-heading\"><span class=\"has-inline-color has-vivid-green-cyan-color\"><strong>2\u00ba CURSO:<\/strong><\/span><\/h3>\n\n\n\n<h4 class=\"wp-block-heading\"><span class=\"has-inline-color has-vivid-red-color\"><strong>M\u00d3DULO PROFESIONAL \u00abGESTI\u00d3N FINANCIERA\u00bb:<\/strong><\/span><\/h4>\n","protected":false},"excerpt":{"rendered":"<p>CICLO FORMATIVO DE GRADO SUPERIOR \u00abADMINISTRACI\u00d3N Y FINANZAS\u00bb 1\u00ba CURSO: M\u00d3DULO PROFESIONAL \u00abGESTI\u00d3N DE LA DOCUMENTACI\u00d3N JUR\u00cdDICA Y EMPRESARIAL\u00bb: La informaci\u00f3n jur\u00eddica requerida por la actividad empresarial (SCORM) Los poderes p\u00fablicos y sus funciones. (SCORM) La Administraci\u00f3n General del Estado. (SCORM) Las Comunidades Aut\u00f3nomas (SCORM) La Administraci\u00f3n Local (SCORM) La Uni\u00f3n Europea (SCORM) Documentaci\u00f3n en &hellip; <\/p>\n<p class=\"link-more\"><a href=\"https:\/\/somosdelprieto.com\/index.php\/portada\/proyectos-2\/recursos-educativos-abiertos\/departamento-de-administracion-y-gestion-rea\/\" class=\"more-link\">Continuar leyendo<span class=\"screen-reader-text\"> \u00abDEPARTAMENTO DE ADMINISTRACI\u00d3N Y GESTI\u00d3N &#8211; RECURSOS EDUCATIVOS ABIERTOS\u00bb<\/span><\/a><\/p>\n","protected":false},"author":4,"featured_media":0,"parent":152,"menu_order":1,"comment_status":"closed","ping_status":"closed","template":"","meta":{"footnotes":""},"class_list":["post-163","page","type-page","status-publish","hentry"],"_links":{"self":[{"href":"https:\/\/somosdelprieto.com\/index.php\/wp-json\/wp\/v2\/pages\/163","targetHints":{"allow":["GET"]}}],"collection":[{"href":"https:\/\/somosdelprieto.com\/index.php\/wp-json\/wp\/v2\/pages"}],"about":[{"href":"https:\/\/somosdelprieto.com\/index.php\/wp-json\/wp\/v2\/types\/page"}],"author":[{"embeddable":true,"href":"https:\/\/somosdelprieto.com\/index.php\/wp-json\/wp\/v2\/users\/4"}],"replies":[{"embeddable":true,"href":"https:\/\/somosdelprieto.com\/index.php\/wp-json\/wp\/v2\/comments?post=163"}],"version-history":[{"count":16,"href":"https:\/\/somosdelprieto.com\/index.php\/wp-json\/wp\/v2\/pages\/163\/revisions"}],"predecessor-version":[{"id":19000,"href":"https:\/\/somosdelprieto.com\/index.php\/wp-json\/wp\/v2\/pages\/163\/revisions\/19000"}],"up":[{"embeddable":true,"href":"https:\/\/somosdelprieto.com\/index.php\/wp-json\/wp\/v2\/pages\/152"}],"wp:attachment":[{"href":"https:\/\/somosdelprieto.com\/index.php\/wp-json\/wp\/v2\/media?parent=163"}],"curies":[{"name":"wp","href":"https:\/\/api.w.org\/{rel}","templated":true}]}}