{"id":15805,"date":"2023-06-28T20:28:35","date_gmt":"2023-06-28T18:28:35","guid":{"rendered":"https:\/\/somosdelprieto.com\/?page_id=15805"},"modified":"2023-06-28T20:47:26","modified_gmt":"2023-06-28T18:47:26","slug":"diseno-y-fabricacion-de-juego-de-alabes-para-anemometro","status":"publish","type":"page","link":"https:\/\/somosdelprieto.com\/index.php\/diseno-y-fabricacion-de-juego-de-alabes-para-anemometro\/","title":{"rendered":"Dise\u00f1o y fabricaci\u00f3n de juego de \u00e1labes para anem\u00f3metro"},"content":{"rendered":"\n<h2 class=\"wp-block-heading\"><strong>Dise\u00f1o<\/strong><\/h2>\n\n\n\n<p>Hemos colaborado en un proyecto Steam consistente en la fabricaci\u00f3n de un anem\u00f3metro. Para su dise\u00f1o hemos contado con las dimensiones del eje al que va acoplado. Se fabricar\u00e1n por separado los \u00e1labes semiesf\u00e9ricos y la armadura de montaje del conjunto. Las semiesferas ir\u00e1n fijadas con tornillos.<\/p>\n\n\n\n<figure class=\"wp-block-image size-large\"><img loading=\"lazy\" decoding=\"async\" width=\"1024\" height=\"930\" src=\"https:\/\/somosdelprieto.com\/wp-content\/uploads\/2023\/06\/Captura-de-pantalla-2023-06-28-a-las-20.38.07-1024x930.png\" alt=\"\" class=\"wp-image-15808\" srcset=\"https:\/\/somosdelprieto.com\/wp-content\/uploads\/2023\/06\/Captura-de-pantalla-2023-06-28-a-las-20.38.07-1024x930.png 1024w, https:\/\/somosdelprieto.com\/wp-content\/uploads\/2023\/06\/Captura-de-pantalla-2023-06-28-a-las-20.38.07-300x273.png 300w, https:\/\/somosdelprieto.com\/wp-content\/uploads\/2023\/06\/Captura-de-pantalla-2023-06-28-a-las-20.38.07-768x698.png 768w, https:\/\/somosdelprieto.com\/wp-content\/uploads\/2023\/06\/Captura-de-pantalla-2023-06-28-a-las-20.38.07-1536x1396.png 1536w, https:\/\/somosdelprieto.com\/wp-content\/uploads\/2023\/06\/Captura-de-pantalla-2023-06-28-a-las-20.38.07.png 1620w\" sizes=\"auto, (max-width: 767px) 89vw, (max-width: 1000px) 54vw, (max-width: 1071px) 543px, 580px\" \/><\/figure>\n\n\n\n<p>El proceso de dise\u00f1o y construcci\u00f3n de la soluci\u00f3n se realiz\u00f3 con el grupo de alumnos responsables de proyecto. El objetivo era que conociesen Fusion 360 y la t\u00e9cnica de dise\u00f1o utilizada para el anem\u00f3metro.<\/p>\n\n\n\n<p><strong>Fabricaci\u00f3n<\/strong><\/p>\n\n\n\n<p>Una vez dise\u00f1ado se pasan los ficheros de construcci\u00f3n a la impresora 3D.<\/p>\n\n\n\n<figure class=\"wp-block-image size-large\"><img loading=\"lazy\" decoding=\"async\" width=\"1024\" height=\"765\" src=\"https:\/\/somosdelprieto.com\/wp-content\/uploads\/2023\/06\/WhatsApp-Image-2023-06-27-at-08.08.03-2-1024x765.jpeg\" alt=\"\" class=\"wp-image-15809\" srcset=\"https:\/\/somosdelprieto.com\/wp-content\/uploads\/2023\/06\/WhatsApp-Image-2023-06-27-at-08.08.03-2-1024x765.jpeg 1024w, https:\/\/somosdelprieto.com\/wp-content\/uploads\/2023\/06\/WhatsApp-Image-2023-06-27-at-08.08.03-2-300x224.jpeg 300w, https:\/\/somosdelprieto.com\/wp-content\/uploads\/2023\/06\/WhatsApp-Image-2023-06-27-at-08.08.03-2-768x574.jpeg 768w, https:\/\/somosdelprieto.com\/wp-content\/uploads\/2023\/06\/WhatsApp-Image-2023-06-27-at-08.08.03-2-1536x1148.jpeg 1536w, https:\/\/somosdelprieto.com\/wp-content\/uploads\/2023\/06\/WhatsApp-Image-2023-06-27-at-08.08.03-2.jpeg 1600w\" sizes=\"auto, (max-width: 767px) 89vw, (max-width: 1000px) 54vw, (max-width: 1071px) 543px, 580px\" \/><\/figure>\n\n\n\n<figure class=\"wp-block-image size-large\"><img loading=\"lazy\" decoding=\"async\" width=\"1024\" height=\"765\" src=\"https:\/\/somosdelprieto.com\/wp-content\/uploads\/2023\/06\/WhatsApp-Image-2023-06-27-at-08.08.03-1024x765.jpeg\" alt=\"\" class=\"wp-image-15810\" srcset=\"https:\/\/somosdelprieto.com\/wp-content\/uploads\/2023\/06\/WhatsApp-Image-2023-06-27-at-08.08.03-1024x765.jpeg 1024w, https:\/\/somosdelprieto.com\/wp-content\/uploads\/2023\/06\/WhatsApp-Image-2023-06-27-at-08.08.03-300x224.jpeg 300w, https:\/\/somosdelprieto.com\/wp-content\/uploads\/2023\/06\/WhatsApp-Image-2023-06-27-at-08.08.03-768x574.jpeg 768w, https:\/\/somosdelprieto.com\/wp-content\/uploads\/2023\/06\/WhatsApp-Image-2023-06-27-at-08.08.03-1536x1148.jpeg 1536w, https:\/\/somosdelprieto.com\/wp-content\/uploads\/2023\/06\/WhatsApp-Image-2023-06-27-at-08.08.03.jpeg 1600w\" sizes=\"auto, (max-width: 767px) 89vw, (max-width: 1000px) 54vw, (max-width: 1071px) 543px, 580px\" \/><\/figure>\n\n\n\n<figure class=\"wp-block-video\"><video height=\"368\" style=\"aspect-ratio: 640 \/ 368;\" width=\"640\" controls src=\"https:\/\/somosdelprieto.com\/wp-content\/uploads\/2023\/06\/WhatsApp-Video-2023-06-27-at-08.08.04.mp4\"><\/video><\/figure>\n","protected":false},"excerpt":{"rendered":"<p>Dise\u00f1o Hemos colaborado en un proyecto Steam consistente en la fabricaci\u00f3n de un anem\u00f3metro. Para su dise\u00f1o hemos contado con las dimensiones del eje al que va acoplado. Se fabricar\u00e1n por separado los \u00e1labes semiesf\u00e9ricos y la armadura de montaje del conjunto. Las semiesferas ir\u00e1n fijadas con tornillos. El proceso de dise\u00f1o y construcci\u00f3n de &hellip; <\/p>\n<p class=\"link-more\"><a href=\"https:\/\/somosdelprieto.com\/index.php\/diseno-y-fabricacion-de-juego-de-alabes-para-anemometro\/\" class=\"more-link\">Continuar leyendo<span class=\"screen-reader-text\"> \u00abDise\u00f1o y fabricaci\u00f3n de juego de \u00e1labes para anem\u00f3metro\u00bb<\/span><\/a><\/p>\n","protected":false},"author":59,"featured_media":0,"parent":0,"menu_order":0,"comment_status":"closed","ping_status":"closed","template":"","meta":{"footnotes":""},"class_list":["post-15805","page","type-page","status-publish","hentry"],"_links":{"self":[{"href":"https:\/\/somosdelprieto.com\/index.php\/wp-json\/wp\/v2\/pages\/15805","targetHints":{"allow":["GET"]}}],"collection":[{"href":"https:\/\/somosdelprieto.com\/index.php\/wp-json\/wp\/v2\/pages"}],"about":[{"href":"https:\/\/somosdelprieto.com\/index.php\/wp-json\/wp\/v2\/types\/page"}],"author":[{"embeddable":true,"href":"https:\/\/somosdelprieto.com\/index.php\/wp-json\/wp\/v2\/users\/59"}],"replies":[{"embeddable":true,"href":"https:\/\/somosdelprieto.com\/index.php\/wp-json\/wp\/v2\/comments?post=15805"}],"version-history":[{"count":2,"href":"https:\/\/somosdelprieto.com\/index.php\/wp-json\/wp\/v2\/pages\/15805\/revisions"}],"predecessor-version":[{"id":15812,"href":"https:\/\/somosdelprieto.com\/index.php\/wp-json\/wp\/v2\/pages\/15805\/revisions\/15812"}],"wp:attachment":[{"href":"https:\/\/somosdelprieto.com\/index.php\/wp-json\/wp\/v2\/media?parent=15805"}],"curies":[{"name":"wp","href":"https:\/\/api.w.org\/{rel}","templated":true}]}}