{"id":15776,"date":"2023-06-28T19:26:21","date_gmt":"2023-06-28T17:26:21","guid":{"rendered":"https:\/\/somosdelprieto.com\/?page_id=15776"},"modified":"2024-02-01T11:42:10","modified_gmt":"2024-02-01T10:42:10","slug":"letrero-para-el-proyecto-british-onair","status":"publish","type":"page","link":"https:\/\/somosdelprieto.com\/index.php\/letrero-para-el-proyecto-british-onair\/","title":{"rendered":"Letrero para el proyecto British ONAIR"},"content":{"rendered":"\n<p>Hemos colaborado en un proyecto Steam desde el aula ATECA construyendo un cartel luminoso para el proyecto British del centro. El cartel servir\u00e1 de se\u00f1al luminosa para avisar al alumnado cuando se est\u00e1 grabando audio dentro del aula para que guarden silencio cuando corresponda. <\/p>\n\n\n\n<h2 class=\"wp-block-heading\"><strong>Dise\u00f1o<\/strong><\/h2>\n\n\n\n<p>Tras analizar c\u00f3mo construir el cartel se opt\u00f3 por dise\u00f1arlo con Fusion 360 de Autodesk y mecanizarlo en madera contrachapada con el CNC. Las letras se imprimieron en pl\u00e1stico transparente dej\u00e1ndolas huecas por dentro para alojar en su interior tiras de led RGB.<\/p>\n\n\n\n<p><\/p>\n\n\n\n<figure class=\"wp-block-image size-large\"><img loading=\"lazy\" decoding=\"async\" width=\"1024\" height=\"981\" src=\"https:\/\/somosdelprieto.com\/wp-content\/uploads\/2023\/06\/Captura-de-pantalla-2023-06-28-a-las-19.13.10-1024x981.png\" alt=\"\" class=\"wp-image-15778\" srcset=\"https:\/\/somosdelprieto.com\/wp-content\/uploads\/2023\/06\/Captura-de-pantalla-2023-06-28-a-las-19.13.10-1024x981.png 1024w, https:\/\/somosdelprieto.com\/wp-content\/uploads\/2023\/06\/Captura-de-pantalla-2023-06-28-a-las-19.13.10-300x287.png 300w, https:\/\/somosdelprieto.com\/wp-content\/uploads\/2023\/06\/Captura-de-pantalla-2023-06-28-a-las-19.13.10-768x736.png 768w, https:\/\/somosdelprieto.com\/wp-content\/uploads\/2023\/06\/Captura-de-pantalla-2023-06-28-a-las-19.13.10.png 1382w\" sizes=\"auto, (max-width: 767px) 89vw, (max-width: 1000px) 54vw, (max-width: 1071px) 543px, 580px\" \/><figcaption>Letrero en perspectiva incluyendo base, letras  y piezas de la bandera<\/figcaption><\/figure>\n\n\n\n<h2 class=\"wp-block-heading\"><strong>Mecanizado<\/strong><\/h2>\n\n\n\n<p>Una vez terminada la fase de dise\u00f1o del luminoso se dise\u00f1an las operaciones de mecanizado para pas\u00e1rselas al CNC.<\/p>\n\n\n\n<figure class=\"wp-block-video\"><video height=\"720\" style=\"aspect-ratio: 1280 \/ 720;\" width=\"1280\" controls src=\"https:\/\/somosdelprieto.com\/wp-content\/uploads\/2023\/06\/onair.mp4\"><\/video><figcaption>Simulaci\u00f3n del proceso de mecanizado<\/figcaption><\/figure>\n\n\n\n<p>A continuaci\u00f3n se pasa a la fabricaci\u00f3n con el CNC.<\/p>\n\n\n\n<figure class=\"wp-block-video\"><video height=\"368\" style=\"aspect-ratio: 640 \/ 368;\" width=\"640\" controls src=\"https:\/\/somosdelprieto.com\/wp-content\/uploads\/2023\/06\/WhatsApp-Video-2023-06-28-at-19.46.23.mp4\"><\/video><\/figure>\n\n\n\n<h2 class=\"wp-block-heading\"><strong>Pintura<\/strong><\/h2>\n\n\n\n<p>Una vez terminadas las piezas pasamos a la fase de lijado y preparaci\u00f3n para pintura.<\/p>\n\n\n\n<figure class=\"wp-block-gallery columns-3 is-cropped wp-block-gallery-1 is-layout-flex wp-block-gallery-is-layout-flex\"><ul class=\"blocks-gallery-grid\"><li class=\"blocks-gallery-item\"><figure><img loading=\"lazy\" decoding=\"async\" width=\"1024\" height=\"765\" src=\"https:\/\/somosdelprieto.com\/wp-content\/uploads\/2023\/06\/WhatsApp-Image-2023-06-27-at-08.08.08-2-1-1024x765.jpeg\" alt=\"\" data-id=\"15785\" data-link=\"https:\/\/somosdelprieto.com\/index.php\/letrero-para-el-proyecto-british-onair\/whatsapp-image-2023-06-27-at-08-08-08-2-1\/\" class=\"wp-image-15785\" srcset=\"https:\/\/somosdelprieto.com\/wp-content\/uploads\/2023\/06\/WhatsApp-Image-2023-06-27-at-08.08.08-2-1-1024x765.jpeg 1024w, https:\/\/somosdelprieto.com\/wp-content\/uploads\/2023\/06\/WhatsApp-Image-2023-06-27-at-08.08.08-2-1-300x224.jpeg 300w, https:\/\/somosdelprieto.com\/wp-content\/uploads\/2023\/06\/WhatsApp-Image-2023-06-27-at-08.08.08-2-1-768x574.jpeg 768w, https:\/\/somosdelprieto.com\/wp-content\/uploads\/2023\/06\/WhatsApp-Image-2023-06-27-at-08.08.08-2-1-1536x1148.jpeg 1536w, https:\/\/somosdelprieto.com\/wp-content\/uploads\/2023\/06\/WhatsApp-Image-2023-06-27-at-08.08.08-2-1.jpeg 1600w\" sizes=\"auto, (max-width: 767px) 89vw, (max-width: 1000px) 54vw, (max-width: 1071px) 543px, 580px\" \/><\/figure><\/li><li class=\"blocks-gallery-item\"><figure><img loading=\"lazy\" decoding=\"async\" width=\"576\" height=\"1024\" src=\"https:\/\/somosdelprieto.com\/wp-content\/uploads\/2023\/06\/WhatsApp-Image-2023-06-28-at-19.52.35-576x1024.jpeg\" alt=\"\" data-id=\"15787\" data-link=\"https:\/\/somosdelprieto.com\/index.php\/letrero-para-el-proyecto-british-onair\/whatsapp-image-2023-06-28-at-19-52-35\/\" class=\"wp-image-15787\" srcset=\"https:\/\/somosdelprieto.com\/wp-content\/uploads\/2023\/06\/WhatsApp-Image-2023-06-28-at-19.52.35-576x1024.jpeg 576w, https:\/\/somosdelprieto.com\/wp-content\/uploads\/2023\/06\/WhatsApp-Image-2023-06-28-at-19.52.35-169x300.jpeg 169w, https:\/\/somosdelprieto.com\/wp-content\/uploads\/2023\/06\/WhatsApp-Image-2023-06-28-at-19.52.35-768x1365.jpeg 768w, https:\/\/somosdelprieto.com\/wp-content\/uploads\/2023\/06\/WhatsApp-Image-2023-06-28-at-19.52.35-864x1536.jpeg 864w, https:\/\/somosdelprieto.com\/wp-content\/uploads\/2023\/06\/WhatsApp-Image-2023-06-28-at-19.52.35.jpeg 1080w\" sizes=\"auto, (max-width: 576px) 100vw, 576px\" \/><\/figure><\/li><li class=\"blocks-gallery-item\"><figure><img loading=\"lazy\" decoding=\"async\" width=\"576\" height=\"1024\" src=\"https:\/\/somosdelprieto.com\/wp-content\/uploads\/2023\/06\/WhatsApp-Image-2023-06-28-at-19.52.35-2-576x1024.jpeg\" alt=\"\" data-id=\"15788\" data-full-url=\"https:\/\/somosdelprieto.com\/wp-content\/uploads\/2023\/06\/WhatsApp-Image-2023-06-28-at-19.52.35-2.jpeg\" data-link=\"https:\/\/somosdelprieto.com\/index.php\/letrero-para-el-proyecto-british-onair\/whatsapp-image-2023-06-28-at-19-52-35-2\/\" class=\"wp-image-15788\" srcset=\"https:\/\/somosdelprieto.com\/wp-content\/uploads\/2023\/06\/WhatsApp-Image-2023-06-28-at-19.52.35-2-576x1024.jpeg 576w, https:\/\/somosdelprieto.com\/wp-content\/uploads\/2023\/06\/WhatsApp-Image-2023-06-28-at-19.52.35-2-169x300.jpeg 169w, https:\/\/somosdelprieto.com\/wp-content\/uploads\/2023\/06\/WhatsApp-Image-2023-06-28-at-19.52.35-2-768x1365.jpeg 768w, https:\/\/somosdelprieto.com\/wp-content\/uploads\/2023\/06\/WhatsApp-Image-2023-06-28-at-19.52.35-2-864x1536.jpeg 864w, https:\/\/somosdelprieto.com\/wp-content\/uploads\/2023\/06\/WhatsApp-Image-2023-06-28-at-19.52.35-2.jpeg 1080w\" sizes=\"auto, (max-width: 576px) 100vw, 576px\" \/><\/figure><\/li><\/ul><\/figure>\n\n\n\n<h2 class=\"wp-block-heading\"><strong>Montaje<\/strong><\/h2>\n\n\n\n<p>Para colocar las piezas de la bandera sobre la base se han perforado orificios y se han insertado espigas de madera de 8mm fijadas con cola.<\/p>\n\n\n\n<figure class=\"wp-block-gallery columns-2 is-cropped wp-block-gallery-2 is-layout-flex wp-block-gallery-is-layout-flex\"><ul class=\"blocks-gallery-grid\"><li class=\"blocks-gallery-item\"><figure><img loading=\"lazy\" decoding=\"async\" width=\"576\" height=\"1024\" src=\"https:\/\/somosdelprieto.com\/wp-content\/uploads\/2023\/06\/WhatsApp-Image-2023-06-28-at-19.53.16-576x1024.jpeg\" alt=\"\" data-id=\"15789\" data-link=\"https:\/\/somosdelprieto.com\/index.php\/letrero-para-el-proyecto-british-onair\/whatsapp-image-2023-06-28-at-19-53-16\/\" class=\"wp-image-15789\" srcset=\"https:\/\/somosdelprieto.com\/wp-content\/uploads\/2023\/06\/WhatsApp-Image-2023-06-28-at-19.53.16-576x1024.jpeg 576w, https:\/\/somosdelprieto.com\/wp-content\/uploads\/2023\/06\/WhatsApp-Image-2023-06-28-at-19.53.16-169x300.jpeg 169w, https:\/\/somosdelprieto.com\/wp-content\/uploads\/2023\/06\/WhatsApp-Image-2023-06-28-at-19.53.16-768x1365.jpeg 768w, https:\/\/somosdelprieto.com\/wp-content\/uploads\/2023\/06\/WhatsApp-Image-2023-06-28-at-19.53.16-864x1536.jpeg 864w, https:\/\/somosdelprieto.com\/wp-content\/uploads\/2023\/06\/WhatsApp-Image-2023-06-28-at-19.53.16.jpeg 1080w\" sizes=\"auto, (max-width: 576px) 100vw, 576px\" \/><\/figure><\/li><li class=\"blocks-gallery-item\"><figure><img loading=\"lazy\" decoding=\"async\" width=\"1024\" height=\"765\" src=\"https:\/\/somosdelprieto.com\/wp-content\/uploads\/2023\/06\/WhatsApp-Image-2023-06-28-at-19.53.16-2-1024x765.jpeg\" alt=\"\" data-id=\"15790\" data-full-url=\"https:\/\/somosdelprieto.com\/wp-content\/uploads\/2023\/06\/WhatsApp-Image-2023-06-28-at-19.53.16-2.jpeg\" data-link=\"https:\/\/somosdelprieto.com\/index.php\/letrero-para-el-proyecto-british-onair\/whatsapp-image-2023-06-28-at-19-53-16-2\/\" class=\"wp-image-15790\" srcset=\"https:\/\/somosdelprieto.com\/wp-content\/uploads\/2023\/06\/WhatsApp-Image-2023-06-28-at-19.53.16-2-1024x765.jpeg 1024w, https:\/\/somosdelprieto.com\/wp-content\/uploads\/2023\/06\/WhatsApp-Image-2023-06-28-at-19.53.16-2-300x224.jpeg 300w, https:\/\/somosdelprieto.com\/wp-content\/uploads\/2023\/06\/WhatsApp-Image-2023-06-28-at-19.53.16-2-768x574.jpeg 768w, https:\/\/somosdelprieto.com\/wp-content\/uploads\/2023\/06\/WhatsApp-Image-2023-06-28-at-19.53.16-2-1536x1148.jpeg 1536w, https:\/\/somosdelprieto.com\/wp-content\/uploads\/2023\/06\/WhatsApp-Image-2023-06-28-at-19.53.16-2.jpeg 1600w\" sizes=\"auto, (max-width: 767px) 89vw, (max-width: 1000px) 54vw, (max-width: 1071px) 543px, 580px\" \/><\/figure><\/li><\/ul><\/figure>\n\n\n\n<h2 class=\"wp-block-heading\">Impresi\u00f3n de las letras<\/h2>\n\n\n\n<p>Las letras est\u00e1n impresas en dos partes. La base se fija al tablero con tornillos. La parte superior se fija sobre la base presion\u00e1ndolas.<\/p>\n\n\n\n<figure class=\"wp-block-image size-large\"><img loading=\"lazy\" decoding=\"async\" width=\"826\" height=\"1024\" src=\"https:\/\/somosdelprieto.com\/wp-content\/uploads\/2023\/06\/Captura-de-pantalla-2023-06-28-a-las-20.06.41-826x1024.png\" alt=\"\" class=\"wp-image-15795\" srcset=\"https:\/\/somosdelprieto.com\/wp-content\/uploads\/2023\/06\/Captura-de-pantalla-2023-06-28-a-las-20.06.41-826x1024.png 826w, https:\/\/somosdelprieto.com\/wp-content\/uploads\/2023\/06\/Captura-de-pantalla-2023-06-28-a-las-20.06.41-242x300.png 242w, https:\/\/somosdelprieto.com\/wp-content\/uploads\/2023\/06\/Captura-de-pantalla-2023-06-28-a-las-20.06.41-768x952.png 768w, https:\/\/somosdelprieto.com\/wp-content\/uploads\/2023\/06\/Captura-de-pantalla-2023-06-28-a-las-20.06.41.png 1070w\" sizes=\"auto, (max-width: 767px) 89vw, (max-width: 1000px) 54vw, (max-width: 1071px) 543px, 580px\" \/><figcaption>Vista interior de las letras<\/figcaption><\/figure>\n\n\n\n<figure class=\"wp-block-image size-large\"><img loading=\"lazy\" decoding=\"async\" width=\"1024\" height=\"678\" src=\"https:\/\/somosdelprieto.com\/wp-content\/uploads\/2023\/06\/Captura-de-pantalla-2023-06-28-a-las-20.08.58-1024x678.png\" alt=\"\" class=\"wp-image-15796\" srcset=\"https:\/\/somosdelprieto.com\/wp-content\/uploads\/2023\/06\/Captura-de-pantalla-2023-06-28-a-las-20.08.58-1024x678.png 1024w, https:\/\/somosdelprieto.com\/wp-content\/uploads\/2023\/06\/Captura-de-pantalla-2023-06-28-a-las-20.08.58-300x198.png 300w, https:\/\/somosdelprieto.com\/wp-content\/uploads\/2023\/06\/Captura-de-pantalla-2023-06-28-a-las-20.08.58-768x508.png 768w, https:\/\/somosdelprieto.com\/wp-content\/uploads\/2023\/06\/Captura-de-pantalla-2023-06-28-a-las-20.08.58-1536x1016.png 1536w, https:\/\/somosdelprieto.com\/wp-content\/uploads\/2023\/06\/Captura-de-pantalla-2023-06-28-a-las-20.08.58.png 1596w\" sizes=\"auto, (max-width: 767px) 89vw, (max-width: 1000px) 54vw, (max-width: 1071px) 543px, 580px\" \/><figcaption>Vista de las bases donde se alojan las piezas superiores de las letras<\/figcaption><\/figure>\n\n\n\n<h2 class=\"wp-block-heading\"><strong>Producto acabado<\/strong><\/h2>\n\n\n\n<figure class=\"wp-block-image size-large\"><img loading=\"lazy\" decoding=\"async\" width=\"634\" height=\"463\" src=\"https:\/\/somosdelprieto.com\/wp-content\/uploads\/2023\/06\/WhatsApp-Image-2023-06-28-at-20.13.19.jpeg\" alt=\"\" class=\"wp-image-15798\" srcset=\"https:\/\/somosdelprieto.com\/wp-content\/uploads\/2023\/06\/WhatsApp-Image-2023-06-28-at-20.13.19.jpeg 634w, https:\/\/somosdelprieto.com\/wp-content\/uploads\/2023\/06\/WhatsApp-Image-2023-06-28-at-20.13.19-300x219.jpeg 300w\" sizes=\"auto, (max-width: 634px) 100vw, 634px\" \/><\/figure>\n\n\n\n<p>Para la terminaci\u00f3n del producto solamente queda la instalaci\u00f3n de la iluminaci\u00f3n interior de las letras y el controlador del sistema de iluminaci\u00f3n. <\/p>\n\n\n<ul class=\"wp-block-latest-posts__list has-dates has-author wp-block-latest-posts\"><li><div class=\"wp-block-latest-posts__featured-image aligncenter\"><a href=\"https:\/\/somosdelprieto.com\/index.php\/2024\/02\/01\/proyecto-on-air-instalado\/\" aria-label=\"Proyecto On Air instalado!!!\"><img loading=\"lazy\" decoding=\"async\" width=\"150\" height=\"150\" src=\"https:\/\/somosdelprieto.com\/wp-content\/uploads\/2023\/12\/onair1-150x150.jpg\" class=\"attachment-thumbnail size-thumbnail wp-post-image\" alt=\"\" style=\"\" srcset=\"https:\/\/somosdelprieto.com\/wp-content\/uploads\/2023\/12\/onair1-150x150.jpg 150w, https:\/\/somosdelprieto.com\/wp-content\/uploads\/2023\/12\/onair1-100x100.jpg 100w\" sizes=\"auto, 100vw\" \/><\/a><\/div><a class=\"wp-block-latest-posts__post-title\" href=\"https:\/\/somosdelprieto.com\/index.php\/2024\/02\/01\/proyecto-on-air-instalado\/\">Proyecto On Air instalado!!!<\/a><div class=\"wp-block-latest-posts__post-author\">por Jos\u00e9 Mar\u00eda D\u00edaz-Cano<\/div><time datetime=\"2024-02-01T11:26:54+01:00\" class=\"wp-block-latest-posts__post-date\">1 febrero, 2024<\/time><div class=\"wp-block-latest-posts__post-full-content\"><!-- wp:paragraph -->\n<p>El proyecto nace de una necesidad de avisar al alumnado que se est\u00e1 grabando. A partir de ah\u00ed en el seno de grupo British se piensa sobre posibles soluciones y en el entorno del aula ATEcA, se dise\u00f1a con las herramientas que ofrece este aula un r\u00f3tulo luminoso que avise a todos los presentes en el aula que estamos \u00abEn el aire\u00bb de ah\u00ed el nombre del r\u00f3tulo.<\/p>\n<!-- \/wp:paragraph -->\n\n<!-- wp:gallery {\"ids\":[17055,17057,17058,17059,17060,17061],\"linkTo\":\"none\"} -->\n<figure class=\"wp-block-gallery columns-3 is-cropped\"><ul class=\"blocks-gallery-grid\"><li class=\"blocks-gallery-item\"><figure><img loading=\"lazy\" decoding=\"async\" width=\"461\" height=\"1024\" src=\"https:\/\/somosdelprieto.com\/wp-content\/uploads\/2024\/02\/IMG_20231031_101224-461x1024.jpg\" alt=\"\" data-id=\"17055\" data-full-url=\"https:\/\/somosdelprieto.com\/wp-content\/uploads\/2024\/02\/IMG_20231031_101224-scaled.jpg\" data-link=\"https:\/\/somosdelprieto.com\/?attachment_id=17055\" class=\"wp-image-17055\" srcset=\"https:\/\/somosdelprieto.com\/wp-content\/uploads\/2024\/02\/IMG_20231031_101224-461x1024.jpg 461w, https:\/\/somosdelprieto.com\/wp-content\/uploads\/2024\/02\/IMG_20231031_101224-135x300.jpg 135w, https:\/\/somosdelprieto.com\/wp-content\/uploads\/2024\/02\/IMG_20231031_101224-768x1707.jpg 768w, https:\/\/somosdelprieto.com\/wp-content\/uploads\/2024\/02\/IMG_20231031_101224-691x1536.jpg 691w, https:\/\/somosdelprieto.com\/wp-content\/uploads\/2024\/02\/IMG_20231031_101224-922x2048.jpg 922w, https:\/\/somosdelprieto.com\/wp-content\/uploads\/2024\/02\/IMG_20231031_101224-scaled.jpg 1152w\" sizes=\"auto, (max-width: 461px) 100vw, 461px\" \/><\/figure><\/li><li class=\"blocks-gallery-item\"><figure><img loading=\"lazy\" decoding=\"async\" width=\"1024\" height=\"461\" src=\"https:\/\/somosdelprieto.com\/wp-content\/uploads\/2024\/02\/IMG_20231031_101928-1024x461.jpg\" alt=\"\" data-id=\"17057\" data-full-url=\"https:\/\/somosdelprieto.com\/wp-content\/uploads\/2024\/02\/IMG_20231031_101928-scaled.jpg\" data-link=\"https:\/\/somosdelprieto.com\/?attachment_id=17057\" class=\"wp-image-17057\" srcset=\"https:\/\/somosdelprieto.com\/wp-content\/uploads\/2024\/02\/IMG_20231031_101928-1024x461.jpg 1024w, https:\/\/somosdelprieto.com\/wp-content\/uploads\/2024\/02\/IMG_20231031_101928-300x135.jpg 300w, https:\/\/somosdelprieto.com\/wp-content\/uploads\/2024\/02\/IMG_20231031_101928-768x346.jpg 768w, https:\/\/somosdelprieto.com\/wp-content\/uploads\/2024\/02\/IMG_20231031_101928-1536x691.jpg 1536w, https:\/\/somosdelprieto.com\/wp-content\/uploads\/2024\/02\/IMG_20231031_101928-2048x922.jpg 2048w\" sizes=\"auto, (max-width: 767px) 89vw, (max-width: 1000px) 54vw, (max-width: 1071px) 543px, 580px\" \/><\/figure><\/li><li class=\"blocks-gallery-item\"><figure><img loading=\"lazy\" decoding=\"async\" width=\"1024\" height=\"461\" src=\"https:\/\/somosdelprieto.com\/wp-content\/uploads\/2024\/02\/IMG_20231031_103605-1024x461.jpg\" alt=\"\" data-id=\"17058\" data-full-url=\"https:\/\/somosdelprieto.com\/wp-content\/uploads\/2024\/02\/IMG_20231031_103605-scaled.jpg\" data-link=\"https:\/\/somosdelprieto.com\/?attachment_id=17058\" class=\"wp-image-17058\" srcset=\"https:\/\/somosdelprieto.com\/wp-content\/uploads\/2024\/02\/IMG_20231031_103605-1024x461.jpg 1024w, https:\/\/somosdelprieto.com\/wp-content\/uploads\/2024\/02\/IMG_20231031_103605-300x135.jpg 300w, https:\/\/somosdelprieto.com\/wp-content\/uploads\/2024\/02\/IMG_20231031_103605-768x346.jpg 768w, https:\/\/somosdelprieto.com\/wp-content\/uploads\/2024\/02\/IMG_20231031_103605-1536x691.jpg 1536w, https:\/\/somosdelprieto.com\/wp-content\/uploads\/2024\/02\/IMG_20231031_103605-2048x922.jpg 2048w\" sizes=\"auto, (max-width: 767px) 89vw, (max-width: 1000px) 54vw, (max-width: 1071px) 543px, 580px\" \/><\/figure><\/li><li class=\"blocks-gallery-item\"><figure><img loading=\"lazy\" decoding=\"async\" width=\"1024\" height=\"461\" src=\"https:\/\/somosdelprieto.com\/wp-content\/uploads\/2024\/02\/IMG_20231031_103622-1024x461.jpg\" alt=\"\" data-id=\"17059\" data-full-url=\"https:\/\/somosdelprieto.com\/wp-content\/uploads\/2024\/02\/IMG_20231031_103622-scaled.jpg\" data-link=\"https:\/\/somosdelprieto.com\/?attachment_id=17059\" class=\"wp-image-17059\" srcset=\"https:\/\/somosdelprieto.com\/wp-content\/uploads\/2024\/02\/IMG_20231031_103622-1024x461.jpg 1024w, https:\/\/somosdelprieto.com\/wp-content\/uploads\/2024\/02\/IMG_20231031_103622-300x135.jpg 300w, https:\/\/somosdelprieto.com\/wp-content\/uploads\/2024\/02\/IMG_20231031_103622-768x346.jpg 768w, https:\/\/somosdelprieto.com\/wp-content\/uploads\/2024\/02\/IMG_20231031_103622-1536x691.jpg 1536w, https:\/\/somosdelprieto.com\/wp-content\/uploads\/2024\/02\/IMG_20231031_103622-2048x922.jpg 2048w\" sizes=\"auto, (max-width: 767px) 89vw, (max-width: 1000px) 54vw, (max-width: 1071px) 543px, 580px\" \/><\/figure><\/li><li class=\"blocks-gallery-item\"><figure><img loading=\"lazy\" decoding=\"async\" width=\"1024\" height=\"461\" src=\"https:\/\/somosdelprieto.com\/wp-content\/uploads\/2024\/02\/IMG_20231031_103652-1024x461.jpg\" alt=\"\" data-id=\"17060\" data-full-url=\"https:\/\/somosdelprieto.com\/wp-content\/uploads\/2024\/02\/IMG_20231031_103652-scaled.jpg\" data-link=\"https:\/\/somosdelprieto.com\/?attachment_id=17060\" class=\"wp-image-17060\" srcset=\"https:\/\/somosdelprieto.com\/wp-content\/uploads\/2024\/02\/IMG_20231031_103652-1024x461.jpg 1024w, https:\/\/somosdelprieto.com\/wp-content\/uploads\/2024\/02\/IMG_20231031_103652-300x135.jpg 300w, https:\/\/somosdelprieto.com\/wp-content\/uploads\/2024\/02\/IMG_20231031_103652-768x346.jpg 768w, https:\/\/somosdelprieto.com\/wp-content\/uploads\/2024\/02\/IMG_20231031_103652-1536x691.jpg 1536w, https:\/\/somosdelprieto.com\/wp-content\/uploads\/2024\/02\/IMG_20231031_103652-2048x922.jpg 2048w\" sizes=\"auto, (max-width: 767px) 89vw, (max-width: 1000px) 54vw, (max-width: 1071px) 543px, 580px\" \/><\/figure><\/li><li class=\"blocks-gallery-item\"><figure><img loading=\"lazy\" decoding=\"async\" width=\"1024\" height=\"461\" src=\"https:\/\/somosdelprieto.com\/wp-content\/uploads\/2024\/02\/IMG_20231031_104503-1024x461.jpg\" alt=\"\" data-id=\"17061\" data-full-url=\"https:\/\/somosdelprieto.com\/wp-content\/uploads\/2024\/02\/IMG_20231031_104503-scaled.jpg\" data-link=\"https:\/\/somosdelprieto.com\/?attachment_id=17061\" class=\"wp-image-17061\" srcset=\"https:\/\/somosdelprieto.com\/wp-content\/uploads\/2024\/02\/IMG_20231031_104503-1024x461.jpg 1024w, https:\/\/somosdelprieto.com\/wp-content\/uploads\/2024\/02\/IMG_20231031_104503-300x135.jpg 300w, https:\/\/somosdelprieto.com\/wp-content\/uploads\/2024\/02\/IMG_20231031_104503-768x346.jpg 768w, https:\/\/somosdelprieto.com\/wp-content\/uploads\/2024\/02\/IMG_20231031_104503-1536x691.jpg 1536w, https:\/\/somosdelprieto.com\/wp-content\/uploads\/2024\/02\/IMG_20231031_104503-2048x922.jpg 2048w\" sizes=\"auto, (max-width: 767px) 89vw, (max-width: 1000px) 54vw, (max-width: 1071px) 543px, 580px\" \/><\/figure><\/li><\/ul><\/figure>\n<!-- \/wp:gallery -->\n\n<!-- wp:more -->\n<!--more-->\n<!-- \/wp:more -->\n\n<!-- wp:paragraph -->\n<p>En esta \u00faltima fase, nuestro grupo de 2\u00ba de Grado B\u00e1sico de Mantenimiento de Veh\u00edculos, en su m\u00f3dulo de Electricidad del Veh\u00edculo, ha aplicado las nociones b\u00e1sicas de electricidad en la instalaci\u00f3n el\u00e9ctrica y programaci\u00f3n de este r\u00f3tulo integr\u00e1ndolo en la red de Internet de las Cosas del centro (IoT) y permitiendo que cuando se inicie una grabaci\u00f3n en nuestro aula de Radio se pueda activar de manera sencilla desde un navegador.<\/p>\n<!-- \/wp:paragraph -->\n\n<!-- wp:image {\"id\":16502,\"sizeSlug\":\"large\",\"linkDestination\":\"none\"} -->\n<figure class=\"wp-block-image size-large\"><img loading=\"lazy\" decoding=\"async\" width=\"800\" height=\"1024\" src=\"https:\/\/somosdelprieto.com\/wp-content\/uploads\/2023\/12\/onair2.jpg\" alt=\"\" class=\"wp-image-16502\" srcset=\"https:\/\/somosdelprieto.com\/wp-content\/uploads\/2023\/12\/onair2.jpg 800w, https:\/\/somosdelprieto.com\/wp-content\/uploads\/2023\/12\/onair2-234x300.jpg 234w, https:\/\/somosdelprieto.com\/wp-content\/uploads\/2023\/12\/onair2-768x983.jpg 768w\" sizes=\"auto, (max-width: 767px) 89vw, (max-width: 1000px) 54vw, (max-width: 1071px) 543px, 580px\" \/><\/figure>\n<!-- \/wp:image -->\n\n<!-- wp:video {\"id\":16515} -->\n<figure class=\"wp-block-video\"><video controls src=\"https:\/\/somosdelprieto.com\/wp-content\/uploads\/2023\/12\/video-onair.mp4\"><\/video><\/figure>\n<!-- \/wp:video -->\n\n<!-- wp:video {\"id\":17062} -->\n<figure class=\"wp-block-video\"><video controls src=\"https:\/\/somosdelprieto.com\/wp-content\/uploads\/2024\/02\/VID_20231031_103554.mp4\"><\/video><\/figure>\n<!-- \/wp:video -->\n\n<!-- wp:paragraph {\"textColor\":\"vivid-green-cyan\"} -->\n<p class=\"has-vivid-green-cyan-color has-text-color\"><strong><a href=\"https:\/\/somosdelprieto.com\/index.php\/letrero-para-el-proyecto-british-onair\/\" data-type=\"URL\" data-id=\"https:\/\/somosdelprieto.com\/index.php\/letrero-para-el-proyecto-british-onair\/\" target=\"_blank\" rel=\"noreferrer noopener\">Clic aqu\u00ed para acceder a toda la informaci\u00f3n sobre el proyecto.<\/a><\/strong><\/p>\n<!-- \/wp:paragraph --><\/div><\/li>\n<\/ul>\n\n<ul class=\"wp-block-latest-posts__list has-dates wp-block-latest-posts\"><li><div class=\"wp-block-latest-posts__featured-image aligncenter\"><a href=\"https:\/\/somosdelprieto.com\/index.php\/2024\/02\/01\/proyecto-on-air-instalado\/\" aria-label=\"Proyecto On Air instalado!!!\"><img loading=\"lazy\" decoding=\"async\" width=\"300\" height=\"206\" src=\"https:\/\/somosdelprieto.com\/wp-content\/uploads\/2023\/12\/onair1-300x206.jpg\" class=\"attachment-medium size-medium wp-post-image\" alt=\"\" style=\"\" srcset=\"https:\/\/somosdelprieto.com\/wp-content\/uploads\/2023\/12\/onair1-300x206.jpg 300w, https:\/\/somosdelprieto.com\/wp-content\/uploads\/2023\/12\/onair1-768x527.jpg 768w, https:\/\/somosdelprieto.com\/wp-content\/uploads\/2023\/12\/onair1.jpg 1024w\" sizes=\"auto, 100vw\" \/><\/a><\/div><a class=\"wp-block-latest-posts__post-title\" href=\"https:\/\/somosdelprieto.com\/index.php\/2024\/02\/01\/proyecto-on-air-instalado\/\">Proyecto On Air instalado!!!<\/a><time datetime=\"2024-02-01T11:26:54+01:00\" class=\"wp-block-latest-posts__post-date\">1 febrero, 2024<\/time><div class=\"wp-block-latest-posts__post-excerpt\">El proyecto nace de una necesidad de avisar al alumnado que se est\u00e1 grabando. A partir de ah\u00ed en el seno de grupo British se piensa sobre posibles soluciones y en el entorno del aula ATEcA, se dise\u00f1a con las herramientas que ofrece este aula un r\u00f3tulo luminoso que avise a todos los presentes en &hellip; <p class=\"link-more\"><a href=\"https:\/\/somosdelprieto.com\/index.php\/2024\/02\/01\/proyecto-on-air-instalado\/\" class=\"more-link\">Continuar leyendo<span class=\"screen-reader-text\"> \u00abProyecto On Air instalado!!!\u00bb<\/span><\/a><\/p><\/div><\/li>\n<\/ul>","protected":false},"excerpt":{"rendered":"<p>Hemos colaborado en un proyecto Steam desde el aula ATECA construyendo un cartel luminoso para el proyecto British del centro. El cartel servir\u00e1 de se\u00f1al luminosa para avisar al alumnado cuando se est\u00e1 grabando audio dentro del aula para que guarden silencio cuando corresponda. Dise\u00f1o Tras analizar c\u00f3mo construir el cartel se opt\u00f3 por dise\u00f1arlo &hellip; <\/p>\n<p class=\"link-more\"><a href=\"https:\/\/somosdelprieto.com\/index.php\/letrero-para-el-proyecto-british-onair\/\" class=\"more-link\">Continuar leyendo<span class=\"screen-reader-text\"> \u00abLetrero para el proyecto British ONAIR\u00bb<\/span><\/a><\/p>\n","protected":false},"author":59,"featured_media":0,"parent":0,"menu_order":0,"comment_status":"closed","ping_status":"closed","template":"","meta":{"footnotes":""},"class_list":["post-15776","page","type-page","status-publish","hentry"],"_links":{"self":[{"href":"https:\/\/somosdelprieto.com\/index.php\/wp-json\/wp\/v2\/pages\/15776","targetHints":{"allow":["GET"]}}],"collection":[{"href":"https:\/\/somosdelprieto.com\/index.php\/wp-json\/wp\/v2\/pages"}],"about":[{"href":"https:\/\/somosdelprieto.com\/index.php\/wp-json\/wp\/v2\/types\/page"}],"author":[{"embeddable":true,"href":"https:\/\/somosdelprieto.com\/index.php\/wp-json\/wp\/v2\/users\/59"}],"replies":[{"embeddable":true,"href":"https:\/\/somosdelprieto.com\/index.php\/wp-json\/wp\/v2\/comments?post=15776"}],"version-history":[{"count":13,"href":"https:\/\/somosdelprieto.com\/index.php\/wp-json\/wp\/v2\/pages\/15776\/revisions"}],"predecessor-version":[{"id":17067,"href":"https:\/\/somosdelprieto.com\/index.php\/wp-json\/wp\/v2\/pages\/15776\/revisions\/17067"}],"wp:attachment":[{"href":"https:\/\/somosdelprieto.com\/index.php\/wp-json\/wp\/v2\/media?parent=15776"}],"curies":[{"name":"wp","href":"https:\/\/api.w.org\/{rel}","templated":true}]}}