{"id":15755,"date":"2023-06-28T11:06:26","date_gmt":"2023-06-28T09:06:26","guid":{"rendered":"https:\/\/somosdelprieto.com\/?page_id=15755"},"modified":"2023-06-28T13:20:51","modified_gmt":"2023-06-28T11:20:51","slug":"curso-de-modelado-y-mecanizado-con-cnc","status":"publish","type":"page","link":"https:\/\/somosdelprieto.com\/index.php\/curso-de-modelado-y-mecanizado-con-cnc\/","title":{"rendered":"Seminario de Dise\u00f1o y Mecanizado con CNC"},"content":{"rendered":"\n<figure class=\"wp-block-image size-large\"><img loading=\"lazy\" decoding=\"async\" width=\"1024\" height=\"844\" src=\"https:\/\/somosdelprieto.com\/wp-content\/uploads\/2023\/06\/Captura-de-pantalla-2023-06-28-a-las-13.08.22-1024x844.png\" alt=\"\" class=\"wp-image-15762\" srcset=\"https:\/\/somosdelprieto.com\/wp-content\/uploads\/2023\/06\/Captura-de-pantalla-2023-06-28-a-las-13.08.22-1024x844.png 1024w, https:\/\/somosdelprieto.com\/wp-content\/uploads\/2023\/06\/Captura-de-pantalla-2023-06-28-a-las-13.08.22-300x247.png 300w, https:\/\/somosdelprieto.com\/wp-content\/uploads\/2023\/06\/Captura-de-pantalla-2023-06-28-a-las-13.08.22-768x633.png 768w, https:\/\/somosdelprieto.com\/wp-content\/uploads\/2023\/06\/Captura-de-pantalla-2023-06-28-a-las-13.08.22-1536x1265.png 1536w, https:\/\/somosdelprieto.com\/wp-content\/uploads\/2023\/06\/Captura-de-pantalla-2023-06-28-a-las-13.08.22.png 1714w\" sizes=\"auto, (max-width: 767px) 89vw, (max-width: 1000px) 54vw, (max-width: 1071px) 543px, 580px\" \/><\/figure>\n\n\n\n<p>Para mejorar nuestra formaci\u00f3n sobre el manejo del CNC del aula ATECA se ha promovido un seminario de centro con el siguiente programa:<\/p>\n\n\n\n<p>PROGRAMACION SEMINARO <strong>\u201cDISE\u00d1O Y MECANIZADO CNC\u201d<\/strong><\/p>\n\n\n\n<p>1\u00ba Pesta\u00f1a de DISE\u00d1O del programa FUSION 360:<\/p>\n\n\n\n<p>&#8211; Creaci\u00f3n de vol\u00famenes: figuras por extrusi\u00f3n, barrido y revoluci\u00f3n de perfiles, figuras primitivas, operaciones booleanas, etc.<\/p>\n\n\n\n<p>&#8211; Creaci\u00f3n de sketch: entidades de dibujo, entidades de referencia a objetos, ficha de par\u00e1metros, proyecciones, etc.&nbsp;<\/p>\n\n\n\n<p>&#8211; Miscel\u00e1nea: herramientas de inspecci\u00f3n, creaci\u00f3n de planos, ejes y puntos, scripts, etc.<\/p>\n\n\n\n<p>2\u00ba Pesta\u00f1a de FABRICACION del programa FUSION 360:<\/p>\n\n\n\n<ul class=\"wp-block-list\"><li>Configuraci\u00f3n: Herramienta, orientaci\u00f3n del sistema de coordenadas, elecci\u00f3n del modelo de fabricaci\u00f3n, etc.<\/li><li>Utilidades de mecanizado 2D: Cajear, planificar, perforar, contornear, etc.<\/li><li>Simulaci\u00f3n del proceso de fabricaci\u00f3n.<\/li><\/ul>\n\n\n\n<p>3\u00ba Dise\u00f1o y fabricaci\u00f3n de escudo del I.E.S. GREGORIO PRIETO.<\/p>\n\n\n\n<ul class=\"wp-block-list\"><li>Inserci\u00f3n de imagen del logotipo del centro en el dise\u00f1o.<\/li><li>Delineado de contornos de dibujo.<\/li><li>Creaci\u00f3n de operaciones de mecanizado.<ul><li>Planificado<\/li><li>Cajeado<\/li><\/ul><\/li><li>Fabricaci\u00f3n con CNC<\/li><\/ul>\n\n\n\n<p>Para la formaci\u00f3n hemos usado FUSION 360 de Autodesk.<\/p>\n\n\n\n<figure class=\"wp-block-image size-large\"><img loading=\"lazy\" decoding=\"async\" width=\"1024\" height=\"724\" src=\"https:\/\/somosdelprieto.com\/wp-content\/uploads\/2023\/06\/logo_grabado-1024x724.jpg\" alt=\"\" class=\"wp-image-15761\" srcset=\"https:\/\/somosdelprieto.com\/wp-content\/uploads\/2023\/06\/logo_grabado-1024x724.jpg 1024w, https:\/\/somosdelprieto.com\/wp-content\/uploads\/2023\/06\/logo_grabado-300x212.jpg 300w, https:\/\/somosdelprieto.com\/wp-content\/uploads\/2023\/06\/logo_grabado-768x543.jpg 768w, https:\/\/somosdelprieto.com\/wp-content\/uploads\/2023\/06\/logo_grabado-1536x1086.jpg 1536w, https:\/\/somosdelprieto.com\/wp-content\/uploads\/2023\/06\/logo_grabado-2048x1448.jpg 2048w\" sizes=\"auto, (max-width: 767px) 89vw, (max-width: 1000px) 54vw, (max-width: 1071px) 543px, 580px\" \/><\/figure>\n\n\n\n<p>A continuaci\u00f3n tienes un video con la simulaci\u00f3n del mecanizado desde FUSION 360.<\/p>\n\n\n\n<figure class=\"wp-block-video\"><video height=\"720\" style=\"aspect-ratio: 1280 \/ 720;\" width=\"1280\" controls src=\"https:\/\/somosdelprieto.com\/wp-content\/uploads\/2023\/06\/mecanizado_logo.mp4\"><\/video><\/figure>\n\n\n\n<p>Como producto final elaboramos el emblema del centro en un disco de un tronco de madera.<\/p>\n\n\n\n<p><\/p>\n\n\n\n<figure class=\"wp-block-image size-large\"><img loading=\"lazy\" decoding=\"async\" width=\"1024\" height=\"576\" src=\"https:\/\/somosdelprieto.com\/wp-content\/uploads\/2023\/06\/WhatsApp-Image-2023-06-28-at-11.27.59-1024x576.jpeg\" alt=\"\" class=\"wp-image-15760\" srcset=\"https:\/\/somosdelprieto.com\/wp-content\/uploads\/2023\/06\/WhatsApp-Image-2023-06-28-at-11.27.59-1024x576.jpeg 1024w, https:\/\/somosdelprieto.com\/wp-content\/uploads\/2023\/06\/WhatsApp-Image-2023-06-28-at-11.27.59-300x169.jpeg 300w, https:\/\/somosdelprieto.com\/wp-content\/uploads\/2023\/06\/WhatsApp-Image-2023-06-28-at-11.27.59-768x432.jpeg 768w, https:\/\/somosdelprieto.com\/wp-content\/uploads\/2023\/06\/WhatsApp-Image-2023-06-28-at-11.27.59-1536x864.jpeg 1536w, https:\/\/somosdelprieto.com\/wp-content\/uploads\/2023\/06\/WhatsApp-Image-2023-06-28-at-11.27.59.jpeg 1599w\" sizes=\"auto, (max-width: 767px) 89vw, (max-width: 1000px) 54vw, (max-width: 1071px) 543px, 580px\" \/><\/figure>\n","protected":false},"excerpt":{"rendered":"<p>Para mejorar nuestra formaci\u00f3n sobre el manejo del CNC del aula ATECA se ha promovido un seminario de centro con el siguiente programa: PROGRAMACION SEMINARO \u201cDISE\u00d1O Y MECANIZADO CNC\u201d 1\u00ba Pesta\u00f1a de DISE\u00d1O del programa FUSION 360: &#8211; Creaci\u00f3n de vol\u00famenes: figuras por extrusi\u00f3n, barrido y revoluci\u00f3n de perfiles, figuras primitivas, operaciones booleanas, etc. &#8211; &hellip; <\/p>\n<p class=\"link-more\"><a href=\"https:\/\/somosdelprieto.com\/index.php\/curso-de-modelado-y-mecanizado-con-cnc\/\" class=\"more-link\">Continuar leyendo<span class=\"screen-reader-text\"> \u00abSeminario de Dise\u00f1o y Mecanizado con CNC\u00bb<\/span><\/a><\/p>\n","protected":false},"author":59,"featured_media":0,"parent":0,"menu_order":0,"comment_status":"closed","ping_status":"closed","template":"","meta":{"footnotes":""},"class_list":["post-15755","page","type-page","status-publish","hentry"],"_links":{"self":[{"href":"https:\/\/somosdelprieto.com\/index.php\/wp-json\/wp\/v2\/pages\/15755","targetHints":{"allow":["GET"]}}],"collection":[{"href":"https:\/\/somosdelprieto.com\/index.php\/wp-json\/wp\/v2\/pages"}],"about":[{"href":"https:\/\/somosdelprieto.com\/index.php\/wp-json\/wp\/v2\/types\/page"}],"author":[{"embeddable":true,"href":"https:\/\/somosdelprieto.com\/index.php\/wp-json\/wp\/v2\/users\/59"}],"replies":[{"embeddable":true,"href":"https:\/\/somosdelprieto.com\/index.php\/wp-json\/wp\/v2\/comments?post=15755"}],"version-history":[{"count":3,"href":"https:\/\/somosdelprieto.com\/index.php\/wp-json\/wp\/v2\/pages\/15755\/revisions"}],"predecessor-version":[{"id":15764,"href":"https:\/\/somosdelprieto.com\/index.php\/wp-json\/wp\/v2\/pages\/15755\/revisions\/15764"}],"wp:attachment":[{"href":"https:\/\/somosdelprieto.com\/index.php\/wp-json\/wp\/v2\/media?parent=15755"}],"curies":[{"name":"wp","href":"https:\/\/api.w.org\/{rel}","templated":true}]}}