{"id":15740,"date":"2023-06-28T07:10:24","date_gmt":"2023-06-28T05:10:24","guid":{"rendered":"https:\/\/somosdelprieto.com\/?page_id=15740"},"modified":"2023-06-28T16:54:01","modified_gmt":"2023-06-28T14:54:01","slug":"instalacion-de-servidor-domotico-home-assistant","status":"publish","type":"page","link":"https:\/\/somosdelprieto.com\/index.php\/instalacion-de-servidor-domotico-home-assistant\/","title":{"rendered":"Instalaci\u00f3n de servidor dom\u00f3tico Home Assistant"},"content":{"rendered":"\n<p>Para el despliegue dom\u00f3tico del centro se ha comenzado con la instalaci\u00f3n del servidor <a href=\"https:\/\/www.home-assistant.io\" data-type=\"URL\" data-id=\"https:\/\/www.home-assistant.io\">Home Assistant<\/a><\/p>\n\n\n\n<figure class=\"wp-block-image size-large\"><img loading=\"lazy\" decoding=\"async\" width=\"1024\" height=\"1024\" src=\"https:\/\/somosdelprieto.com\/wp-content\/uploads\/2023\/06\/home-assistant-logo-4122585820-1024x1024.jpg\" alt=\"\" class=\"wp-image-15743\" srcset=\"https:\/\/somosdelprieto.com\/wp-content\/uploads\/2023\/06\/home-assistant-logo-4122585820-1024x1024.jpg 1024w, https:\/\/somosdelprieto.com\/wp-content\/uploads\/2023\/06\/home-assistant-logo-4122585820-300x300.jpg 300w, https:\/\/somosdelprieto.com\/wp-content\/uploads\/2023\/06\/home-assistant-logo-4122585820-150x150.jpg 150w, https:\/\/somosdelprieto.com\/wp-content\/uploads\/2023\/06\/home-assistant-logo-4122585820-768x768.jpg 768w, https:\/\/somosdelprieto.com\/wp-content\/uploads\/2023\/06\/home-assistant-logo-4122585820-1536x1536.jpg 1536w, https:\/\/somosdelprieto.com\/wp-content\/uploads\/2023\/06\/home-assistant-logo-4122585820-2048x2048.jpg 2048w, https:\/\/somosdelprieto.com\/wp-content\/uploads\/2023\/06\/home-assistant-logo-4122585820-100x100.jpg 100w\" sizes=\"auto, (max-width: 767px) 89vw, (max-width: 1000px) 54vw, (max-width: 1071px) 543px, 580px\" \/><\/figure>\n\n\n\n<p>B\u00e1sicamente se trata de una Web UI que centraliza distintos dispositivos de entrada y salida con conexi\u00f3n wifi dentro de un entorno f\u00edsico. La vinculaci\u00f3n entre los dispositivos conectados se realiza dentro de la plataforma mediante la designaci\u00f3n de eventos y la vinculaci\u00f3n de los mismos con los cambios de estado del sistema.<\/p>\n\n\n\n<p>La instalaci\u00f3n del sistema se ha realizado sobre una m\u00e1quina virtual en los servidores del centro.<\/p>\n\n\n\n<p>Para la comunicaci\u00f3n entre dispositivos se ha creado una red wifi \u00abIoT\u00bb con cobertura en todo el centro.<\/p>\n\n\n\n<p>A continuaci\u00f3n os mostramos una serie de dispositivos pensados para conecta en redes IoT:<\/p>\n\n\n\n<p><\/p>\n\n\n\n<figure class=\"wp-block-gallery columns-3 is-cropped wp-block-gallery-1 is-layout-flex wp-block-gallery-is-layout-flex\"><ul class=\"blocks-gallery-grid\"><li class=\"blocks-gallery-item\"><figure><img loading=\"lazy\" decoding=\"async\" width=\"220\" height=\"220\" src=\"https:\/\/somosdelprieto.com\/wp-content\/uploads\/2023\/06\/Interruptor-inteligente-con-Wifi-para-el-hogar-dispositivo-inal-mbrico-con-temporizador-de-2-Control-de.jpg_220x220.jpg\" alt=\"\" data-id=\"15767\" data-link=\"https:\/\/somosdelprieto.com\/index.php\/instalacion-de-servidor-domotico-home-assistant\/interruptor-inteligente-con-wifi-para-el-hogar-dispositivo-inal-mbrico-con-temporizador-de-2-control-de-jpg_220x220\/\" class=\"wp-image-15767\" srcset=\"https:\/\/somosdelprieto.com\/wp-content\/uploads\/2023\/06\/Interruptor-inteligente-con-Wifi-para-el-hogar-dispositivo-inal-mbrico-con-temporizador-de-2-Control-de.jpg_220x220.jpg 220w, https:\/\/somosdelprieto.com\/wp-content\/uploads\/2023\/06\/Interruptor-inteligente-con-Wifi-para-el-hogar-dispositivo-inal-mbrico-con-temporizador-de-2-Control-de.jpg_220x220-150x150.jpg 150w, https:\/\/somosdelprieto.com\/wp-content\/uploads\/2023\/06\/Interruptor-inteligente-con-Wifi-para-el-hogar-dispositivo-inal-mbrico-con-temporizador-de-2-Control-de.jpg_220x220-100x100.jpg 100w\" sizes=\"auto, (max-width: 220px) 100vw, 220px\" \/><\/figure><\/li><li class=\"blocks-gallery-item\"><figure><img loading=\"lazy\" decoding=\"async\" width=\"220\" height=\"220\" src=\"https:\/\/somosdelprieto.com\/wp-content\/uploads\/2023\/06\/Enchufe-inteligente-Tuya-ZigBee-adaptador-de-16A-Monitor-de-potencia-temporizador-Control-remoto-salida-inal-mbrica.jpg_220x220.jpg\" alt=\"\" data-id=\"15768\" data-link=\"https:\/\/somosdelprieto.com\/index.php\/instalacion-de-servidor-domotico-home-assistant\/enchufe-inteligente-tuya-zigbee-adaptador-de-16a-monitor-de-potencia-temporizador-control-remoto-salida-inal-mbrica-jpg_220x220\/\" class=\"wp-image-15768\" srcset=\"https:\/\/somosdelprieto.com\/wp-content\/uploads\/2023\/06\/Enchufe-inteligente-Tuya-ZigBee-adaptador-de-16A-Monitor-de-potencia-temporizador-Control-remoto-salida-inal-mbrica.jpg_220x220.jpg 220w, https:\/\/somosdelprieto.com\/wp-content\/uploads\/2023\/06\/Enchufe-inteligente-Tuya-ZigBee-adaptador-de-16A-Monitor-de-potencia-temporizador-Control-remoto-salida-inal-mbrica.jpg_220x220-150x150.jpg 150w, https:\/\/somosdelprieto.com\/wp-content\/uploads\/2023\/06\/Enchufe-inteligente-Tuya-ZigBee-adaptador-de-16A-Monitor-de-potencia-temporizador-Control-remoto-salida-inal-mbrica.jpg_220x220-100x100.jpg 100w\" sizes=\"auto, (max-width: 220px) 100vw, 220px\" \/><\/figure><\/li><li class=\"blocks-gallery-item\"><figure><img loading=\"lazy\" decoding=\"async\" width=\"800\" height=\"800\" src=\"https:\/\/somosdelprieto.com\/wp-content\/uploads\/2023\/06\/AUBESS-Sensor-de-temperatura-y-humedad-para-el-hogar-term-metro-conectado-con-Tuya-WiFi-Compatible.jpg\" alt=\"\" data-id=\"15769\" data-link=\"https:\/\/somosdelprieto.com\/index.php\/instalacion-de-servidor-domotico-home-assistant\/aubess-sensor-de-temperatura-y-humedad-para-el-hogar-term-metro-conectado-con-tuya-wifi-compatible\/\" class=\"wp-image-15769\" srcset=\"https:\/\/somosdelprieto.com\/wp-content\/uploads\/2023\/06\/AUBESS-Sensor-de-temperatura-y-humedad-para-el-hogar-term-metro-conectado-con-Tuya-WiFi-Compatible.jpg 800w, https:\/\/somosdelprieto.com\/wp-content\/uploads\/2023\/06\/AUBESS-Sensor-de-temperatura-y-humedad-para-el-hogar-term-metro-conectado-con-Tuya-WiFi-Compatible-300x300.jpg 300w, https:\/\/somosdelprieto.com\/wp-content\/uploads\/2023\/06\/AUBESS-Sensor-de-temperatura-y-humedad-para-el-hogar-term-metro-conectado-con-Tuya-WiFi-Compatible-150x150.jpg 150w, https:\/\/somosdelprieto.com\/wp-content\/uploads\/2023\/06\/AUBESS-Sensor-de-temperatura-y-humedad-para-el-hogar-term-metro-conectado-con-Tuya-WiFi-Compatible-768x768.jpg 768w, https:\/\/somosdelprieto.com\/wp-content\/uploads\/2023\/06\/AUBESS-Sensor-de-temperatura-y-humedad-para-el-hogar-term-metro-conectado-con-Tuya-WiFi-Compatible-100x100.jpg 100w\" sizes=\"auto, (max-width: 767px) 89vw, (max-width: 1000px) 54vw, (max-width: 1071px) 543px, 580px\" \/><\/figure><\/li><li class=\"blocks-gallery-item\"><figure><img loading=\"lazy\" decoding=\"async\" width=\"220\" height=\"220\" src=\"https:\/\/somosdelprieto.com\/wp-content\/uploads\/2023\/06\/M-dulo-de-rel-WiFi-para-hogar-inteligente-interruptor-de-Control-remoto-para-aplicaci-n-de.jpg_220x220.jpg\" alt=\"\" data-id=\"15770\" data-link=\"https:\/\/somosdelprieto.com\/index.php\/instalacion-de-servidor-domotico-home-assistant\/m-dulo-de-rel-wifi-para-hogar-inteligente-interruptor-de-control-remoto-para-aplicaci-n-de-jpg_220x220\/\" class=\"wp-image-15770\" srcset=\"https:\/\/somosdelprieto.com\/wp-content\/uploads\/2023\/06\/M-dulo-de-rel-WiFi-para-hogar-inteligente-interruptor-de-Control-remoto-para-aplicaci-n-de.jpg_220x220.jpg 220w, https:\/\/somosdelprieto.com\/wp-content\/uploads\/2023\/06\/M-dulo-de-rel-WiFi-para-hogar-inteligente-interruptor-de-Control-remoto-para-aplicaci-n-de.jpg_220x220-150x150.jpg 150w, https:\/\/somosdelprieto.com\/wp-content\/uploads\/2023\/06\/M-dulo-de-rel-WiFi-para-hogar-inteligente-interruptor-de-Control-remoto-para-aplicaci-n-de.jpg_220x220-100x100.jpg 100w\" sizes=\"auto, (max-width: 220px) 100vw, 220px\" \/><\/figure><\/li><li class=\"blocks-gallery-item\"><figure><img loading=\"lazy\" decoding=\"async\" width=\"220\" height=\"220\" src=\"https:\/\/somosdelprieto.com\/wp-content\/uploads\/2023\/06\/M-dulo-de-rel-WiFi-para-Arduino-STM-Controlador-LED-RGB-Things-hogar-inteligente-interruptor-de-1.jpg_220x220-1.jpg\" alt=\"\" data-id=\"15772\" data-link=\"https:\/\/somosdelprieto.com\/index.php\/instalacion-de-servidor-domotico-home-assistant\/m-dulo-de-rel-wifi-para-arduino-stm-controlador-led-rgb-things-hogar-inteligente-interruptor-de-1-jpg_220x220-1\/\" class=\"wp-image-15772\" srcset=\"https:\/\/somosdelprieto.com\/wp-content\/uploads\/2023\/06\/M-dulo-de-rel-WiFi-para-Arduino-STM-Controlador-LED-RGB-Things-hogar-inteligente-interruptor-de-1.jpg_220x220-1.jpg 220w, https:\/\/somosdelprieto.com\/wp-content\/uploads\/2023\/06\/M-dulo-de-rel-WiFi-para-Arduino-STM-Controlador-LED-RGB-Things-hogar-inteligente-interruptor-de-1.jpg_220x220-1-150x150.jpg 150w, https:\/\/somosdelprieto.com\/wp-content\/uploads\/2023\/06\/M-dulo-de-rel-WiFi-para-Arduino-STM-Controlador-LED-RGB-Things-hogar-inteligente-interruptor-de-1.jpg_220x220-1-100x100.jpg 100w\" sizes=\"auto, (max-width: 220px) 100vw, 220px\" \/><\/figure><\/li><li class=\"blocks-gallery-item\"><figure><img loading=\"lazy\" decoding=\"async\" width=\"220\" height=\"220\" src=\"https:\/\/somosdelprieto.com\/wp-content\/uploads\/2023\/06\/Disyuntor-inteligente-TUYA-WiFi-MCB-protecci-n-contra-sobrecorriente-y-bajo-voltaje-medici-n-de-energ.jpg_220x220.jpg\" alt=\"\" data-id=\"15773\" data-full-url=\"https:\/\/somosdelprieto.com\/wp-content\/uploads\/2023\/06\/Disyuntor-inteligente-TUYA-WiFi-MCB-protecci-n-contra-sobrecorriente-y-bajo-voltaje-medici-n-de-energ.jpg_220x220.jpg\" data-link=\"https:\/\/somosdelprieto.com\/index.php\/instalacion-de-servidor-domotico-home-assistant\/disyuntor-inteligente-tuya-wifi-mcb-protecci-n-contra-sobrecorriente-y-bajo-voltaje-medici-n-de-energ-jpg_220x220\/\" class=\"wp-image-15773\" srcset=\"https:\/\/somosdelprieto.com\/wp-content\/uploads\/2023\/06\/Disyuntor-inteligente-TUYA-WiFi-MCB-protecci-n-contra-sobrecorriente-y-bajo-voltaje-medici-n-de-energ.jpg_220x220.jpg 220w, https:\/\/somosdelprieto.com\/wp-content\/uploads\/2023\/06\/Disyuntor-inteligente-TUYA-WiFi-MCB-protecci-n-contra-sobrecorriente-y-bajo-voltaje-medici-n-de-energ.jpg_220x220-150x150.jpg 150w, https:\/\/somosdelprieto.com\/wp-content\/uploads\/2023\/06\/Disyuntor-inteligente-TUYA-WiFi-MCB-protecci-n-contra-sobrecorriente-y-bajo-voltaje-medici-n-de-energ.jpg_220x220-100x100.jpg 100w\" sizes=\"auto, (max-width: 220px) 100vw, 220px\" \/><\/figure><\/li><\/ul><\/figure>\n\n\n\n<p>Estos dispositivos son de bajo coste. Algunos son sensores y otros actuadores que se pueden integrar en distintos circuitos.<\/p>\n","protected":false},"excerpt":{"rendered":"<p>Para el despliegue dom\u00f3tico del centro se ha comenzado con la instalaci\u00f3n del servidor Home Assistant B\u00e1sicamente se trata de una Web UI que centraliza distintos dispositivos de entrada y salida con conexi\u00f3n wifi dentro de un entorno f\u00edsico. La vinculaci\u00f3n entre los dispositivos conectados se realiza dentro de la plataforma mediante la designaci\u00f3n de &hellip; <\/p>\n<p class=\"link-more\"><a href=\"https:\/\/somosdelprieto.com\/index.php\/instalacion-de-servidor-domotico-home-assistant\/\" class=\"more-link\">Continuar leyendo<span class=\"screen-reader-text\"> \u00abInstalaci\u00f3n de servidor dom\u00f3tico Home Assistant\u00bb<\/span><\/a><\/p>\n","protected":false},"author":59,"featured_media":0,"parent":0,"menu_order":0,"comment_status":"closed","ping_status":"closed","template":"","meta":{"footnotes":""},"class_list":["post-15740","page","type-page","status-publish","hentry"],"_links":{"self":[{"href":"https:\/\/somosdelprieto.com\/index.php\/wp-json\/wp\/v2\/pages\/15740","targetHints":{"allow":["GET"]}}],"collection":[{"href":"https:\/\/somosdelprieto.com\/index.php\/wp-json\/wp\/v2\/pages"}],"about":[{"href":"https:\/\/somosdelprieto.com\/index.php\/wp-json\/wp\/v2\/types\/page"}],"author":[{"embeddable":true,"href":"https:\/\/somosdelprieto.com\/index.php\/wp-json\/wp\/v2\/users\/59"}],"replies":[{"embeddable":true,"href":"https:\/\/somosdelprieto.com\/index.php\/wp-json\/wp\/v2\/comments?post=15740"}],"version-history":[{"count":4,"href":"https:\/\/somosdelprieto.com\/index.php\/wp-json\/wp\/v2\/pages\/15740\/revisions"}],"predecessor-version":[{"id":15774,"href":"https:\/\/somosdelprieto.com\/index.php\/wp-json\/wp\/v2\/pages\/15740\/revisions\/15774"}],"wp:attachment":[{"href":"https:\/\/somosdelprieto.com\/index.php\/wp-json\/wp\/v2\/media?parent=15740"}],"curies":[{"name":"wp","href":"https:\/\/api.w.org\/{rel}","templated":true}]}}