{"id":15532,"date":"2023-06-12T21:03:53","date_gmt":"2023-06-12T19:03:53","guid":{"rendered":"https:\/\/somosdelprieto.com\/?page_id=15532"},"modified":"2023-06-23T08:42:30","modified_gmt":"2023-06-23T06:42:30","slug":"automatizacion-de-la-apertura-y-cierre-de-las-persianas-del-aula-ateca","status":"publish","type":"page","link":"https:\/\/somosdelprieto.com\/index.php\/automatizacion-de-la-apertura-y-cierre-de-las-persianas-del-aula-ateca\/","title":{"rendered":"Automatizaci\u00f3n de la apertura y cierre de las persianas y del alumbrado del aula ATECA"},"content":{"rendered":"\n<p>El alumnado de 2\u00ba de grado medio de Instalaciones El\u00e9ctricas y Autom\u00e1ticas (2\u00ba IEA) ha realizado en el marco de los proyectos de innovaci\u00f3n del aula ATECA, y como parte de los contenidos del m\u00f3dulo de Instalaciones Dom\u00f3ticas, un proyecto consistente en la automatizaci\u00f3n de algunas funcionalidades del aula de tecnolog\u00eda aplicada empleando la tecnolog\u00eda IoT (Internet of Things). Concretamente, se ha automatizado el encendido y apagado de la iluminaci\u00f3n del aula, as\u00ed como la subida y la bajada de las persianas.<\/p>\n\n\n\n<p>En primer lugar, se plante\u00f3 el proyecto y c\u00f3mo se realizan este tipo de instalaciones dom\u00f3ticas, en el aula del siglo XXI.<\/p>\n\n\n\n<figure class=\"wp-block-image size-large\"><img loading=\"lazy\" decoding=\"async\" width=\"1024\" height=\"576\" src=\"https:\/\/somosdelprieto.com\/wp-content\/uploads\/2023\/06\/imagen_1-1024x576.png\" alt=\"\" class=\"wp-image-15673\" srcset=\"https:\/\/somosdelprieto.com\/wp-content\/uploads\/2023\/06\/imagen_1-1024x576.png 1024w, https:\/\/somosdelprieto.com\/wp-content\/uploads\/2023\/06\/imagen_1-300x169.png 300w, https:\/\/somosdelprieto.com\/wp-content\/uploads\/2023\/06\/imagen_1-768x432.png 768w, https:\/\/somosdelprieto.com\/wp-content\/uploads\/2023\/06\/imagen_1.png 1299w\" sizes=\"auto, (max-width: 767px) 89vw, (max-width: 1000px) 54vw, (max-width: 1071px) 543px, 580px\" \/><\/figure>\n\n\n\n<p>En la segunda fase, se procedi\u00f3 a la instalaci\u00f3n del m\u00f3dulo IoT que controla la iluminaci\u00f3n del aula ATECA, lo que permite que sea programado su encendido y apagado, evitando posibles despilfarros de energ\u00eda cuando el aula queda encendida y no hay nadie en el interior de la misma.<\/p>\n\n\n\n<figure class=\"wp-block-image size-large\"><img loading=\"lazy\" decoding=\"async\" width=\"1024\" height=\"576\" src=\"https:\/\/somosdelprieto.com\/wp-content\/uploads\/2023\/06\/imagen_2-1024x576.png\" alt=\"\" class=\"wp-image-15674\" srcset=\"https:\/\/somosdelprieto.com\/wp-content\/uploads\/2023\/06\/imagen_2-1024x576.png 1024w, https:\/\/somosdelprieto.com\/wp-content\/uploads\/2023\/06\/imagen_2-300x169.png 300w, https:\/\/somosdelprieto.com\/wp-content\/uploads\/2023\/06\/imagen_2-768x432.png 768w, https:\/\/somosdelprieto.com\/wp-content\/uploads\/2023\/06\/imagen_2.png 1299w\" sizes=\"auto, (max-width: 767px) 89vw, (max-width: 1000px) 54vw, (max-width: 1071px) 543px, 580px\" \/><\/figure>\n\n\n\n<p>En la tercera fase del proyecto, se procedi\u00f3 a montar los motores de las persianas, as\u00ed como los m\u00f3dulos IoT que controlan la subida y bajada de cada una de las persianas. Al igual que con la iluminaci\u00f3n, la programaci\u00f3n de las persianas permite que \u00e9stas suban cuando hay personas en el interior del aula ATECA, y bajen cuando no hay nadie en la misma.<\/p>\n\n\n\n<figure class=\"wp-block-image size-large\"><img loading=\"lazy\" decoding=\"async\" width=\"1024\" height=\"576\" src=\"https:\/\/somosdelprieto.com\/wp-content\/uploads\/2023\/06\/imagen_3-1024x576.png\" alt=\"\" class=\"wp-image-15675\" srcset=\"https:\/\/somosdelprieto.com\/wp-content\/uploads\/2023\/06\/imagen_3-1024x576.png 1024w, https:\/\/somosdelprieto.com\/wp-content\/uploads\/2023\/06\/imagen_3-300x169.png 300w, https:\/\/somosdelprieto.com\/wp-content\/uploads\/2023\/06\/imagen_3-768x432.png 768w, https:\/\/somosdelprieto.com\/wp-content\/uploads\/2023\/06\/imagen_3.png 1299w\" sizes=\"auto, (max-width: 767px) 89vw, (max-width: 1000px) 54vw, (max-width: 1071px) 543px, 580px\" \/><\/figure>\n\n\n\n<figure class=\"wp-block-image size-large\"><img loading=\"lazy\" decoding=\"async\" width=\"576\" height=\"1024\" src=\"https:\/\/somosdelprieto.com\/wp-content\/uploads\/2023\/06\/imagen_5-576x1024.png\" alt=\"\" class=\"wp-image-15676\" srcset=\"https:\/\/somosdelprieto.com\/wp-content\/uploads\/2023\/06\/imagen_5-576x1024.png 576w, https:\/\/somosdelprieto.com\/wp-content\/uploads\/2023\/06\/imagen_5-169x300.png 169w, https:\/\/somosdelprieto.com\/wp-content\/uploads\/2023\/06\/imagen_5-768x1365.png 768w, https:\/\/somosdelprieto.com\/wp-content\/uploads\/2023\/06\/imagen_5-864x1536.png 864w, https:\/\/somosdelprieto.com\/wp-content\/uploads\/2023\/06\/imagen_5-1152x2048.png 1152w, https:\/\/somosdelprieto.com\/wp-content\/uploads\/2023\/06\/imagen_5.png 1253w\" sizes=\"auto, (max-width: 576px) 100vw, 576px\" \/><\/figure>\n\n\n\n<p>En la \u00faltima parte del proyecto, se integraron los dispositivos IoT dentro del sistema operativo HOMEASSISTANT para poder programarlos e integrarlos en la red IoT del centro educativo.<\/p>\n\n\n\n<figure class=\"wp-block-image size-large\"><img loading=\"lazy\" decoding=\"async\" width=\"1024\" height=\"383\" src=\"https:\/\/somosdelprieto.com\/wp-content\/uploads\/2023\/06\/imagen_6-1024x383.png\" alt=\"\" class=\"wp-image-15677\" srcset=\"https:\/\/somosdelprieto.com\/wp-content\/uploads\/2023\/06\/imagen_6-1024x383.png 1024w, https:\/\/somosdelprieto.com\/wp-content\/uploads\/2023\/06\/imagen_6-300x112.png 300w, https:\/\/somosdelprieto.com\/wp-content\/uploads\/2023\/06\/imagen_6-768x287.png 768w, https:\/\/somosdelprieto.com\/wp-content\/uploads\/2023\/06\/imagen_6.png 1226w\" sizes=\"auto, (max-width: 767px) 89vw, (max-width: 1000px) 54vw, (max-width: 1071px) 543px, 580px\" \/><\/figure>\n\n\n\n<p>El proyecto ha sido muy positivo para el alumnado, ya que han integrado una soluci\u00f3n dom\u00f3tica real como parte de su aprendizaje, y el grado de motivaci\u00f3n e implicaci\u00f3n fue muy alto al realizar esta actividad.<\/p>\n","protected":false},"excerpt":{"rendered":"<p>El alumnado de 2\u00ba de grado medio de Instalaciones El\u00e9ctricas y Autom\u00e1ticas (2\u00ba IEA) ha realizado en el marco de los proyectos de innovaci\u00f3n del aula ATECA, y como parte de los contenidos del m\u00f3dulo de Instalaciones Dom\u00f3ticas, un proyecto consistente en la automatizaci\u00f3n de algunas funcionalidades del aula de tecnolog\u00eda aplicada empleando la tecnolog\u00eda &hellip; <\/p>\n<p class=\"link-more\"><a href=\"https:\/\/somosdelprieto.com\/index.php\/automatizacion-de-la-apertura-y-cierre-de-las-persianas-del-aula-ateca\/\" class=\"more-link\">Continuar leyendo<span class=\"screen-reader-text\"> \u00abAutomatizaci\u00f3n de la apertura y cierre de las persianas y del alumbrado del aula ATECA\u00bb<\/span><\/a><\/p>\n","protected":false},"author":59,"featured_media":0,"parent":0,"menu_order":0,"comment_status":"closed","ping_status":"closed","template":"","meta":{"footnotes":""},"class_list":["post-15532","page","type-page","status-publish","hentry"],"_links":{"self":[{"href":"https:\/\/somosdelprieto.com\/index.php\/wp-json\/wp\/v2\/pages\/15532","targetHints":{"allow":["GET"]}}],"collection":[{"href":"https:\/\/somosdelprieto.com\/index.php\/wp-json\/wp\/v2\/pages"}],"about":[{"href":"https:\/\/somosdelprieto.com\/index.php\/wp-json\/wp\/v2\/types\/page"}],"author":[{"embeddable":true,"href":"https:\/\/somosdelprieto.com\/index.php\/wp-json\/wp\/v2\/users\/59"}],"replies":[{"embeddable":true,"href":"https:\/\/somosdelprieto.com\/index.php\/wp-json\/wp\/v2\/comments?post=15532"}],"version-history":[{"count":3,"href":"https:\/\/somosdelprieto.com\/index.php\/wp-json\/wp\/v2\/pages\/15532\/revisions"}],"predecessor-version":[{"id":15678,"href":"https:\/\/somosdelprieto.com\/index.php\/wp-json\/wp\/v2\/pages\/15532\/revisions\/15678"}],"wp:attachment":[{"href":"https:\/\/somosdelprieto.com\/index.php\/wp-json\/wp\/v2\/media?parent=15532"}],"curies":[{"name":"wp","href":"https:\/\/api.w.org\/{rel}","templated":true}]}}