{"id":15071,"date":"2023-05-23T12:49:12","date_gmt":"2023-05-23T10:49:12","guid":{"rendered":"https:\/\/somosdelprieto.com\/?page_id=15071"},"modified":"2023-05-29T09:19:30","modified_gmt":"2023-05-29T07:19:30","slug":"taller-de-realidad-virtual-e-inteligencia-artificial-para-feria-fp","status":"publish","type":"page","link":"https:\/\/somosdelprieto.com\/index.php\/taller-de-realidad-virtual-e-inteligencia-artificial-para-feria-fp\/","title":{"rendered":"Taller de realidad virtual e inteligencia artificial para feria FP."},"content":{"rendered":"\n<p>Siempre es de agradecer el poder contar con las instalaciones del aula ATECA para poder preparar diversos talleres. En esta ocasi\u00f3n se ha trabajado en preparar el taller de realidad virtual e inteligencia artificial para feria FP.\u00a0 <\/p>\n\n\n\n<p>La preparaci\u00f3n de talleres de inform\u00e1tica fue en previsi\u00f3n de las actividades que  se llevaron a cabo durante la feria de FP.  Se desplieguaron los videojuegos desarrollados en el grado superior de DAM en las gafas Oculus para el taller de realidad virtual. Tambi\u00e9n se instalaron y prepararon las herramientas de inteligencia artificial en el PC gaming disponible en el aula ATECA, que se utiliz\u00f3 para el taller de inteligencia artificial.\u00a0 \u00a0 <\/p>\n\n\n\n<p>El objetivo fue acercar al alumnado interesado en m\u00f3dulos relacionados con la inform\u00e1tica a actividades atractivas de un modo r\u00e1pido y sencillo con una presentaciones cortas y unas actividades en las que puedan participar.&nbsp;<\/p>\n\n\n\n<p>Agradecemos al alumnado de segundo de desarrollo de aplicaciones multiplataforma por el trabajo realizado. Estuvieron trabajando durante varios d\u00edas en la actualizaci\u00f3n y puesta a punto de los dispositivos; en el despliegue del software realizado por el propio alumnado; realizando la presentaci\u00f3n y pruebas de las actividades a realizar; finalmente, el propio d\u00eda de la feria de FP realizando los propios talleres en el aula durante la feria de FP.&nbsp;<\/p>\n\n\n\n<figure class=\"wp-block-image size-large is-style-rounded\"><img loading=\"lazy\" decoding=\"async\" width=\"1024\" height=\"576\" src=\"https:\/\/somosdelprieto.com\/wp-content\/uploads\/2023\/05\/atheca2-rv1.png\" alt=\"Alumnado durante Feria de FP. Taller de realidad virtual.\" class=\"wp-image-15102\" srcset=\"https:\/\/somosdelprieto.com\/wp-content\/uploads\/2023\/05\/atheca2-rv1.png 1024w, https:\/\/somosdelprieto.com\/wp-content\/uploads\/2023\/05\/atheca2-rv1-300x169.png 300w, https:\/\/somosdelprieto.com\/wp-content\/uploads\/2023\/05\/atheca2-rv1-768x432.png 768w\" sizes=\"auto, (max-width: 767px) 89vw, (max-width: 1000px) 54vw, (max-width: 1071px) 543px, 580px\" \/><\/figure>\n","protected":false},"excerpt":{"rendered":"<p>Siempre es de agradecer el poder contar con las instalaciones del aula ATECA para poder preparar diversos talleres. En esta ocasi\u00f3n se ha trabajado en preparar el taller de realidad virtual e inteligencia artificial para feria FP.\u00a0 La preparaci\u00f3n de talleres de inform\u00e1tica fue en previsi\u00f3n de las actividades que se llevaron a cabo durante &hellip; <\/p>\n<p class=\"link-more\"><a href=\"https:\/\/somosdelprieto.com\/index.php\/taller-de-realidad-virtual-e-inteligencia-artificial-para-feria-fp\/\" class=\"more-link\">Continuar leyendo<span class=\"screen-reader-text\"> \u00abTaller de realidad virtual e inteligencia artificial para feria FP.\u00bb<\/span><\/a><\/p>\n","protected":false},"author":59,"featured_media":15099,"parent":0,"menu_order":0,"comment_status":"closed","ping_status":"closed","template":"","meta":{"footnotes":""},"class_list":["post-15071","page","type-page","status-publish","has-post-thumbnail","hentry"],"_links":{"self":[{"href":"https:\/\/somosdelprieto.com\/index.php\/wp-json\/wp\/v2\/pages\/15071","targetHints":{"allow":["GET"]}}],"collection":[{"href":"https:\/\/somosdelprieto.com\/index.php\/wp-json\/wp\/v2\/pages"}],"about":[{"href":"https:\/\/somosdelprieto.com\/index.php\/wp-json\/wp\/v2\/types\/page"}],"author":[{"embeddable":true,"href":"https:\/\/somosdelprieto.com\/index.php\/wp-json\/wp\/v2\/users\/59"}],"replies":[{"embeddable":true,"href":"https:\/\/somosdelprieto.com\/index.php\/wp-json\/wp\/v2\/comments?post=15071"}],"version-history":[{"count":5,"href":"https:\/\/somosdelprieto.com\/index.php\/wp-json\/wp\/v2\/pages\/15071\/revisions"}],"predecessor-version":[{"id":15155,"href":"https:\/\/somosdelprieto.com\/index.php\/wp-json\/wp\/v2\/pages\/15071\/revisions\/15155"}],"wp:featuredmedia":[{"embeddable":true,"href":"https:\/\/somosdelprieto.com\/index.php\/wp-json\/wp\/v2\/media\/15099"}],"wp:attachment":[{"href":"https:\/\/somosdelprieto.com\/index.php\/wp-json\/wp\/v2\/media?parent=15071"}],"curies":[{"name":"wp","href":"https:\/\/api.w.org\/{rel}","templated":true}]}}