{"id":14836,"date":"2023-05-09T17:20:42","date_gmt":"2023-05-09T15:20:42","guid":{"rendered":"https:\/\/somosdelprieto.com\/?page_id=14836"},"modified":"2023-05-09T17:37:22","modified_gmt":"2023-05-09T15:37:22","slug":"cheers-to-health","status":"publish","type":"page","link":"https:\/\/somosdelprieto.com\/index.php\/cheers-to-health\/","title":{"rendered":"Cheers To Health"},"content":{"rendered":"\n<p><span class=\"has-inline-color has-vivid-cyan-blue-color\">\u00bfQu\u00e9 es Cheers to Health?<\/span><\/p>\n\n\n\n<p>Como en a\u00f1os anteriores el IES Gregorio Prieto hace una apuesta fuerte por el aprendizaje basado en proyectos, nuevas metodolog\u00edas&nbsp; y formas de trabajar en el aula como el trabajo desarrollado&nbsp; en el AULA DEL FUTURO. Por ello, en cada uno de los niveles educativo se est\u00e1n desarrollando&nbsp;diversos proyectos que facilitan un aprendizaje activo y motivador.<\/p>\n\n\n\n<p>En concreto&nbsp;en 3\u00ba ESO uno de los proyectos que se est\u00e1 llevando a cado se llama: \u00abCheers to Health\u00bb, en el que participan los departamentos de Educaci\u00f3n F\u00edsica, Ingl\u00e9s y M\u00fasica.<\/p>\n\n\n\n<p>Deseamos compartir con toda la comunidad educativa el trabajo que se est\u00e1 llevando a cabo en este proyecto y por ello poco a poco iremos publicando en este espacio de la web todos nuestros productos finales as\u00ed como detalles sobre ello, para que pod\u00e1is ver nuestro trabajo.<\/p>\n\n\n\n<p class=\"has-text-align-center\"><span class=\"has-inline-color has-vivid-green-cyan-color\"><strong>Primer trimestre<\/strong><\/span><\/p>\n\n\n\n<p>En esta primera parte del proyecto se les ha propuesto a los chicos y chicas de 3\u00ba ESO realizar una revista digital en la que se reflejen las actividades de Educaci\u00f3n F\u00edsica de HIIT y Cardio Drumming que han realizado en sus clases durante la primera evaluaci\u00f3n.<\/p>\n\n\n\n<p><em><a rel=\"noreferrer noopener\" href=\"https:\/\/somosdelprieto.com\/index.php\/2023\/01\/19\/proyecto-cheers-to-health\/\" data-type=\"URL\" data-id=\"https:\/\/somosdelprieto.com\/index.php\/2023\/01\/19\/proyecto-cheers-to-health\/\" target=\"_blank\">Revista digital de cardio drumming\u00a0y HIIT <\/a><\/em><\/p>\n\n\n\n<p class=\"has-text-align-center\"><span class=\"has-inline-color has-luminous-vivid-orange-color\"><strong>Segundo Trimestre<\/strong><\/span><\/p>\n\n\n\n<p>En el segundo trimestre el alumnado ha realizado una revista digital de viajes en Canva en la que una vez elegidos distintos pa\u00edses, en grupos han incluido diversos aspectos de esos pa\u00edses, como lugares a visitar, lista de actividades a realizar o a no realizar, utensilios que se deben o no llevar, comida a degustar y uno o dos juegos t\u00edpicos de dicos pa\u00edses.<\/p>\n\n\n\n<p><a href=\"https:\/\/www.canva.com\/design\/DAFTUW79TBQ\/l7pkKM3jvKfWGBzkAbTxSQ\/watch?utm_content=DAFTUW79TBQ&amp;utm_campaign=designshare&amp;utm_medium=link&amp;utm_source=publishsharelink\" data-type=\"URL\" data-id=\"https:\/\/www.canva.com\/design\/DAFTUW79TBQ\/l7pkKM3jvKfWGBzkAbTxSQ\/watch?utm_content=DAFTUW79TBQ&amp;utm_campaign=designshare&amp;utm_medium=link&amp;utm_source=publishsharelink\" target=\"_blank\" rel=\"noreferrer noopener\">Revista digital de viajes en Canva<\/a><\/p>\n\n\n\n<p>Adem\u00e1s una vez realizado este Canva, el alumnado ha preparado la mejor manera de hacer llegar dichos juegos al alumnado de primaria para as\u00ed realizar una actividad entre iguales. Aqu\u00ed puedes leer m\u00e1s sobre ello y puedes ver im\u00e1genes y v\u00eddeos<\/p>\n\n\n\n<p><a rel=\"noreferrer noopener\" href=\"https:\/\/somosdelprieto.com\/index.php\/2023\/03\/23\/juegas-con-nosotros-y-nosotras-somosdelprieto\/\" data-type=\"URL\" data-id=\"https:\/\/somosdelprieto.com\/index.php\/2023\/03\/23\/juegas-con-nosotros-y-nosotras-somosdelprieto\/\" target=\"_blank\"> Juegas con nosotros<\/a><\/p>\n\n\n\n<p class=\"has-text-align-center\"><span class=\"has-inline-color has-vivid-cyan-blue-color\"><strong>Tercer trimestre<\/strong><\/span><\/p>\n\n\n\n<p>En el tercer trimestre ha tocado el turno de la alimentaci\u00f3n saludable y nos hemos convertido en cr\u00edticos culinarios. Hemos preparado unos men\u00fas con el aporte cal\u00f3rico y energ\u00e9tico correcto, hemos tenido en cuenta alergias, intolerancias.. y hemos preparado unas cr\u00edticas tanto escritas  en Canva como orales a trav\u00e9s de podcasts con las que poner en pr\u00e1ctica todo lo aprendido en las diversas materias part\u00edcipes en este proyecto de Cheers to Health.<\/p>\n\n\n\n<p>Cr\u00edticas culinarias en <a rel=\"noreferrer noopener\" href=\"https:\/\/www.canva.com\/design\/DAFgEPDnBTk\/2aYYskTAC_UIQNipO_1neA\/watch?utm_content=DAFgEPDnBTk&amp;utm_campaign=designshare&amp;utm_medium=link&amp;utm_source=publishsharelink\" data-type=\"URL\" data-id=\"https:\/\/www.canva.com\/design\/DAFgEPDnBTk\/2aYYskTAC_UIQNipO_1neA\/watch?utm_content=DAFgEPDnBTk&amp;utm_campaign=designshare&amp;utm_medium=link&amp;utm_source=publishsharelink\" target=\"_blank\">Canva<\/a><\/p>\n","protected":false},"excerpt":{"rendered":"<p>\u00bfQu\u00e9 es Cheers to Health? Como en a\u00f1os anteriores el IES Gregorio Prieto hace una apuesta fuerte por el aprendizaje basado en proyectos, nuevas metodolog\u00edas&nbsp; y formas de trabajar en el aula como el trabajo desarrollado&nbsp; en el AULA DEL FUTURO. Por ello, en cada uno de los niveles educativo se est\u00e1n desarrollando&nbsp;diversos proyectos que &hellip; <\/p>\n<p class=\"link-more\"><a href=\"https:\/\/somosdelprieto.com\/index.php\/cheers-to-health\/\" class=\"more-link\">Continuar leyendo<span class=\"screen-reader-text\"> \u00abCheers To Health\u00bb<\/span><\/a><\/p>\n","protected":false},"author":46,"featured_media":0,"parent":0,"menu_order":0,"comment_status":"closed","ping_status":"closed","template":"","meta":{"footnotes":""},"class_list":["post-14836","page","type-page","status-publish","hentry"],"_links":{"self":[{"href":"https:\/\/somosdelprieto.com\/index.php\/wp-json\/wp\/v2\/pages\/14836","targetHints":{"allow":["GET"]}}],"collection":[{"href":"https:\/\/somosdelprieto.com\/index.php\/wp-json\/wp\/v2\/pages"}],"about":[{"href":"https:\/\/somosdelprieto.com\/index.php\/wp-json\/wp\/v2\/types\/page"}],"author":[{"embeddable":true,"href":"https:\/\/somosdelprieto.com\/index.php\/wp-json\/wp\/v2\/users\/46"}],"replies":[{"embeddable":true,"href":"https:\/\/somosdelprieto.com\/index.php\/wp-json\/wp\/v2\/comments?post=14836"}],"version-history":[{"count":6,"href":"https:\/\/somosdelprieto.com\/index.php\/wp-json\/wp\/v2\/pages\/14836\/revisions"}],"predecessor-version":[{"id":14910,"href":"https:\/\/somosdelprieto.com\/index.php\/wp-json\/wp\/v2\/pages\/14836\/revisions\/14910"}],"wp:attachment":[{"href":"https:\/\/somosdelprieto.com\/index.php\/wp-json\/wp\/v2\/media?parent=14836"}],"curies":[{"name":"wp","href":"https:\/\/api.w.org\/{rel}","templated":true}]}}