{"id":14822,"date":"2023-05-09T19:49:13","date_gmt":"2023-05-09T17:49:13","guid":{"rendered":"https:\/\/somosdelprieto.com\/?page_id=14822"},"modified":"2023-05-10T10:12:26","modified_gmt":"2023-05-10T08:12:26","slug":"talleres-feria-de-fp-2023","status":"publish","type":"page","link":"https:\/\/somosdelprieto.com\/index.php\/talleres-feria-de-fp-2023\/","title":{"rendered":"TALLERES FERIA DE FP 2023"},"content":{"rendered":"\n<p>Dentro de las distintas actividades programadas para la jornada de la II Feria de la FP (Vista de las instalaciones del centro,  visita de los stands de las familias profesionales, inauguraci\u00f3n oficial, etc.) podr\u00e1s participar en distintos talleres relacionados con estas profesiones que se celebrar\u00e1n a partir de las 10:20 de la ma\u00f1ana y organizados en 4 turnos distintos.<\/p>\n\n\n\n<p><a href=\"https:\/\/forms.office.com\/e\/rSqVgYWbsU\" data-type=\"URL\" data-id=\"https:\/\/forms.office.com\/e\/rSqVgYWbsU\" target=\"_blank\" rel=\"noreferrer noopener\">Ap\u00fantate ahora mismo<\/a> que las plazas son limitadas.<\/p>\n\n\n\n<p><\/p>\n\n\n\n<figure class=\"wp-block-table is-style-stripes\"><table><thead><tr><th class=\"has-text-align-left\" data-align=\"left\">TALLERES<\/th><th class=\"has-text-align-center\" data-align=\"center\">FAMILIA PROFESIONAL<\/th><\/tr><\/thead><tbody><tr><td class=\"has-text-align-left\" data-align=\"left\"><a href=\"https:\/\/somosdelprieto.com\/index.php\/informatica-taller-de\/\" data-type=\"URL\" data-id=\"https:\/\/somosdelprieto.com\/index.php\/informatica-taller-de\/\" target=\"_blank\" rel=\"noreferrer noopener\">Inteligencia artificial y Realidad Virtual<\/a><\/td><td class=\"has-text-align-center\" data-align=\"center\">Inform\u00e1tica<\/td><\/tr><tr><td class=\"has-text-align-left\" data-align=\"left\"><a href=\"https:\/\/somosdelprieto.com\/index.php\/informatica-taller-de\/\" data-type=\"URL\" data-id=\"https:\/\/somosdelprieto.com\/index.php\/informatica-taller-de\/\" target=\"_blank\" rel=\"noreferrer noopener\">Crea tu APP con APP Inventor<\/a><\/td><td class=\"has-text-align-center\" data-align=\"center\">Inform\u00e1tica<\/td><\/tr><tr><td class=\"has-text-align-left\" data-align=\"left\"><a href=\"https:\/\/somosdelprieto.com\/index.php\/informatica-taller-de\/\" data-type=\"URL\" data-id=\"https:\/\/somosdelprieto.com\/index.php\/informatica-taller-de\/\" target=\"_blank\" rel=\"noreferrer noopener\">Seguridad en tu Router<\/a><\/td><td class=\"has-text-align-center\" data-align=\"center\">Inform\u00e1tica<\/td><\/tr><tr><td class=\"has-text-align-left\" data-align=\"left\">Crea tu Spot Publicitario<\/td><td class=\"has-text-align-center\" data-align=\"center\">Comercio<\/td><\/tr><tr><td class=\"has-text-align-left\" data-align=\"left\"><a href=\"https:\/\/somosdelprieto.com\/index.php\/taller-profesional-escape-room-electrico-electricidad\/\" data-type=\"URL\" data-id=\"https:\/\/somosdelprieto.com\/index.php\/taller-profesional-escape-room-electrico-electricidad\/\" target=\"_blank\" rel=\"noreferrer noopener\">Escape Room El\u00e9ctrico<\/a><\/td><td class=\"has-text-align-center\" data-align=\"center\">Electricidad<\/td><\/tr><tr><td class=\"has-text-align-left\" data-align=\"left\"><a href=\"https:\/\/somosdelprieto.com\/index.php\/talleres-profesionales-de-hidroimpresion-aerografia-y-soldadura-virtual-automocion\/\" data-type=\"URL\" data-id=\"https:\/\/somosdelprieto.com\/index.php\/talleres-profesionales-de-hidroimpresion-aerografia-y-soldadura-virtual-automocion\/\" target=\"_blank\" rel=\"noreferrer noopener\">Diagnosis del autom\u00f3vil, hidroimpresi\u00f3n y fibra de vidrio<\/a><\/td><td class=\"has-text-align-center\" data-align=\"center\">Transporte y Mantenimiento de Veh\u00edculos<\/td><\/tr><tr><td class=\"has-text-align-left\" data-align=\"left\">C\u00f3mo invertir en bolsa<\/td><td class=\"has-text-align-center\" data-align=\"center\">Administraci\u00f3n<\/td><\/tr><tr><td class=\"has-text-align-left\" data-align=\"left\">Maceteros reciclados<\/td><td class=\"has-text-align-center\" data-align=\"center\">Jardiner\u00eda <\/td><\/tr><tr><td class=\"has-text-align-left\" data-align=\"left\"><a href=\"https:\/\/somosdelprieto.com\/?page_id=10512\" data-type=\"URL\" data-id=\"https:\/\/somosdelprieto.com\/?page_id=10512\" target=\"_blank\" rel=\"noreferrer noopener\">Crea, calcula y l\u00e1nzalo<\/a><\/td><td class=\"has-text-align-center\" data-align=\"center\">Administrativo<\/td><\/tr><tr><td class=\"has-text-align-left\" data-align=\"left\"><a href=\"https:\/\/somosdelprieto.com\/index.php\/taller-profesional-cata-de-aceite-industrias-alimentarias\/\" data-type=\"URL\" data-id=\"https:\/\/somosdelprieto.com\/index.php\/taller-profesional-cata-de-aceite-industrias-alimentarias\/\" target=\"_blank\" rel=\"noreferrer noopener\">Cata de Aceites AOVE<\/a><\/td><td class=\"has-text-align-center\" data-align=\"center\">Industrias Alimentarias<\/td><\/tr><tr><td class=\"has-text-align-left\" data-align=\"left\">Iluminaci\u00f3n, Sonido y Espect\u00e1culos<\/td><td class=\"has-text-align-center\" data-align=\"center\">Electr\u00f3nica<\/td><\/tr><tr><td class=\"has-text-align-left\" data-align=\"left\">Iniciaci\u00f3n al hogar digital<\/td><td class=\"has-text-align-center\" data-align=\"center\">Electr\u00f3nica<\/td><\/tr><tr><td class=\"has-text-align-left\" data-align=\"left\">Reposter\u00eda tradicional y creativa<\/td><td class=\"has-text-align-center\" data-align=\"center\">Hosteler\u00eda<\/td><\/tr><tr><td class=\"has-text-align-left\" data-align=\"left\"><a href=\"https:\/\/youtu.be\/a2NXGPjV3cs\" data-type=\"URL\" data-id=\"https:\/\/youtu.be\/a2NXGPjV3cs\" target=\"_blank\" rel=\"noreferrer noopener\">Est\u00e9tica y Peluquer\u00eda <\/a><\/td><td class=\"has-text-align-center\" data-align=\"center\">IES Francisco Nieva (Imagen Personal)<\/td><\/tr><\/tbody><\/table><\/figure>\n\n\n\n<div class=\"wp-block-group\"><div class=\"wp-block-group__inner-container is-layout-flow wp-block-group-is-layout-flow\">\n<div class=\"wp-block-image\"><figure class=\"aligncenter\"><img loading=\"lazy\" decoding=\"async\" width=\"649\" height=\"128\" src=\"https:\/\/somosdelprieto.com\/wp-content\/uploads\/2023\/05\/Patrocinadores.jpg\" alt=\"\" class=\"wp-image-14888\" srcset=\"https:\/\/somosdelprieto.com\/wp-content\/uploads\/2023\/05\/Patrocinadores.jpg 649w, https:\/\/somosdelprieto.com\/wp-content\/uploads\/2023\/05\/Patrocinadores-300x59.jpg 300w\" sizes=\"auto, (max-width: 649px) 100vw, 649px\" \/><\/figure><\/div>\n<\/div><\/div>\n\n\n\n<p style=\"line-height:1\"><\/p>\n","protected":false},"excerpt":{"rendered":"<p>Dentro de las distintas actividades programadas para la jornada de la II Feria de la FP (Vista de las instalaciones del centro, visita de los stands de las familias profesionales, inauguraci\u00f3n oficial, etc.) podr\u00e1s participar en distintos talleres relacionados con estas profesiones que se celebrar\u00e1n a partir de las 10:20 de la ma\u00f1ana y organizados &hellip; <\/p>\n<p class=\"link-more\"><a href=\"https:\/\/somosdelprieto.com\/index.php\/talleres-feria-de-fp-2023\/\" class=\"more-link\">Continuar leyendo<span class=\"screen-reader-text\"> \u00abTALLERES FERIA DE FP 2023\u00bb<\/span><\/a><\/p>\n","protected":false},"author":63,"featured_media":0,"parent":0,"menu_order":0,"comment_status":"closed","ping_status":"closed","template":"","meta":{"footnotes":""},"class_list":["post-14822","page","type-page","status-publish","hentry"],"_links":{"self":[{"href":"https:\/\/somosdelprieto.com\/index.php\/wp-json\/wp\/v2\/pages\/14822","targetHints":{"allow":["GET"]}}],"collection":[{"href":"https:\/\/somosdelprieto.com\/index.php\/wp-json\/wp\/v2\/pages"}],"about":[{"href":"https:\/\/somosdelprieto.com\/index.php\/wp-json\/wp\/v2\/types\/page"}],"author":[{"embeddable":true,"href":"https:\/\/somosdelprieto.com\/index.php\/wp-json\/wp\/v2\/users\/63"}],"replies":[{"embeddable":true,"href":"https:\/\/somosdelprieto.com\/index.php\/wp-json\/wp\/v2\/comments?post=14822"}],"version-history":[{"count":11,"href":"https:\/\/somosdelprieto.com\/index.php\/wp-json\/wp\/v2\/pages\/14822\/revisions"}],"predecessor-version":[{"id":14945,"href":"https:\/\/somosdelprieto.com\/index.php\/wp-json\/wp\/v2\/pages\/14822\/revisions\/14945"}],"wp:attachment":[{"href":"https:\/\/somosdelprieto.com\/index.php\/wp-json\/wp\/v2\/media?parent=14822"}],"curies":[{"name":"wp","href":"https:\/\/api.w.org\/{rel}","templated":true}]}}