{"id":13278,"date":"2022-12-22T10:35:52","date_gmt":"2022-12-22T09:35:52","guid":{"rendered":"https:\/\/somosdelprieto.com\/?page_id=13278"},"modified":"2023-02-25T22:28:43","modified_gmt":"2023-02-25T21:28:43","slug":"proyecto-de-innovacion-softskills-games","status":"publish","type":"page","link":"https:\/\/somosdelprieto.com\/index.php\/proyecto-de-innovacion-softskills-games\/","title":{"rendered":"Proyecto de Innovaci\u00f3n SoftSkills Games"},"content":{"rendered":"\n<p>Actualmente, nuestro centro se encuentra inmerso en el desarrollo de  un Proyecto de Innovaci\u00f3n promovido por el Ministerio de Educaci\u00f3n y Formaci\u00f3n Profesional, denominado Soft Skills Games. En \u00e9l participan alrededor de 50 alumnos y alumnas de diversos ciclos formativos.<\/p>\n\n\n\n<p>En el proyecto, consistente en el entrenamiento de las habilidades blandas de nuestro alumnado (tan necesarias actualmente para cualquier proceso de b\u00fasqueda de empleo), participan los siguientes centros: IES Virgen de Gracia (Puertollano), IES Rivera del Tajo (Talavera de la Reina) y el IES Luis Vives (Legan\u00e9s).<\/p>\n\n\n\n<p>El pasado mi\u00e9rcoles 1 de febrero, en Toledo, tuvo lugar un seminario en el que se encontraron tanto profesorado como el alumnado que est\u00e1 desarrollando el proyecto.<\/p>\n\n\n\n<p>Os dejamos algunas fotos del evento:<\/p>\n\n\n\n<figure class=\"wp-block-gallery columns-1 is-cropped wp-block-gallery-1 is-layout-flex wp-block-gallery-is-layout-flex\"><ul class=\"blocks-gallery-grid\"><li class=\"blocks-gallery-item\"><figure><img loading=\"lazy\" decoding=\"async\" width=\"1024\" height=\"461\" src=\"https:\/\/somosdelprieto.com\/wp-content\/uploads\/2023\/02\/1677343413481-1024x461.jpg\" alt=\"\" data-id=\"13901\" data-full-url=\"https:\/\/somosdelprieto.com\/wp-content\/uploads\/2023\/02\/1677343413481-scaled.jpg\" data-link=\"https:\/\/somosdelprieto.com\/index.php\/proyecto-de-innovacion-softskills-games\/attachment\/1677343413481\/\" class=\"wp-image-13901\" srcset=\"https:\/\/somosdelprieto.com\/wp-content\/uploads\/2023\/02\/1677343413481-1024x461.jpg 1024w, https:\/\/somosdelprieto.com\/wp-content\/uploads\/2023\/02\/1677343413481-300x135.jpg 300w, https:\/\/somosdelprieto.com\/wp-content\/uploads\/2023\/02\/1677343413481-768x346.jpg 768w, https:\/\/somosdelprieto.com\/wp-content\/uploads\/2023\/02\/1677343413481-1536x691.jpg 1536w, https:\/\/somosdelprieto.com\/wp-content\/uploads\/2023\/02\/1677343413481-2048x922.jpg 2048w\" sizes=\"auto, (max-width: 767px) 89vw, (max-width: 1000px) 54vw, (max-width: 1071px) 543px, 580px\" \/><\/figure><\/li><li class=\"blocks-gallery-item\"><figure><img loading=\"lazy\" decoding=\"async\" width=\"1024\" height=\"461\" src=\"https:\/\/somosdelprieto.com\/wp-content\/uploads\/2023\/02\/1677343413738-1024x461.jpg\" alt=\"\" data-id=\"13902\" data-full-url=\"https:\/\/somosdelprieto.com\/wp-content\/uploads\/2023\/02\/1677343413738-scaled.jpg\" data-link=\"https:\/\/somosdelprieto.com\/index.php\/proyecto-de-innovacion-softskills-games\/attachment\/1677343413738\/\" class=\"wp-image-13902\" srcset=\"https:\/\/somosdelprieto.com\/wp-content\/uploads\/2023\/02\/1677343413738-1024x461.jpg 1024w, https:\/\/somosdelprieto.com\/wp-content\/uploads\/2023\/02\/1677343413738-300x135.jpg 300w, https:\/\/somosdelprieto.com\/wp-content\/uploads\/2023\/02\/1677343413738-768x346.jpg 768w, https:\/\/somosdelprieto.com\/wp-content\/uploads\/2023\/02\/1677343413738-1536x691.jpg 1536w, https:\/\/somosdelprieto.com\/wp-content\/uploads\/2023\/02\/1677343413738-2048x922.jpg 2048w\" sizes=\"auto, (max-width: 767px) 89vw, (max-width: 1000px) 54vw, (max-width: 1071px) 543px, 580px\" \/><\/figure><\/li><li class=\"blocks-gallery-item\"><figure><img loading=\"lazy\" decoding=\"async\" width=\"1024\" height=\"682\" src=\"https:\/\/somosdelprieto.com\/wp-content\/uploads\/2023\/02\/1677343413781-1024x682.jpg\" alt=\"\" data-id=\"13903\" data-full-url=\"https:\/\/somosdelprieto.com\/wp-content\/uploads\/2023\/02\/1677343413781-scaled.jpg\" data-link=\"https:\/\/somosdelprieto.com\/index.php\/proyecto-de-innovacion-softskills-games\/attachment\/1677343413781\/\" class=\"wp-image-13903\" srcset=\"https:\/\/somosdelprieto.com\/wp-content\/uploads\/2023\/02\/1677343413781-1024x682.jpg 1024w, https:\/\/somosdelprieto.com\/wp-content\/uploads\/2023\/02\/1677343413781-300x200.jpg 300w, https:\/\/somosdelprieto.com\/wp-content\/uploads\/2023\/02\/1677343413781-768x512.jpg 768w, https:\/\/somosdelprieto.com\/wp-content\/uploads\/2023\/02\/1677343413781-1536x1024.jpg 1536w, https:\/\/somosdelprieto.com\/wp-content\/uploads\/2023\/02\/1677343413781-2048x1365.jpg 2048w\" sizes=\"auto, (max-width: 767px) 89vw, (max-width: 1000px) 54vw, (max-width: 1071px) 543px, 580px\" \/><\/figure><\/li><li class=\"blocks-gallery-item\"><figure><img loading=\"lazy\" decoding=\"async\" width=\"1024\" height=\"461\" src=\"https:\/\/somosdelprieto.com\/wp-content\/uploads\/2023\/02\/1677343413989-1024x461.jpg\" alt=\"\" data-id=\"13905\" data-full-url=\"https:\/\/somosdelprieto.com\/wp-content\/uploads\/2023\/02\/1677343413989-scaled.jpg\" data-link=\"https:\/\/somosdelprieto.com\/index.php\/proyecto-de-innovacion-softskills-games\/attachment\/1677343413989\/\" class=\"wp-image-13905\" srcset=\"https:\/\/somosdelprieto.com\/wp-content\/uploads\/2023\/02\/1677343413989-1024x461.jpg 1024w, https:\/\/somosdelprieto.com\/wp-content\/uploads\/2023\/02\/1677343413989-300x135.jpg 300w, https:\/\/somosdelprieto.com\/wp-content\/uploads\/2023\/02\/1677343413989-768x346.jpg 768w, https:\/\/somosdelprieto.com\/wp-content\/uploads\/2023\/02\/1677343413989-1536x691.jpg 1536w, https:\/\/somosdelprieto.com\/wp-content\/uploads\/2023\/02\/1677343413989-2048x922.jpg 2048w\" sizes=\"auto, (max-width: 767px) 89vw, (max-width: 1000px) 54vw, (max-width: 1071px) 543px, 580px\" \/><\/figure><\/li><\/ul><\/figure>\n\n\n\n<figure class=\"wp-block-gallery columns-2 is-cropped wp-block-gallery-2 is-layout-flex wp-block-gallery-is-layout-flex\"><ul class=\"blocks-gallery-grid\"><li class=\"blocks-gallery-item\"><figure><img loading=\"lazy\" decoding=\"async\" width=\"461\" height=\"1024\" src=\"https:\/\/somosdelprieto.com\/wp-content\/uploads\/2023\/02\/1677343413285-461x1024.jpg\" alt=\"\" data-id=\"13908\" data-full-url=\"https:\/\/somosdelprieto.com\/wp-content\/uploads\/2023\/02\/1677343413285-scaled.jpg\" data-link=\"https:\/\/somosdelprieto.com\/index.php\/proyecto-de-innovacion-softskills-games\/attachment\/1677343413285\/\" class=\"wp-image-13908\" srcset=\"https:\/\/somosdelprieto.com\/wp-content\/uploads\/2023\/02\/1677343413285-461x1024.jpg 461w, https:\/\/somosdelprieto.com\/wp-content\/uploads\/2023\/02\/1677343413285-135x300.jpg 135w, https:\/\/somosdelprieto.com\/wp-content\/uploads\/2023\/02\/1677343413285-768x1707.jpg 768w, https:\/\/somosdelprieto.com\/wp-content\/uploads\/2023\/02\/1677343413285-691x1536.jpg 691w, https:\/\/somosdelprieto.com\/wp-content\/uploads\/2023\/02\/1677343413285-922x2048.jpg 922w, https:\/\/somosdelprieto.com\/wp-content\/uploads\/2023\/02\/1677343413285-scaled.jpg 1152w\" sizes=\"auto, (max-width: 461px) 100vw, 461px\" \/><\/figure><\/li><li class=\"blocks-gallery-item\"><figure><img loading=\"lazy\" decoding=\"async\" width=\"461\" height=\"1024\" src=\"https:\/\/somosdelprieto.com\/wp-content\/uploads\/2023\/02\/1677343413244-1-461x1024.jpg\" alt=\"\" data-id=\"13907\" data-full-url=\"https:\/\/somosdelprieto.com\/wp-content\/uploads\/2023\/02\/1677343413244-1-scaled.jpg\" data-link=\"https:\/\/somosdelprieto.com\/index.php\/proyecto-de-innovacion-softskills-games\/1677343413244-1\/\" class=\"wp-image-13907\" srcset=\"https:\/\/somosdelprieto.com\/wp-content\/uploads\/2023\/02\/1677343413244-1-461x1024.jpg 461w, https:\/\/somosdelprieto.com\/wp-content\/uploads\/2023\/02\/1677343413244-1-135x300.jpg 135w, https:\/\/somosdelprieto.com\/wp-content\/uploads\/2023\/02\/1677343413244-1-768x1707.jpg 768w, https:\/\/somosdelprieto.com\/wp-content\/uploads\/2023\/02\/1677343413244-1-691x1536.jpg 691w, https:\/\/somosdelprieto.com\/wp-content\/uploads\/2023\/02\/1677343413244-1-922x2048.jpg 922w, https:\/\/somosdelprieto.com\/wp-content\/uploads\/2023\/02\/1677343413244-1-scaled.jpg 1152w\" sizes=\"auto, (max-width: 461px) 100vw, 461px\" \/><\/figure><\/li><\/ul><\/figure>\n","protected":false},"excerpt":{"rendered":"<p>Actualmente, nuestro centro se encuentra inmerso en el desarrollo de un Proyecto de Innovaci\u00f3n promovido por el Ministerio de Educaci\u00f3n y Formaci\u00f3n Profesional, denominado Soft Skills Games. En \u00e9l participan alrededor de 50 alumnos y alumnas de diversos ciclos formativos. En el proyecto, consistente en el entrenamiento de las habilidades blandas de nuestro alumnado (tan &hellip; <\/p>\n<p class=\"link-more\"><a href=\"https:\/\/somosdelprieto.com\/index.php\/proyecto-de-innovacion-softskills-games\/\" class=\"more-link\">Continuar leyendo<span class=\"screen-reader-text\"> \u00abProyecto de Innovaci\u00f3n SoftSkills Games\u00bb<\/span><\/a><\/p>\n","protected":false},"author":30,"featured_media":13283,"parent":0,"menu_order":0,"comment_status":"closed","ping_status":"closed","template":"","meta":{"footnotes":""},"class_list":["post-13278","page","type-page","status-publish","has-post-thumbnail","hentry"],"_links":{"self":[{"href":"https:\/\/somosdelprieto.com\/index.php\/wp-json\/wp\/v2\/pages\/13278","targetHints":{"allow":["GET"]}}],"collection":[{"href":"https:\/\/somosdelprieto.com\/index.php\/wp-json\/wp\/v2\/pages"}],"about":[{"href":"https:\/\/somosdelprieto.com\/index.php\/wp-json\/wp\/v2\/types\/page"}],"author":[{"embeddable":true,"href":"https:\/\/somosdelprieto.com\/index.php\/wp-json\/wp\/v2\/users\/30"}],"replies":[{"embeddable":true,"href":"https:\/\/somosdelprieto.com\/index.php\/wp-json\/wp\/v2\/comments?post=13278"}],"version-history":[{"count":4,"href":"https:\/\/somosdelprieto.com\/index.php\/wp-json\/wp\/v2\/pages\/13278\/revisions"}],"predecessor-version":[{"id":13910,"href":"https:\/\/somosdelprieto.com\/index.php\/wp-json\/wp\/v2\/pages\/13278\/revisions\/13910"}],"wp:featuredmedia":[{"embeddable":true,"href":"https:\/\/somosdelprieto.com\/index.php\/wp-json\/wp\/v2\/media\/13283"}],"wp:attachment":[{"href":"https:\/\/somosdelprieto.com\/index.php\/wp-json\/wp\/v2\/media?parent=13278"}],"curies":[{"name":"wp","href":"https:\/\/api.w.org\/{rel}","templated":true}]}}