{"id":12949,"date":"2022-11-24T10:50:26","date_gmt":"2022-11-24T09:50:26","guid":{"rendered":"https:\/\/somosdelprieto.com\/?page_id=12949"},"modified":"2022-12-03T13:24:46","modified_gmt":"2022-12-03T12:24:46","slug":"blogs-de-aula","status":"publish","type":"page","link":"https:\/\/somosdelprieto.com\/index.php\/blogs-de-aula\/","title":{"rendered":"BLOGS DE AULA"},"content":{"rendered":"\n<p>Blogs creados por los distintos departamentos did\u00e1cticos del centro. Materiales interesantes y vers\u00e1tiles, para utilizar en el d\u00eda a d\u00eda por docentes y alumnado interactuando en cualquier momento y lugar, como proyecto puntual o para complementar el trabajo de clase.<\/p>\n\n\n\n<figure class=\"wp-block-table is-style-regular\"><table><tbody><tr><td>ADMINISTRACI\u00d3N<\/td><td><a href=\"https:\/\/somosdelprieto.com\/index.php\/blogs-de-aula\/blog-de-aula-del-modulo-profesional-gestion-de-la-documentacion-juridica-y-empresarial\/\" target=\"_blank\" rel=\"noreferrer noopener\">Blog de Gesti\u00f3n de la Documentaci\u00f3n Jur\u00eddica y Empresarial<br><\/a><br><\/td><\/tr><tr><td>AGRARIA<br><\/td><td><\/td><\/tr><tr><td>ARTES PL\u00c1STICAS<\/td><td><\/td><\/tr><tr><td>BIOLOG\u00cdA Y GEOLOG\u00cdA<\/td><td><\/td><\/tr><tr><td>COMERCIO Y MARKETING<\/td><td><\/td><\/tr><tr><td>CULTURA CL\u00c1SICA<\/td><td><\/td><\/tr><tr><td>EDUCACI\u00d3N F\u00cdSICA<\/td><td><a href=\"https:\/\/somosdelprieto.com\/index.php\/blog-prieto-saludable\/\" data-type=\"URL\" data-id=\"https:\/\/somosdelprieto.com\/index.php\/blog-prieto-saludable\/\">Prieto Saludable<\/a><\/td><\/tr><tr><td>ELECTRICIDAD Y ELECTR\u00d3NICA<\/td><td><\/td><\/tr><tr><td>FILOSOF\u00cdA<\/td><td><\/td><\/tr><tr><td>F\u00cdSICA Y QU\u00cdMICA<\/td><td><\/td><\/tr><tr><td>FOL<\/td><td><\/td><\/tr><tr><td>FRANC\u00c9S<\/td><td><\/td><\/tr><tr><td>GEOGRAF\u00cdA E HISTORIA<\/td><td><a href=\"http:\/\/esperandoaclio.blogspot.com\/\" data-type=\"URL\" data-id=\"http:\/\/esperandoaclio.blogspot.com\/\" target=\"_blank\" rel=\"noreferrer noopener\">Esperando a Clio<\/a><\/td><\/tr><tr><td>HOSTELER\u00cdA Y TURISMO<\/td><td><\/td><\/tr><tr><td>INDUSTR\u00cdAS ALIMENTARIAS<\/td><td><a href=\"http:\/\/catayculturavitivinicola.blogspot.com\/\" data-type=\"URL\" data-id=\"http:\/\/catayculturavitivinicola.blogspot.com\/\" target=\"_blank\" rel=\"noreferrer noopener\">Cata y Cultura Vitivin\u00edcola<\/a><\/td><\/tr><tr><td>INFORM\u00c1TICA<\/td><td><\/td><\/tr><tr><td>INGL\u00c9S<\/td><td><\/td><\/tr><tr><td>LENGUA Y LITERATURA<\/td><td><\/td><\/tr><tr><td>MATEM\u00c1TICAS<\/td><td><\/td><\/tr><tr><td>M\u00daSICA<\/td><td><\/td><\/tr><tr><td>ORIENTACI\u00d3N<\/td><td><a href=\"https:\/\/www.elorienta.com\/gregorioprieto\/orientaline.php\" data-type=\"URL\" data-id=\"https:\/\/www.elorienta.com\/gregorioprieto\/orientaline.php\" target=\"_blank\" rel=\"noreferrer noopener\">El Orienta<\/a><\/td><\/tr><tr><td>RELIGI\u00d3N<\/td><td><\/td><\/tr><tr><td>TECNOLOG\u00cdA<\/td><td><\/td><\/tr><tr><td>TRANSPORTE Y MANTENIMIENTO <br>DE VEH\u00cdCULOS<\/td><td><\/td><\/tr><\/tbody><\/table><\/figure>\n","protected":false},"excerpt":{"rendered":"<p>Blogs creados por los distintos departamentos did\u00e1cticos del centro. Materiales interesantes y vers\u00e1tiles, para utilizar en el d\u00eda a d\u00eda por docentes y alumnado interactuando en cualquier momento y lugar, como proyecto puntual o para complementar el trabajo de clase. ADMINISTRACI\u00d3N Blog de Gesti\u00f3n de la Documentaci\u00f3n Jur\u00eddica y Empresarial AGRARIA ARTES PL\u00c1STICAS BIOLOG\u00cdA Y &hellip; <\/p>\n<p class=\"link-more\"><a href=\"https:\/\/somosdelprieto.com\/index.php\/blogs-de-aula\/\" class=\"more-link\">Continuar leyendo<span class=\"screen-reader-text\"> \u00abBLOGS DE AULA\u00bb<\/span><\/a><\/p>\n","protected":false},"author":4,"featured_media":0,"parent":0,"menu_order":0,"comment_status":"closed","ping_status":"closed","template":"","meta":{"footnotes":""},"class_list":["post-12949","page","type-page","status-publish","hentry"],"_links":{"self":[{"href":"https:\/\/somosdelprieto.com\/index.php\/wp-json\/wp\/v2\/pages\/12949","targetHints":{"allow":["GET"]}}],"collection":[{"href":"https:\/\/somosdelprieto.com\/index.php\/wp-json\/wp\/v2\/pages"}],"about":[{"href":"https:\/\/somosdelprieto.com\/index.php\/wp-json\/wp\/v2\/types\/page"}],"author":[{"embeddable":true,"href":"https:\/\/somosdelprieto.com\/index.php\/wp-json\/wp\/v2\/users\/4"}],"replies":[{"embeddable":true,"href":"https:\/\/somosdelprieto.com\/index.php\/wp-json\/wp\/v2\/comments?post=12949"}],"version-history":[{"count":6,"href":"https:\/\/somosdelprieto.com\/index.php\/wp-json\/wp\/v2\/pages\/12949\/revisions"}],"predecessor-version":[{"id":13055,"href":"https:\/\/somosdelprieto.com\/index.php\/wp-json\/wp\/v2\/pages\/12949\/revisions\/13055"}],"wp:attachment":[{"href":"https:\/\/somosdelprieto.com\/index.php\/wp-json\/wp\/v2\/media?parent=12949"}],"curies":[{"name":"wp","href":"https:\/\/api.w.org\/{rel}","templated":true}]}}