{"id":12244,"date":"2022-06-27T12:46:12","date_gmt":"2022-06-27T10:46:12","guid":{"rendered":"https:\/\/somosdelprieto.com\/?page_id=12244"},"modified":"2022-06-27T20:19:49","modified_gmt":"2022-06-27T18:19:49","slug":"estudios-impartidos-en-360o","status":"publish","type":"page","link":"https:\/\/somosdelprieto.com\/index.php\/estudios-impartidos-en-360o\/","title":{"rendered":"Estudios impartidos en 360\u00ba"},"content":{"rendered":"\n<p>Este proyecto consiste en la grabaci\u00f3n de los estudios impartidos en el centro en 360\u00ba. Visualizando la lista de reproducci\u00f3n podemos dar un amplio paseo a trav\u00e9s de distintos espacios de las familias profesionales del centro.<\/p>\n\n\n\n<p>En la siguiente lista de reproducci\u00f3n pod\u00e9is ver todos los videos que hemos grabado.<\/p>\n\n\n\n<p><a href=\"https:\/\/www.youtube.com\/watch?v=nNNNcLKtn1M&amp;list=PLQD5G_du4dw5ym-kgTy7P8R9W63JLnZUZ\">https:\/\/www.youtube.com\/watch?v=nNNNcLKtn1M&amp;list=PLQD5G_du4dw5ym-kgTy7P8R9W63JLnZUZ<\/a><\/p>\n\n\n\n<p>Te recomendamos que los veas con gafas de 360\u00ba.<\/p>\n\n\n\n<figure class=\"wp-block-embed is-type-video is-provider-youtube wp-block-embed-youtube wp-embed-aspect-16-9 wp-has-aspect-ratio\"><div class=\"wp-block-embed__wrapper\">\n<iframe loading=\"lazy\" title=\"Video 360\u00ba de FP de Formaci\u00f3n y Orientaci\u00f3n Laboral (FOL).IES Gregorio Prieto.\" width=\"525\" height=\"295\" src=\"https:\/\/www.youtube.com\/embed\/nNNNcLKtn1M?list=PLQD5G_du4dw5ym-kgTy7P8R9W63JLnZUZ\" frameborder=\"0\" allow=\"accelerometer; autoplay; clipboard-write; encrypted-media; gyroscope; picture-in-picture; web-share\" referrerpolicy=\"strict-origin-when-cross-origin\" allowfullscreen><\/iframe>\n<\/div><figcaption>Puedes elegir un video de la lista de reproducci\u00f3n pulsando sobre el icono superior derecho.<\/figcaption><\/figure>\n\n\n\n<p><\/p>\n","protected":false},"excerpt":{"rendered":"<p>Este proyecto consiste en la grabaci\u00f3n de los estudios impartidos en el centro en 360\u00ba. Visualizando la lista de reproducci\u00f3n podemos dar un amplio paseo a trav\u00e9s de distintos espacios de las familias profesionales del centro. En la siguiente lista de reproducci\u00f3n pod\u00e9is ver todos los videos que hemos grabado. https:\/\/www.youtube.com\/watch?v=nNNNcLKtn1M&amp;list=PLQD5G_du4dw5ym-kgTy7P8R9W63JLnZUZ Te recomendamos que los &hellip; <\/p>\n<p class=\"link-more\"><a href=\"https:\/\/somosdelprieto.com\/index.php\/estudios-impartidos-en-360o\/\" class=\"more-link\">Continuar leyendo<span class=\"screen-reader-text\"> \u00abEstudios impartidos en 360\u00ba\u00bb<\/span><\/a><\/p>\n","protected":false},"author":1,"featured_media":0,"parent":0,"menu_order":0,"comment_status":"closed","ping_status":"closed","template":"","meta":{"footnotes":""},"class_list":["post-12244","page","type-page","status-publish","hentry"],"_links":{"self":[{"href":"https:\/\/somosdelprieto.com\/index.php\/wp-json\/wp\/v2\/pages\/12244","targetHints":{"allow":["GET"]}}],"collection":[{"href":"https:\/\/somosdelprieto.com\/index.php\/wp-json\/wp\/v2\/pages"}],"about":[{"href":"https:\/\/somosdelprieto.com\/index.php\/wp-json\/wp\/v2\/types\/page"}],"author":[{"embeddable":true,"href":"https:\/\/somosdelprieto.com\/index.php\/wp-json\/wp\/v2\/users\/1"}],"replies":[{"embeddable":true,"href":"https:\/\/somosdelprieto.com\/index.php\/wp-json\/wp\/v2\/comments?post=12244"}],"version-history":[{"count":6,"href":"https:\/\/somosdelprieto.com\/index.php\/wp-json\/wp\/v2\/pages\/12244\/revisions"}],"predecessor-version":[{"id":12255,"href":"https:\/\/somosdelprieto.com\/index.php\/wp-json\/wp\/v2\/pages\/12244\/revisions\/12255"}],"wp:attachment":[{"href":"https:\/\/somosdelprieto.com\/index.php\/wp-json\/wp\/v2\/media?parent=12244"}],"curies":[{"name":"wp","href":"https:\/\/api.w.org\/{rel}","templated":true}]}}