{"id":12049,"date":"2022-06-20T20:53:14","date_gmt":"2022-06-20T18:53:14","guid":{"rendered":"https:\/\/somosdelprieto.com\/?page_id=12049"},"modified":"2023-12-04T14:05:39","modified_gmt":"2023-12-04T13:05:39","slug":"fabricacion-de-letrero-retroiluminado","status":"publish","type":"page","link":"https:\/\/somosdelprieto.com\/index.php\/fabricacion-de-letrero-retroiluminado\/","title":{"rendered":"FABRICACI\u00d3N DE LETRERO RETROILUMINADO"},"content":{"rendered":"\n<p>Se plantea el este reto de construcci\u00f3n como proyecto del aula ATECA para desarrollarlo con el alumnado de 2\u00ba de Mantenimiento de Veh\u00edculos de FPB. Ya han participado en otros proyectos donde se han utilizado las mismas t\u00e9cnicas de dise\u00f1o y herramientas de fabricaci\u00f3n. Las principales diferencias en este proyecto ser\u00e1n las grandes dimensiones del letrero y el material utilizado para la fabricaci\u00f3n. Las letras se cortar\u00e1n en chapa de acero de 3 mm de grosor. Para poder trabajar c\u00f3modamente se han cortado pliegos de chapa de dimensiones adecuadas para la mesa del CNC.<\/p>\n\n\n\n<h2 class=\"wp-block-heading\"><strong>Dise\u00f1o<\/strong>:<\/h2>\n\n\n\n<p>Para el dise\u00f1o se ha vuelto a utilizar FUSION 360 de Autodesk. La altura de letra elegida es de 600 mm y el letrero tiene una longitud aproximada de 9 m.<\/p>\n\n\n\n<figure class=\"wp-block-image size-large\"><img loading=\"lazy\" decoding=\"async\" width=\"1024\" height=\"698\" src=\"https:\/\/somosdelprieto.com\/wp-content\/uploads\/2022\/06\/1655748559824-1024x698.jpg\" alt=\"\" class=\"wp-image-12054\" srcset=\"https:\/\/somosdelprieto.com\/wp-content\/uploads\/2022\/06\/1655748559824-1024x698.jpg 1024w, https:\/\/somosdelprieto.com\/wp-content\/uploads\/2022\/06\/1655748559824-300x204.jpg 300w, https:\/\/somosdelprieto.com\/wp-content\/uploads\/2022\/06\/1655748559824-768x523.jpg 768w, https:\/\/somosdelprieto.com\/wp-content\/uploads\/2022\/06\/1655748559824-1536x1047.jpg 1536w, https:\/\/somosdelprieto.com\/wp-content\/uploads\/2022\/06\/1655748559824-2048x1396.jpg 2048w\" sizes=\"auto, (max-width: 767px) 89vw, (max-width: 1000px) 54vw, (max-width: 1071px) 543px, 580px\" \/><figcaption>Simulaci\u00f3n del letrero sobre la fachada.<\/figcaption><\/figure>\n\n\n\n<figure class=\"wp-block-image size-large\"><img loading=\"lazy\" decoding=\"async\" width=\"1024\" height=\"795\" src=\"https:\/\/somosdelprieto.com\/wp-content\/uploads\/2022\/06\/Captura-de-pantalla-2022-06-20-a-las-19.56.11-1024x795.png\" alt=\"\" class=\"wp-image-12051\" srcset=\"https:\/\/somosdelprieto.com\/wp-content\/uploads\/2022\/06\/Captura-de-pantalla-2022-06-20-a-las-19.56.11-1024x795.png 1024w, https:\/\/somosdelprieto.com\/wp-content\/uploads\/2022\/06\/Captura-de-pantalla-2022-06-20-a-las-19.56.11-300x233.png 300w, https:\/\/somosdelprieto.com\/wp-content\/uploads\/2022\/06\/Captura-de-pantalla-2022-06-20-a-las-19.56.11-768x596.png 768w, https:\/\/somosdelprieto.com\/wp-content\/uploads\/2022\/06\/Captura-de-pantalla-2022-06-20-a-las-19.56.11-1536x1192.png 1536w, https:\/\/somosdelprieto.com\/wp-content\/uploads\/2022\/06\/Captura-de-pantalla-2022-06-20-a-las-19.56.11.png 1850w\" sizes=\"auto, (max-width: 767px) 89vw, (max-width: 1000px) 54vw, (max-width: 1071px) 543px, 580px\" \/><figcaption>Dise\u00f1o del letrero en Fusion 360 de Autodesk<\/figcaption><\/figure>\n\n\n\n<h2 class=\"wp-block-heading\"><strong>Fabricaci\u00f3n:<\/strong><\/h2>\n\n\n\n<p>La utilizaci\u00f3n de metales para el corte con el CNC ha dado lugar a cambios de configuraci\u00f3n de las herramientas de fresado utilizado. Varios par\u00e1metros se han variado para adaptarlos al nuevo trabajo: velocidad de avance, velocidad de rotaci\u00f3n, carga de viruta, etc. Las fresas utilizadas son aptas para el trabajo con materiales f\u00e9rreos. Tambi\u00e9n se utiliza refrigeraci\u00f3n l\u00edquida con taladrina.<\/p>\n\n\n\n<figure class=\"wp-block-video\"><video height=\"1080\" style=\"aspect-ratio: 1920 \/ 1080;\" width=\"1920\" controls src=\"https:\/\/somosdelprieto.com\/wp-content\/uploads\/2022\/06\/VID_20220421_120155.mp4\"><\/video><figcaption>Corte de letra con CNC<\/figcaption><\/figure>\n\n\n\n<figure class=\"wp-block-image size-large\"><img loading=\"lazy\" decoding=\"async\" width=\"1024\" height=\"766\" src=\"https:\/\/somosdelprieto.com\/wp-content\/uploads\/2022\/06\/1655748559806-1024x766.jpg\" alt=\"\" class=\"wp-image-12057\" srcset=\"https:\/\/somosdelprieto.com\/wp-content\/uploads\/2022\/06\/1655748559806-1024x766.jpg 1024w, https:\/\/somosdelprieto.com\/wp-content\/uploads\/2022\/06\/1655748559806-300x224.jpg 300w, https:\/\/somosdelprieto.com\/wp-content\/uploads\/2022\/06\/1655748559806-768x574.jpg 768w, https:\/\/somosdelprieto.com\/wp-content\/uploads\/2022\/06\/1655748559806-1536x1149.jpg 1536w, https:\/\/somosdelprieto.com\/wp-content\/uploads\/2022\/06\/1655748559806-2048x1532.jpg 2048w\" sizes=\"auto, (max-width: 767px) 89vw, (max-width: 1000px) 54vw, (max-width: 1071px) 543px, 580px\" \/><\/figure>\n\n\n\n<p>Tambi\u00e9n se han cortado letras utilizando el CNC para marcar el contorno y utilizando posteriormente el corte por plasma o el corte con m\u00e1quina de calar.<\/p>\n\n\n\n<p>La instalaci\u00f3n sobre la fachada se har\u00e1 con unos separadores para instalar un sistema de retroiluminaci\u00f3n con tiras de led aptas para exteriores. Para localizar la posici\u00f3n de los anclajes se ha simulado las posiciones del conjunto del letrero.<\/p>\n\n\n\n<figure class=\"wp-block-gallery columns-2 is-cropped wp-block-gallery-1 is-layout-flex wp-block-gallery-is-layout-flex\"><ul class=\"blocks-gallery-grid\"><li class=\"blocks-gallery-item\"><figure><img loading=\"lazy\" decoding=\"async\" width=\"461\" height=\"1024\" src=\"https:\/\/somosdelprieto.com\/wp-content\/uploads\/2023\/07\/1688378425113-461x1024.jpg\" alt=\"\" data-id=\"15910\" data-link=\"https:\/\/somosdelprieto.com\/index.php\/fabricacion-de-letrero-retroiluminado\/attachment\/1688378425113\/\" class=\"wp-image-15910\" srcset=\"https:\/\/somosdelprieto.com\/wp-content\/uploads\/2023\/07\/1688378425113-461x1024.jpg 461w, https:\/\/somosdelprieto.com\/wp-content\/uploads\/2023\/07\/1688378425113-135x300.jpg 135w, https:\/\/somosdelprieto.com\/wp-content\/uploads\/2023\/07\/1688378425113-768x1707.jpg 768w, https:\/\/somosdelprieto.com\/wp-content\/uploads\/2023\/07\/1688378425113-691x1536.jpg 691w, https:\/\/somosdelprieto.com\/wp-content\/uploads\/2023\/07\/1688378425113-922x2048.jpg 922w, https:\/\/somosdelprieto.com\/wp-content\/uploads\/2023\/07\/1688378425113-scaled.jpg 1152w\" sizes=\"auto, (max-width: 461px) 100vw, 461px\" \/><\/figure><\/li><li class=\"blocks-gallery-item\"><figure><img loading=\"lazy\" decoding=\"async\" width=\"461\" height=\"1024\" src=\"https:\/\/somosdelprieto.com\/wp-content\/uploads\/2023\/07\/1688378425158-461x1024.jpg\" alt=\"\" data-id=\"15911\" data-full-url=\"https:\/\/somosdelprieto.com\/wp-content\/uploads\/2023\/07\/1688378425158-scaled.jpg\" data-link=\"https:\/\/somosdelprieto.com\/index.php\/fabricacion-de-letrero-retroiluminado\/attachment\/1688378425158\/\" class=\"wp-image-15911\" srcset=\"https:\/\/somosdelprieto.com\/wp-content\/uploads\/2023\/07\/1688378425158-461x1024.jpg 461w, https:\/\/somosdelprieto.com\/wp-content\/uploads\/2023\/07\/1688378425158-135x300.jpg 135w, https:\/\/somosdelprieto.com\/wp-content\/uploads\/2023\/07\/1688378425158-768x1707.jpg 768w, https:\/\/somosdelprieto.com\/wp-content\/uploads\/2023\/07\/1688378425158-691x1536.jpg 691w, https:\/\/somosdelprieto.com\/wp-content\/uploads\/2023\/07\/1688378425158-922x2048.jpg 922w, https:\/\/somosdelprieto.com\/wp-content\/uploads\/2023\/07\/1688378425158-scaled.jpg 1152w\" sizes=\"auto, (max-width: 461px) 100vw, 461px\" \/><\/figure><\/li><\/ul><\/figure>\n\n\n\n<h2 class=\"wp-block-heading\"><strong>Prueba iluminaci\u00f3n led:<\/strong><\/h2>\n\n\n\n<p>En paralelo con la fabricaci\u00f3n hemos simulado la retroiluminaci\u00f3n con tiras de led RGB.<\/p>\n\n\n\n<figure class=\"wp-block-video\"><video height=\"1080\" style=\"aspect-ratio: 1920 \/ 1080;\" width=\"1920\" controls src=\"https:\/\/somosdelprieto.com\/wp-content\/uploads\/2022\/06\/VID_20220511_095922.mp4\"><\/video><figcaption>Prueba de letra retroiluminada<\/figcaption><\/figure>\n\n\n\n<figure class=\"wp-block-image size-large\"><img loading=\"lazy\" decoding=\"async\" width=\"1024\" height=\"575\" src=\"https:\/\/somosdelprieto.com\/wp-content\/uploads\/2023\/07\/1688378425178-1024x575.jpg\" alt=\"\" class=\"wp-image-15913\" srcset=\"https:\/\/somosdelprieto.com\/wp-content\/uploads\/2023\/07\/1688378425178-1024x575.jpg 1024w, https:\/\/somosdelprieto.com\/wp-content\/uploads\/2023\/07\/1688378425178-300x169.jpg 300w, https:\/\/somosdelprieto.com\/wp-content\/uploads\/2023\/07\/1688378425178-768x432.jpg 768w, https:\/\/somosdelprieto.com\/wp-content\/uploads\/2023\/07\/1688378425178-1536x863.jpg 1536w, https:\/\/somosdelprieto.com\/wp-content\/uploads\/2023\/07\/1688378425178-2048x1151.jpg 2048w\" sizes=\"auto, (max-width: 767px) 89vw, (max-width: 1000px) 54vw, (max-width: 1071px) 543px, 580px\" \/><\/figure>\n\n\n\n<figure class=\"wp-block-image size-large\"><img loading=\"lazy\" decoding=\"async\" width=\"1024\" height=\"575\" src=\"https:\/\/somosdelprieto.com\/wp-content\/uploads\/2023\/07\/1688378425198-1024x575.jpg\" alt=\"\" class=\"wp-image-15914\" srcset=\"https:\/\/somosdelprieto.com\/wp-content\/uploads\/2023\/07\/1688378425198-1024x575.jpg 1024w, https:\/\/somosdelprieto.com\/wp-content\/uploads\/2023\/07\/1688378425198-300x169.jpg 300w, https:\/\/somosdelprieto.com\/wp-content\/uploads\/2023\/07\/1688378425198-768x432.jpg 768w, https:\/\/somosdelprieto.com\/wp-content\/uploads\/2023\/07\/1688378425198-1536x863.jpg 1536w, https:\/\/somosdelprieto.com\/wp-content\/uploads\/2023\/07\/1688378425198-2048x1151.jpg 2048w\" sizes=\"auto, (max-width: 767px) 89vw, (max-width: 1000px) 54vw, (max-width: 1071px) 543px, 580px\" \/><\/figure>\n\n\n\n<p>Se ha probado el software de control <a href=\"https:\/\/kno.wled.ge\">WLED<\/a> para tiras de led del tipo WS2812B. Este software se ha instalado en una placa de control con ESP32.<\/p>\n\n\n\n<figure class=\"wp-block-image size-large\"><img loading=\"lazy\" decoding=\"async\" width=\"1024\" height=\"470\" src=\"https:\/\/somosdelprieto.com\/wp-content\/uploads\/2023\/07\/Captura-de-pantalla-2023-07-05-a-las-10.18.54-1024x470.png\" alt=\"\" class=\"wp-image-15915\" srcset=\"https:\/\/somosdelprieto.com\/wp-content\/uploads\/2023\/07\/Captura-de-pantalla-2023-07-05-a-las-10.18.54-1024x470.png 1024w, https:\/\/somosdelprieto.com\/wp-content\/uploads\/2023\/07\/Captura-de-pantalla-2023-07-05-a-las-10.18.54-300x138.png 300w, https:\/\/somosdelprieto.com\/wp-content\/uploads\/2023\/07\/Captura-de-pantalla-2023-07-05-a-las-10.18.54-768x352.png 768w, https:\/\/somosdelprieto.com\/wp-content\/uploads\/2023\/07\/Captura-de-pantalla-2023-07-05-a-las-10.18.54-1536x704.png 1536w, https:\/\/somosdelprieto.com\/wp-content\/uploads\/2023\/07\/Captura-de-pantalla-2023-07-05-a-las-10.18.54-2048x939.png 2048w\" sizes=\"auto, (max-width: 767px) 89vw, (max-width: 1000px) 54vw, (max-width: 1071px) 543px, 580px\" \/><\/figure>\n\n\n<ul class=\"wp-block-latest-posts__list wp-block-latest-posts\"><li><div class=\"wp-block-latest-posts__featured-image aligncenter\"><a href=\"https:\/\/somosdelprieto.com\/index.php\/2023\/12\/04\/rotulo-de-centro-recien-pintado\/\" aria-label=\"R\u00f3tulo de centro reci\u00e9n pintado!!!\"><img loading=\"lazy\" decoding=\"async\" width=\"224\" height=\"300\" src=\"https:\/\/somosdelprieto.com\/wp-content\/uploads\/2023\/12\/rotulo1-224x300.jpg\" class=\"attachment-medium size-medium wp-post-image\" alt=\"\" style=\"\" srcset=\"https:\/\/somosdelprieto.com\/wp-content\/uploads\/2023\/12\/rotulo1-224x300.jpg 224w, https:\/\/somosdelprieto.com\/wp-content\/uploads\/2023\/12\/rotulo1-766x1024.jpg 766w, https:\/\/somosdelprieto.com\/wp-content\/uploads\/2023\/12\/rotulo1-768x1027.jpg 768w, https:\/\/somosdelprieto.com\/wp-content\/uploads\/2023\/12\/rotulo1-1149x1536.jpg 1149w, https:\/\/somosdelprieto.com\/wp-content\/uploads\/2023\/12\/rotulo1.jpg 1496w\" sizes=\"auto, 100vw\" \/><\/a><\/div><a class=\"wp-block-latest-posts__post-title\" href=\"https:\/\/somosdelprieto.com\/index.php\/2023\/12\/04\/rotulo-de-centro-recien-pintado\/\">R\u00f3tulo de centro reci\u00e9n pintado!!!<\/a><div class=\"wp-block-latest-posts__post-full-content\"><!-- wp:paragraph -->\n<p>Dentro del proyecto de creaci\u00f3n de un r\u00f3tulo del centro para la fachada del edificio Juan Alcaide del centro, el grupo de 2\u00ba de Carrocer\u00eda del centro ha terminado la fase de pintado del r\u00f3tulo.<\/p>\n<!-- \/wp:paragraph -->\n\n<!-- wp:gallery {\"ids\":[16508,16509,16510],\"columns\":2,\"linkTo\":\"none\"} -->\n<figure class=\"wp-block-gallery columns-2 is-cropped\"><ul class=\"blocks-gallery-grid\"><li class=\"blocks-gallery-item\"><figure><img loading=\"lazy\" decoding=\"async\" width=\"1024\" height=\"1024\" src=\"https:\/\/somosdelprieto.com\/wp-content\/uploads\/2023\/12\/rotulo2-1024x1024.jpg\" alt=\"\" data-id=\"16508\" data-full-url=\"https:\/\/somosdelprieto.com\/wp-content\/uploads\/2023\/12\/rotulo2.jpg\" data-link=\"https:\/\/somosdelprieto.com\/?attachment_id=16508\" class=\"wp-image-16508\" srcset=\"https:\/\/somosdelprieto.com\/wp-content\/uploads\/2023\/12\/rotulo2-1024x1024.jpg 1024w, https:\/\/somosdelprieto.com\/wp-content\/uploads\/2023\/12\/rotulo2-300x300.jpg 300w, https:\/\/somosdelprieto.com\/wp-content\/uploads\/2023\/12\/rotulo2-150x150.jpg 150w, https:\/\/somosdelprieto.com\/wp-content\/uploads\/2023\/12\/rotulo2-768x768.jpg 768w, https:\/\/somosdelprieto.com\/wp-content\/uploads\/2023\/12\/rotulo2-100x100.jpg 100w, https:\/\/somosdelprieto.com\/wp-content\/uploads\/2023\/12\/rotulo2.jpg 1080w\" sizes=\"auto, (max-width: 767px) 89vw, (max-width: 1000px) 54vw, (max-width: 1071px) 543px, 580px\" \/><\/figure><\/li><li class=\"blocks-gallery-item\"><figure><img loading=\"lazy\" decoding=\"async\" width=\"1024\" height=\"1024\" src=\"https:\/\/somosdelprieto.com\/wp-content\/uploads\/2023\/12\/rotulo3-1024x1024.jpg\" alt=\"\" data-id=\"16509\" data-full-url=\"https:\/\/somosdelprieto.com\/wp-content\/uploads\/2023\/12\/rotulo3.jpg\" data-link=\"https:\/\/somosdelprieto.com\/?attachment_id=16509\" class=\"wp-image-16509\" srcset=\"https:\/\/somosdelprieto.com\/wp-content\/uploads\/2023\/12\/rotulo3-1024x1024.jpg 1024w, https:\/\/somosdelprieto.com\/wp-content\/uploads\/2023\/12\/rotulo3-300x300.jpg 300w, https:\/\/somosdelprieto.com\/wp-content\/uploads\/2023\/12\/rotulo3-150x150.jpg 150w, https:\/\/somosdelprieto.com\/wp-content\/uploads\/2023\/12\/rotulo3-768x768.jpg 768w, https:\/\/somosdelprieto.com\/wp-content\/uploads\/2023\/12\/rotulo3-100x100.jpg 100w, https:\/\/somosdelprieto.com\/wp-content\/uploads\/2023\/12\/rotulo3.jpg 1080w\" sizes=\"auto, (max-width: 767px) 89vw, (max-width: 1000px) 54vw, (max-width: 1071px) 543px, 580px\" \/><\/figure><\/li><li class=\"blocks-gallery-item\"><figure><img loading=\"lazy\" decoding=\"async\" width=\"1024\" height=\"461\" src=\"https:\/\/somosdelprieto.com\/wp-content\/uploads\/2023\/12\/rotulo5-1024x461.jpg\" alt=\"\" data-id=\"16510\" data-full-url=\"https:\/\/somosdelprieto.com\/wp-content\/uploads\/2023\/12\/rotulo5.jpg\" data-link=\"https:\/\/somosdelprieto.com\/?attachment_id=16510\" class=\"wp-image-16510\" srcset=\"https:\/\/somosdelprieto.com\/wp-content\/uploads\/2023\/12\/rotulo5-1024x461.jpg 1024w, https:\/\/somosdelprieto.com\/wp-content\/uploads\/2023\/12\/rotulo5-300x135.jpg 300w, https:\/\/somosdelprieto.com\/wp-content\/uploads\/2023\/12\/rotulo5-768x346.jpg 768w, https:\/\/somosdelprieto.com\/wp-content\/uploads\/2023\/12\/rotulo5-1536x691.jpg 1536w, https:\/\/somosdelprieto.com\/wp-content\/uploads\/2023\/12\/rotulo5.jpg 2000w\" sizes=\"auto, (max-width: 767px) 89vw, (max-width: 1000px) 54vw, (max-width: 1071px) 543px, 580px\" \/><\/figure><\/li><\/ul><\/figure>\n<!-- \/wp:gallery -->\n\n<!-- wp:more -->\n<!--more-->\n<!-- \/wp:more -->\n\n<!-- wp:paragraph -->\n<p>El proyecto busca mejorar la fachada de este edificio que da a la Avenida de los Estudiantes,  se instalar\u00e1 en la parte superior de la fachada y estar\u00e1 retroiluminado.<\/p>\n<!-- \/wp:paragraph -->\n\n<!-- wp:paragraph -->\n<p>Esta fase est\u00e1 siendo desarrollada por el grupo de 2\u00ba de Grado B\u00e1sico de Mantenimiento de Veh\u00edculos en su m\u00f3dulo de Electricidad del Veh\u00edculo, ahora est\u00e1n con la instalaci\u00f3n del sistema de iluminaci\u00f3n del r\u00f3tulo.<\/p>\n<!-- \/wp:paragraph -->\n\n<!-- wp:image {\"id\":16511,\"width\":661,\"height\":1175,\"sizeSlug\":\"large\",\"linkDestination\":\"none\"} -->\n<figure class=\"wp-block-image size-large is-resized\"><img loading=\"lazy\" decoding=\"async\" src=\"https:\/\/somosdelprieto.com\/wp-content\/uploads\/2023\/12\/rotulo4-576x1024.jpg\" alt=\"\" class=\"wp-image-16511\" width=\"661\" height=\"1175\" srcset=\"https:\/\/somosdelprieto.com\/wp-content\/uploads\/2023\/12\/rotulo4-576x1024.jpg 576w, https:\/\/somosdelprieto.com\/wp-content\/uploads\/2023\/12\/rotulo4-169x300.jpg 169w, https:\/\/somosdelprieto.com\/wp-content\/uploads\/2023\/12\/rotulo4-768x1365.jpg 768w, https:\/\/somosdelprieto.com\/wp-content\/uploads\/2023\/12\/rotulo4-864x1536.jpg 864w, https:\/\/somosdelprieto.com\/wp-content\/uploads\/2023\/12\/rotulo4.jpg 1080w\" sizes=\"auto, (max-width: 661px) 100vw, 661px\" \/><\/figure>\n<!-- \/wp:image -->\n\n<!-- wp:paragraph {\"align\":\"center\",\"textColor\":\"vivid-green-cyan\"} -->\n<p class=\"has-text-align-center has-vivid-green-cyan-color has-text-color\"><strong><a href=\"https:\/\/somosdelprieto.com\/index.php\/fabricacion-de-letrero-retroiluminado\/\" data-type=\"URL\" data-id=\"https:\/\/somosdelprieto.com\/index.php\/fabricacion-de-letrero-retroiluminado\/\" target=\"_blank\" rel=\"noreferrer noopener\">Clic aqu\u00ed para m\u00e1s informaci\u00f3n sobre el proyecto<\/a><\/strong><\/p>\n<!-- \/wp:paragraph --><\/div><\/li>\n<\/ul>","protected":false},"excerpt":{"rendered":"<p>Se plantea el este reto de construcci\u00f3n como proyecto del aula ATECA para desarrollarlo con el alumnado de 2\u00ba de Mantenimiento de Veh\u00edculos de FPB. Ya han participado en otros proyectos donde se han utilizado las mismas t\u00e9cnicas de dise\u00f1o y herramientas de fabricaci\u00f3n. Las principales diferencias en este proyecto ser\u00e1n las grandes dimensiones del &hellip; <\/p>\n<p class=\"link-more\"><a href=\"https:\/\/somosdelprieto.com\/index.php\/fabricacion-de-letrero-retroiluminado\/\" class=\"more-link\">Continuar leyendo<span class=\"screen-reader-text\"> \u00abFABRICACI\u00d3N DE LETRERO RETROILUMINADO\u00bb<\/span><\/a><\/p>\n","protected":false},"author":59,"featured_media":0,"parent":0,"menu_order":0,"comment_status":"closed","ping_status":"closed","template":"","meta":{"footnotes":""},"class_list":["post-12049","page","type-page","status-publish","hentry"],"_links":{"self":[{"href":"https:\/\/somosdelprieto.com\/index.php\/wp-json\/wp\/v2\/pages\/12049","targetHints":{"allow":["GET"]}}],"collection":[{"href":"https:\/\/somosdelprieto.com\/index.php\/wp-json\/wp\/v2\/pages"}],"about":[{"href":"https:\/\/somosdelprieto.com\/index.php\/wp-json\/wp\/v2\/types\/page"}],"author":[{"embeddable":true,"href":"https:\/\/somosdelprieto.com\/index.php\/wp-json\/wp\/v2\/users\/59"}],"replies":[{"embeddable":true,"href":"https:\/\/somosdelprieto.com\/index.php\/wp-json\/wp\/v2\/comments?post=12049"}],"version-history":[{"count":8,"href":"https:\/\/somosdelprieto.com\/index.php\/wp-json\/wp\/v2\/pages\/12049\/revisions"}],"predecessor-version":[{"id":16514,"href":"https:\/\/somosdelprieto.com\/index.php\/wp-json\/wp\/v2\/pages\/12049\/revisions\/16514"}],"wp:attachment":[{"href":"https:\/\/somosdelprieto.com\/index.php\/wp-json\/wp\/v2\/media?parent=12049"}],"curies":[{"name":"wp","href":"https:\/\/api.w.org\/{rel}","templated":true}]}}