{"id":12033,"date":"2022-06-20T07:09:48","date_gmt":"2022-06-20T05:09:48","guid":{"rendered":"https:\/\/somosdelprieto.com\/?page_id=12033"},"modified":"2023-01-25T13:29:01","modified_gmt":"2023-01-25T12:29:01","slug":"webs-links-de-interes","status":"publish","type":"page","link":"https:\/\/somosdelprieto.com\/index.php\/portada\/proyectos-2\/seguridad-en-internet\/webs-links-de-interes\/","title":{"rendered":"WEBS \/ ACTIVIDADES\/ LINKS DE INTER\u00c9S"},"content":{"rendered":"\n<div class=\"wp-block-image\"><figure class=\"aligncenter size-large is-resized\"><img loading=\"lazy\" decoding=\"async\" src=\"https:\/\/somosdelprieto.com\/wp-content\/uploads\/2023\/01\/new-year-gb15706f7b_1280-1024x512.png\" alt=\"\" class=\"wp-image-13517\" width=\"260\" height=\"130\" srcset=\"https:\/\/somosdelprieto.com\/wp-content\/uploads\/2023\/01\/new-year-gb15706f7b_1280-1024x512.png 1024w, https:\/\/somosdelprieto.com\/wp-content\/uploads\/2023\/01\/new-year-gb15706f7b_1280-300x150.png 300w, https:\/\/somosdelprieto.com\/wp-content\/uploads\/2023\/01\/new-year-gb15706f7b_1280-768x384.png 768w, https:\/\/somosdelprieto.com\/wp-content\/uploads\/2023\/01\/new-year-gb15706f7b_1280.png 1280w\" sizes=\"auto, (max-width: 260px) 100vw, 260px\" \/><\/figure><\/div>\n\n\n\n<p>Este a\u00f1o, el&nbsp;<a rel=\"noreferrer noopener\" href=\"https:\/\/www.incibe.es\/sid\" target=\"_blank\"><strong>D\u00eda de Internet Segura<\/strong><\/a>&nbsp;cumple su 20 aniversario, y para celebrarlo, el Instituto Nacional de Ciberseguridad (INCIBE) ha preparado muchas actividades que se desarrollar\u00e1n durante los d\u00edas 7, 8 y 9 de febrero (en formato online y presencial en Le\u00f3n). En concreto,&nbsp;<strong>el 7 de febrero<\/strong>&nbsp;con el objetivo de trabajar competencias digitales para un uso seguro y positivo de la tecnolog\u00eda, hemos organizado las siguientes actividades.<strong> \u00a1Nos esperan!<\/strong><\/p>\n\n\n\n<p>Dejamos aqu\u00ed unas p\u00e1ginas y materiales muy interesantes para trabajar la Seguridad en la Red.<\/p>\n\n\n\n<p><a href=\"https:\/\/www.incibe.es\/\">https:\/\/www.incibe.es\/<\/a><\/p>\n\n\n\n<p><a href=\"https:\/\/www.is4k.es\/\">https:\/\/www.is4k.es\/<\/a><\/p>\n\n\n\n<figure class=\"wp-block-embed\"><div class=\"wp-block-embed__wrapper\">\nhttps:\/\/www.osi.es\/es\n<\/div><\/figure>\n","protected":false},"excerpt":{"rendered":"<p>Este a\u00f1o, el&nbsp;D\u00eda de Internet Segura&nbsp;cumple su 20 aniversario, y para celebrarlo, el Instituto Nacional de Ciberseguridad (INCIBE) ha preparado muchas actividades que se desarrollar\u00e1n durante los d\u00edas 7, 8 y 9 de febrero (en formato online y presencial en Le\u00f3n). En concreto,&nbsp;el 7 de febrero&nbsp;con el objetivo de trabajar competencias digitales para un uso &hellip; <\/p>\n<p class=\"link-more\"><a href=\"https:\/\/somosdelprieto.com\/index.php\/portada\/proyectos-2\/seguridad-en-internet\/webs-links-de-interes\/\" class=\"more-link\">Continuar leyendo<span class=\"screen-reader-text\"> \u00abWEBS \/ ACTIVIDADES\/ LINKS DE INTER\u00c9S\u00bb<\/span><\/a><\/p>\n","protected":false},"author":46,"featured_media":0,"parent":12024,"menu_order":0,"comment_status":"closed","ping_status":"closed","template":"","meta":{"footnotes":""},"class_list":["post-12033","page","type-page","status-publish","hentry"],"_links":{"self":[{"href":"https:\/\/somosdelprieto.com\/index.php\/wp-json\/wp\/v2\/pages\/12033","targetHints":{"allow":["GET"]}}],"collection":[{"href":"https:\/\/somosdelprieto.com\/index.php\/wp-json\/wp\/v2\/pages"}],"about":[{"href":"https:\/\/somosdelprieto.com\/index.php\/wp-json\/wp\/v2\/types\/page"}],"author":[{"embeddable":true,"href":"https:\/\/somosdelprieto.com\/index.php\/wp-json\/wp\/v2\/users\/46"}],"replies":[{"embeddable":true,"href":"https:\/\/somosdelprieto.com\/index.php\/wp-json\/wp\/v2\/comments?post=12033"}],"version-history":[{"count":7,"href":"https:\/\/somosdelprieto.com\/index.php\/wp-json\/wp\/v2\/pages\/12033\/revisions"}],"predecessor-version":[{"id":13543,"href":"https:\/\/somosdelprieto.com\/index.php\/wp-json\/wp\/v2\/pages\/12033\/revisions\/13543"}],"up":[{"embeddable":true,"href":"https:\/\/somosdelprieto.com\/index.php\/wp-json\/wp\/v2\/pages\/12024"}],"wp:attachment":[{"href":"https:\/\/somosdelprieto.com\/index.php\/wp-json\/wp\/v2\/media?parent=12033"}],"curies":[{"name":"wp","href":"https:\/\/api.w.org\/{rel}","templated":true}]}}