{"id":11350,"date":"2022-05-23T11:45:01","date_gmt":"2022-05-23T09:45:01","guid":{"rendered":"https:\/\/somosdelprieto.com\/?page_id=11350"},"modified":"2022-06-14T10:26:54","modified_gmt":"2022-06-14T08:26:54","slug":"formacion-en-modelado-e-impresion-3d","status":"publish","type":"page","link":"https:\/\/somosdelprieto.com\/index.php\/formacion-en-modelado-e-impresion-3d\/","title":{"rendered":"Formaci\u00f3n en Modelado e Impresi\u00f3n 3D"},"content":{"rendered":"\n<p>Esta actividad est\u00e1 incluida dentro del aula ATECA como un evento formativo cuyo objetivo es la inmersi\u00f3n dentro de la fabricaci\u00f3n aditiva 3D. La actividad pertenece al plan de formaci\u00f3n del centro en la modalidad de Seminario. La duraci\u00f3n ha sido de 10 horas en las cuales se han dado a conocer las t\u00e9cnicas b\u00e1sicas para la materializaci\u00f3n de peque\u00f1os objetos impresos en 3D. Para el modelado se ha utilizado la aplicaci\u00f3n FUSION 360 de AUTODESK.<\/p>\n\n\n\n<figure class=\"wp-block-image size-large\"><img loading=\"lazy\" decoding=\"async\" width=\"1024\" height=\"768\" src=\"https:\/\/somosdelprieto.com\/wp-content\/uploads\/2022\/06\/IMG_5357-1024x768.jpg\" alt=\"\" class=\"wp-image-11907\" srcset=\"https:\/\/somosdelprieto.com\/wp-content\/uploads\/2022\/06\/IMG_5357-1024x768.jpg 1024w, https:\/\/somosdelprieto.com\/wp-content\/uploads\/2022\/06\/IMG_5357-300x225.jpg 300w, https:\/\/somosdelprieto.com\/wp-content\/uploads\/2022\/06\/IMG_5357-768x576.jpg 768w, https:\/\/somosdelprieto.com\/wp-content\/uploads\/2022\/06\/IMG_5357-1536x1152.jpg 1536w, https:\/\/somosdelprieto.com\/wp-content\/uploads\/2022\/06\/IMG_5357-2048x1536.jpg 2048w\" sizes=\"auto, (max-width: 767px) 89vw, (max-width: 1000px) 54vw, (max-width: 1071px) 543px, 580px\" \/><\/figure>\n\n\n\n<figure class=\"wp-block-image size-large\"><img loading=\"lazy\" decoding=\"async\" width=\"1024\" height=\"768\" src=\"https:\/\/somosdelprieto.com\/wp-content\/uploads\/2022\/06\/IMG_5356-1024x768.jpg\" alt=\"\" class=\"wp-image-11908\" srcset=\"https:\/\/somosdelprieto.com\/wp-content\/uploads\/2022\/06\/IMG_5356-1024x768.jpg 1024w, https:\/\/somosdelprieto.com\/wp-content\/uploads\/2022\/06\/IMG_5356-300x225.jpg 300w, https:\/\/somosdelprieto.com\/wp-content\/uploads\/2022\/06\/IMG_5356-768x576.jpg 768w, https:\/\/somosdelprieto.com\/wp-content\/uploads\/2022\/06\/IMG_5356-1536x1152.jpg 1536w, https:\/\/somosdelprieto.com\/wp-content\/uploads\/2022\/06\/IMG_5356-2048x1536.jpg 2048w\" sizes=\"auto, (max-width: 767px) 89vw, (max-width: 1000px) 54vw, (max-width: 1071px) 543px, 580px\" \/><\/figure>\n\n\n\n<figure class=\"wp-block-image size-large\"><img loading=\"lazy\" decoding=\"async\" width=\"1024\" height=\"768\" src=\"https:\/\/somosdelprieto.com\/wp-content\/uploads\/2022\/06\/IMG_5381-1024x768.jpg\" alt=\"\" class=\"wp-image-11909\" srcset=\"https:\/\/somosdelprieto.com\/wp-content\/uploads\/2022\/06\/IMG_5381-1024x768.jpg 1024w, https:\/\/somosdelprieto.com\/wp-content\/uploads\/2022\/06\/IMG_5381-300x225.jpg 300w, https:\/\/somosdelprieto.com\/wp-content\/uploads\/2022\/06\/IMG_5381-768x576.jpg 768w, https:\/\/somosdelprieto.com\/wp-content\/uploads\/2022\/06\/IMG_5381-1536x1152.jpg 1536w, https:\/\/somosdelprieto.com\/wp-content\/uploads\/2022\/06\/IMG_5381-2048x1536.jpg 2048w\" sizes=\"auto, (max-width: 767px) 89vw, (max-width: 1000px) 54vw, (max-width: 1071px) 543px, 580px\" \/><\/figure>\n\n\n\n<figure class=\"wp-block-image size-large\"><img loading=\"lazy\" decoding=\"async\" width=\"1024\" height=\"768\" src=\"https:\/\/somosdelprieto.com\/wp-content\/uploads\/2022\/06\/IMG_5424-2-1024x768.jpg\" alt=\"\" class=\"wp-image-11910\" srcset=\"https:\/\/somosdelprieto.com\/wp-content\/uploads\/2022\/06\/IMG_5424-2-1024x768.jpg 1024w, https:\/\/somosdelprieto.com\/wp-content\/uploads\/2022\/06\/IMG_5424-2-300x225.jpg 300w, https:\/\/somosdelprieto.com\/wp-content\/uploads\/2022\/06\/IMG_5424-2-768x576.jpg 768w, https:\/\/somosdelprieto.com\/wp-content\/uploads\/2022\/06\/IMG_5424-2-1536x1152.jpg 1536w, https:\/\/somosdelprieto.com\/wp-content\/uploads\/2022\/06\/IMG_5424-2-2048x1536.jpg 2048w\" sizes=\"auto, (max-width: 767px) 89vw, (max-width: 1000px) 54vw, (max-width: 1071px) 543px, 580px\" \/><\/figure>\n\n\n\n<p>El \u00faltimo d\u00eda se termin\u00f3 la fabricaci\u00f3n de un taburete de madera utilizando el CNC del aula ATECA. Para el dise\u00f1o se utiliz\u00f3 el mismo programa de AUTODESK. Mediante el m\u00f3dulo de fabricaci\u00f3n se gener\u00f3 el fichero de fresado para el CNC.<\/p>\n\n\n\n<p><\/p>\n\n\n\n<div class=\"wp-block-image\"><figure class=\"aligncenter size-large is-resized\"><img loading=\"lazy\" decoding=\"async\" src=\"https:\/\/somosdelprieto.com\/wp-content\/uploads\/2022\/06\/Captura-de-pantalla-2022-06-14-a-las-10.25.12-630x1024.png\" alt=\"\" class=\"wp-image-11912\" width=\"387\" height=\"629\" srcset=\"https:\/\/somosdelprieto.com\/wp-content\/uploads\/2022\/06\/Captura-de-pantalla-2022-06-14-a-las-10.25.12-630x1024.png 630w, https:\/\/somosdelprieto.com\/wp-content\/uploads\/2022\/06\/Captura-de-pantalla-2022-06-14-a-las-10.25.12-184x300.png 184w, https:\/\/somosdelprieto.com\/wp-content\/uploads\/2022\/06\/Captura-de-pantalla-2022-06-14-a-las-10.25.12-768x1249.png 768w, https:\/\/somosdelprieto.com\/wp-content\/uploads\/2022\/06\/Captura-de-pantalla-2022-06-14-a-las-10.25.12.png 900w\" sizes=\"auto, (max-width: 387px) 100vw, 387px\" \/><\/figure><\/div>\n\n\n\n<p><\/p>\n","protected":false},"excerpt":{"rendered":"<p>Esta actividad est\u00e1 incluida dentro del aula ATECA como un evento formativo cuyo objetivo es la inmersi\u00f3n dentro de la fabricaci\u00f3n aditiva 3D. La actividad pertenece al plan de formaci\u00f3n del centro en la modalidad de Seminario. La duraci\u00f3n ha sido de 10 horas en las cuales se han dado a conocer las t\u00e9cnicas b\u00e1sicas &hellip; <\/p>\n<p class=\"link-more\"><a href=\"https:\/\/somosdelprieto.com\/index.php\/formacion-en-modelado-e-impresion-3d\/\" class=\"more-link\">Continuar leyendo<span class=\"screen-reader-text\"> \u00abFormaci\u00f3n en Modelado e Impresi\u00f3n 3D\u00bb<\/span><\/a><\/p>\n","protected":false},"author":59,"featured_media":0,"parent":0,"menu_order":0,"comment_status":"closed","ping_status":"closed","template":"","meta":{"footnotes":""},"class_list":["post-11350","page","type-page","status-publish","hentry"],"_links":{"self":[{"href":"https:\/\/somosdelprieto.com\/index.php\/wp-json\/wp\/v2\/pages\/11350","targetHints":{"allow":["GET"]}}],"collection":[{"href":"https:\/\/somosdelprieto.com\/index.php\/wp-json\/wp\/v2\/pages"}],"about":[{"href":"https:\/\/somosdelprieto.com\/index.php\/wp-json\/wp\/v2\/types\/page"}],"author":[{"embeddable":true,"href":"https:\/\/somosdelprieto.com\/index.php\/wp-json\/wp\/v2\/users\/59"}],"replies":[{"embeddable":true,"href":"https:\/\/somosdelprieto.com\/index.php\/wp-json\/wp\/v2\/comments?post=11350"}],"version-history":[{"count":3,"href":"https:\/\/somosdelprieto.com\/index.php\/wp-json\/wp\/v2\/pages\/11350\/revisions"}],"predecessor-version":[{"id":11913,"href":"https:\/\/somosdelprieto.com\/index.php\/wp-json\/wp\/v2\/pages\/11350\/revisions\/11913"}],"wp:attachment":[{"href":"https:\/\/somosdelprieto.com\/index.php\/wp-json\/wp\/v2\/media?parent=11350"}],"curies":[{"name":"wp","href":"https:\/\/api.w.org\/{rel}","templated":true}]}}