{"id":10884,"date":"2022-05-15T21:21:53","date_gmt":"2022-05-15T19:21:53","guid":{"rendered":"https:\/\/somosdelprieto.com\/?page_id=10884"},"modified":"2023-01-26T11:08:30","modified_gmt":"2023-01-26T10:08:30","slug":"crea-banda-sonora","status":"publish","type":"page","link":"https:\/\/somosdelprieto.com\/index.php\/crea-banda-sonora\/","title":{"rendered":"\u00abCrea Banda Sonora\u00bb"},"content":{"rendered":"\n<p class=\"has-text-align-center\"><strong>METODOLOG\u00cdA CBS (Crea Banda Sonora)<\/strong><\/p>\n\n\n\n<p class=\"text-justify\">La materia de m\u00fasica en el IES Gregorio Prieto se basa en la <strong>metodolog\u00eda CBS, <em>Crea Banda Sonora<\/em><\/strong>, en la que el alumnado, a lo largo de sus a\u00f1os en el IES, dise\u00f1ar\u00e1 la \u201cbanda sonora de su vida\u201d, o al menos, de su vida musical en el centro, siendo protagonista principal de la misma.<\/p>\n\n\n\n<p class=\"text-justify\">Este paradigma metodol\u00f3gico busca que el proceso de aprendizaje musical se realice desde la pr\u00e1ctica, compartiendo entre el alumnado y el profesorado la magia del hecho musical.<\/p>\n\n\n\n<p class=\"text-justify\">Los 6 pilares de este proyecto son los siguientes:<\/p>\n\n\n\n<ol type=\"1\" class=\"text-justify wp-block-list\"><li>Las inteligencias m\u00faltiples; porque entendemos la gran diversidad dentro de cada aula y queremos que cada alumno y alumna desarrolle a su ritmo, sus propias inteligencias.<\/li><li>El trabajo por proyectos; para que el alumnado vea a corto plazo que sus aprendizajes son reales y se basan en una satisfacci\u00f3n personal, emocional y social. Por eso dise\u00f1amos un proyecto para cada curso\/aula.<\/li><li>El trabajo colaborativo; porque cada alumno y alumna cuentan y son imprescindibles para alcanzar ese proyecto com\u00fan fundamentado en un producto final memorable.<\/li><li>El reparto de roles; y la asunci\u00f3n de responsabilidades, son la mejor herramienta para el trabajo cooperativo y esto se trabaja a trav\u00e9s de la creaci\u00f3n de una orquesta en cada aula en la que el alumnado debe asumir sus propios roles como compositores, arreglistas, cantantes, m\u00fasicos, bailarines, etc.<\/li><li>&nbsp;Atenci\u00f3n al v\u00ednculo emocional y social; ya que entendemos que el alumnado primero debe conocerse, reconocerse y aceptarse as\u00ed mismo sin ning\u00fan tipo de prejuicio para poder conocer, reconocer y aceptar a sus compa\u00f1eros y compa\u00f1eras, as\u00ed como tambi\u00e9n al profesorado. A partir de aqu\u00ed y de esta forma, aseguramos el desarrollo cognitivo, esto es, primero intentamos lograr la estabilidad emocional para alcanzar el conocimiento.<\/li><li>La introducci\u00f3n de los dispositivos m\u00f3viles como herramientas de aprendizaje en el aula. Somos nosotros los educadores los que debemos ense\u00f1ar al alumnado el uso correcto de esta tecnolog\u00eda y sacarle nuestro mayor provecho&nbsp; en el aula como instrumentos musicales, grabadoras de audio\/v\u00eddeo, editores de partituras, redes sociales, etc.<\/li><\/ol>\n\n\n\n<p class=\"text-justify\">Por lo tanto, sobre estos pilares, y con el uso de diferentes metodolog\u00edas activas (<em>Flipped Classroom<\/em>, Gamificaci\u00f3n, ABP\u2026) intentamos construir un proceso de ense\u00f1anza-aprendizaje a trav\u00e9s de la pr\u00e1ctica y la implicaci\u00f3n directa del alumnado cubriendo todos los aspectos de la materia en sus diversos \u00e1mbitos:<\/p>\n\n\n\n<ul class=\"wp-block-list\"><li>Pr\u00e1ctica instrumental, vocal, de movimiento, objetos sonoros\u2026<\/li><li>Audiciones activas&#8230;<\/li><li>Tecnolog\u00eda musical: proyectos STEAM.<\/li><li>Inform\u00e1tica musical: programaci\u00f3n y creaci\u00f3n de productos audiovisuales, edici\u00f3n de partituras\u2026<\/li><li>Internacionalizaci\u00f3n: British Council, eTwinning y proyectos Erasmus+.<\/li><li>Trabajo por proyectos multidepartamentales.<\/li><\/ul>\n\n\n\n<p>Con este proyecto se recibi\u00f3 el <strong>reconocimiento a las buenas pr\u00e1cticas educativas en el a\u00f1o 2014 por parte de la Junta de Comunidades<\/strong> <strong>de Castilla La Mancha<\/strong>.<\/p>\n\n\n\n<p>Tambi\u00e9n en 2014 recibi\u00f3 el premio de la Fundaci\u00f3n Atresmedia y Santillana como uno de los <strong>galardones nacionales \u201cIniciativas que Educan\u201d, en la modalidad de \u00c9xito Educativo.<\/strong><\/p>\n\n\n\n<hr class=\"wp-block-separator\" \/>\n\n\n\n<p class=\"has-text-align-center\"><strong>\u00daLTIMAS ENTRADAS REALIZADAS POR EL DEPARTAMENTO DE M\u00daSICA<\/strong><\/p>\n\n\n<ul class=\"wp-block-latest-posts__list wp-block-latest-posts\"><li><a class=\"wp-block-latest-posts__post-title\" href=\"https:\/\/somosdelprieto.com\/index.php\/2026\/02\/15\/celebracion-de-carnaval-en-el-instituto-una-jornada-de-convivencia-y-creatividad\/\">Celebraci\u00f3n de Carnaval en el Instituto: Una Jornada de Convivencia y Creatividad<\/a><\/li>\n<li><a class=\"wp-block-latest-posts__post-title\" href=\"https:\/\/somosdelprieto.com\/index.php\/2025\/12\/25\/iii-encuentro-intergeneracional-prietomonteval\/\">III Encuentro Intergeneracional PrietoMonteval<\/a><\/li>\n<li><a class=\"wp-block-latest-posts__post-title\" href=\"https:\/\/somosdelprieto.com\/index.php\/2025\/12\/04\/saint-andrews-day\/\">SAINT ANDREW&#8217;S DAY<\/a><\/li>\n<li><a class=\"wp-block-latest-posts__post-title\" href=\"https:\/\/somosdelprieto.com\/index.php\/2025\/11\/25\/escape-rooms-25-26\/\">Escape Rooms 25-26<\/a><\/li>\n<li><a class=\"wp-block-latest-posts__post-title\" href=\"https:\/\/somosdelprieto.com\/index.php\/2025\/11\/07\/noise-pollution-proyecto-interdisciplinar-con-musica-e-ingles\/\">\u201cNoise pollution\u201d: proyecto interdisciplinar con M\u00fasica e Ingl\u00e9s<\/a><\/li>\n<\/ul>","protected":false},"excerpt":{"rendered":"<p>METODOLOG\u00cdA CBS (Crea Banda Sonora) La materia de m\u00fasica en el IES Gregorio Prieto se basa en la metodolog\u00eda CBS, Crea Banda Sonora, en la que el alumnado, a lo largo de sus a\u00f1os en el IES, dise\u00f1ar\u00e1 la \u201cbanda sonora de su vida\u201d, o al menos, de su vida musical en el centro, siendo &hellip; <\/p>\n<p class=\"link-more\"><a href=\"https:\/\/somosdelprieto.com\/index.php\/crea-banda-sonora\/\" class=\"more-link\">Continuar leyendo<span class=\"screen-reader-text\"> \u00ab\u00abCrea Banda Sonora\u00bb\u00bb<\/span><\/a><\/p>\n","protected":false},"author":36,"featured_media":10883,"parent":0,"menu_order":0,"comment_status":"closed","ping_status":"closed","template":"","meta":{"footnotes":""},"class_list":["post-10884","page","type-page","status-publish","has-post-thumbnail","hentry"],"_links":{"self":[{"href":"https:\/\/somosdelprieto.com\/index.php\/wp-json\/wp\/v2\/pages\/10884","targetHints":{"allow":["GET"]}}],"collection":[{"href":"https:\/\/somosdelprieto.com\/index.php\/wp-json\/wp\/v2\/pages"}],"about":[{"href":"https:\/\/somosdelprieto.com\/index.php\/wp-json\/wp\/v2\/types\/page"}],"author":[{"embeddable":true,"href":"https:\/\/somosdelprieto.com\/index.php\/wp-json\/wp\/v2\/users\/36"}],"replies":[{"embeddable":true,"href":"https:\/\/somosdelprieto.com\/index.php\/wp-json\/wp\/v2\/comments?post=10884"}],"version-history":[{"count":7,"href":"https:\/\/somosdelprieto.com\/index.php\/wp-json\/wp\/v2\/pages\/10884\/revisions"}],"predecessor-version":[{"id":13569,"href":"https:\/\/somosdelprieto.com\/index.php\/wp-json\/wp\/v2\/pages\/10884\/revisions\/13569"}],"wp:featuredmedia":[{"embeddable":true,"href":"https:\/\/somosdelprieto.com\/index.php\/wp-json\/wp\/v2\/media\/10883"}],"wp:attachment":[{"href":"https:\/\/somosdelprieto.com\/index.php\/wp-json\/wp\/v2\/media?parent=10884"}],"curies":[{"name":"wp","href":"https:\/\/api.w.org\/{rel}","templated":true}]}}