{"id":10582,"date":"2022-05-11T09:18:31","date_gmt":"2022-05-11T07:18:31","guid":{"rendered":"https:\/\/somosdelprieto.com\/?page_id=10582"},"modified":"2023-05-10T10:15:48","modified_gmt":"2023-05-10T08:15:48","slug":"informatica-taller-de","status":"publish","type":"page","link":"https:\/\/somosdelprieto.com\/index.php\/informatica-taller-de\/","title":{"rendered":"Inform\u00e1tica || Talleres: \u00abCrea tu propia APP\u00bb y \u00abRealidad Virtual\u00bb"},"content":{"rendered":"\n<figure class=\"wp-block-table\"><table><tbody><tr><td><img decoding=\"async\" src=\"https:\/\/mail.google.com\/mail\/u\/0?ui=2&amp;ik=7d8c6a28f9&amp;attid=0.1&amp;permmsgid=msg-f:1764881328827976878&amp;th=187e1e37c382ccae&amp;view=fimg&amp;fur=ip&amp;sz=s0-l75-ft&amp;attbid=ANGjdJ_XBC5CF2jkvMi28aggXMfztjhjF3eeGEMCcfWl14oZYApZGI9ecN3S3VwCinKAZym92Hb9ZJS-5iCckWM6CT9yH8CA50LOCHUVALmtbizYoBgn7jU5SSWSkNM&amp;disp=emb&amp;realattid=ii_lh7rd9i20\" alt=\"Cartel talleres informatica Feria FP 2023.jpg\"><\/td><td>Desde el departamento de Inform\u00e1tica se han preparado tres interesantes talleres:<br><br>&#8211; <strong>Taller \u00abSeguridad en tu router\u00bb<\/strong>.  Configura y dota de seguridad a tu router inal\u00e1mbrico permitiendo y denegando acceso a sitios web, bloquear servicios o permitir el acceso a determinados usuarios.<br>&#8211; <strong>Taller \u00abCrea tu propia APP\u00bb<\/strong>. Los participantes desarrollaran una APP para dispositivos m\u00f3viles de manera sencilla para que todos los alumnos puedan hacer una aplicaci\u00f3n mediante bloques de programaci\u00f3n.<br>&#8211; <strong>Taller \u00abRealidad Virtual e Inteligencia Digital\u00bb<\/strong>. Entra en el metaverso a trav\u00e9s de Oculus <em>Quest 2<\/em>, disfruta de los v\u00eddeos 360 y juegos inmersivos. Descubre tambi\u00e9n c\u00f3mo aprende una Inteligencia Artificial, siendo capaz de distinguir objetos o personas.<\/td><\/tr><\/tbody><\/table><\/figure>\n\n\n\n<figure class=\"wp-block-embed is-type-video is-provider-youtube wp-block-embed-youtube wp-embed-aspect-16-9 wp-has-aspect-ratio\"><div class=\"wp-block-embed__wrapper\">\n<iframe loading=\"lazy\" title=\"Talleres de la familia profesional de Inform\u00e1tica\" width=\"525\" height=\"295\" src=\"https:\/\/www.youtube.com\/embed\/1DeW_vCEmCc?feature=oembed\" frameborder=\"0\" allow=\"accelerometer; autoplay; clipboard-write; encrypted-media; gyroscope; picture-in-picture; web-share\" referrerpolicy=\"strict-origin-when-cross-origin\" allowfullscreen><\/iframe>\n<\/div><\/figure>\n\n\n\n<p><strong><a href=\"https:\/\/somosdelprieto.com\/index.php\/departamentos\/departamento-de-informatica\/\" data-type=\"URL\" data-id=\"https:\/\/somosdelprieto.com\/index.php\/departamentos\/departamento-de-informatica\/\" target=\"_blank\" rel=\"noreferrer noopener\">AQU\u00cd<\/a><\/strong> puedes conseguir m\u00e1s informaci\u00f3n de los ciclos formativos de Inform\u00e1tica.<\/p>\n","protected":false},"excerpt":{"rendered":"<p>Desde el departamento de Inform\u00e1tica se han preparado tres interesantes talleres: &#8211; Taller \u00abSeguridad en tu router\u00bb. Configura y dota de seguridad a tu router inal\u00e1mbrico permitiendo y denegando acceso a sitios web, bloquear servicios o permitir el acceso a determinados usuarios.&#8211; Taller \u00abCrea tu propia APP\u00bb. Los participantes desarrollaran una APP para dispositivos m\u00f3viles &hellip; <\/p>\n<p class=\"link-more\"><a href=\"https:\/\/somosdelprieto.com\/index.php\/informatica-taller-de\/\" class=\"more-link\">Continuar leyendo<span class=\"screen-reader-text\"> \u00abInform\u00e1tica || Talleres: \u00abCrea tu propia APP\u00bb y \u00abRealidad Virtual\u00bb\u00bb<\/span><\/a><\/p>\n","protected":false},"author":1,"featured_media":0,"parent":0,"menu_order":0,"comment_status":"closed","ping_status":"closed","template":"","meta":{"footnotes":""},"class_list":["post-10582","page","type-page","status-publish","hentry"],"_links":{"self":[{"href":"https:\/\/somosdelprieto.com\/index.php\/wp-json\/wp\/v2\/pages\/10582","targetHints":{"allow":["GET"]}}],"collection":[{"href":"https:\/\/somosdelprieto.com\/index.php\/wp-json\/wp\/v2\/pages"}],"about":[{"href":"https:\/\/somosdelprieto.com\/index.php\/wp-json\/wp\/v2\/types\/page"}],"author":[{"embeddable":true,"href":"https:\/\/somosdelprieto.com\/index.php\/wp-json\/wp\/v2\/users\/1"}],"replies":[{"embeddable":true,"href":"https:\/\/somosdelprieto.com\/index.php\/wp-json\/wp\/v2\/comments?post=10582"}],"version-history":[{"count":11,"href":"https:\/\/somosdelprieto.com\/index.php\/wp-json\/wp\/v2\/pages\/10582\/revisions"}],"predecessor-version":[{"id":14946,"href":"https:\/\/somosdelprieto.com\/index.php\/wp-json\/wp\/v2\/pages\/10582\/revisions\/14946"}],"wp:attachment":[{"href":"https:\/\/somosdelprieto.com\/index.php\/wp-json\/wp\/v2\/media?parent=10582"}],"curies":[{"name":"wp","href":"https:\/\/api.w.org\/{rel}","templated":true}]}}