{"id":10539,"date":"2022-05-11T08:30:00","date_gmt":"2022-05-11T06:30:00","guid":{"rendered":"https:\/\/somosdelprieto.com\/?page_id=10539"},"modified":"2022-05-16T08:49:59","modified_gmt":"2022-05-16T06:49:59","slug":"taller-profesional-escape-room-electrico-electricidad","status":"publish","type":"page","link":"https:\/\/somosdelprieto.com\/index.php\/taller-profesional-escape-room-electrico-electricidad\/","title":{"rendered":"Electricidad ||Taller Profesional: Escape Room Electrico"},"content":{"rendered":"\n<figure class=\"wp-block-embed is-type-video is-provider-youtube wp-block-embed-youtube wp-embed-aspect-16-9 wp-has-aspect-ratio\"><div class=\"wp-block-embed__wrapper\">\n<iframe loading=\"lazy\" title=\"taller electricidad\" width=\"525\" height=\"295\" src=\"https:\/\/www.youtube.com\/embed\/TcLnvBou_Gc?feature=oembed\" frameborder=\"0\" allow=\"accelerometer; autoplay; clipboard-write; encrypted-media; gyroscope; picture-in-picture; web-share\" referrerpolicy=\"strict-origin-when-cross-origin\" allowfullscreen><\/iframe>\n<\/div><\/figure>\n\n\n\n<p>En el taller de Electricidad vamos a realizar un <strong>Escape Room<\/strong>, que consiste en diferentes pruebas e ingenios el\u00e9ctricos donde los participantes tendr\u00e1n que escaparan de dicho taller.<\/p>\n\n\n\n<p><strong><a href=\"https:\/\/somosdelprieto.com\/index.php\/estudios\/ciclos-formativos-de-grado-superior\/tecnico-superior-en-sistemas-electrotecnicos-y-automatizados\/\" data-type=\"URL\" data-id=\"https:\/\/somosdelprieto.com\/index.php\/estudios\/ciclos-formativos-de-grado-superior\/tecnico-superior-en-sistemas-electrotecnicos-y-automatizados\/\" target=\"_blank\" rel=\"noreferrer noopener\">AQU\u00cd<\/a><\/strong> puedes conseguir m\u00e1s informaci\u00f3n de los ciclos formaticos de Electricidad.<\/p>\n","protected":false},"excerpt":{"rendered":"<p>En el taller de Electricidad vamos a realizar un Escape Room, que consiste en diferentes pruebas e ingenios el\u00e9ctricos donde los participantes tendr\u00e1n que escaparan de dicho taller. AQU\u00cd puedes conseguir m\u00e1s informaci\u00f3n de los ciclos formaticos de Electricidad.<\/p>\n","protected":false},"author":1,"featured_media":0,"parent":0,"menu_order":0,"comment_status":"closed","ping_status":"closed","template":"","meta":{"footnotes":""},"class_list":["post-10539","page","type-page","status-publish","hentry"],"_links":{"self":[{"href":"https:\/\/somosdelprieto.com\/index.php\/wp-json\/wp\/v2\/pages\/10539","targetHints":{"allow":["GET"]}}],"collection":[{"href":"https:\/\/somosdelprieto.com\/index.php\/wp-json\/wp\/v2\/pages"}],"about":[{"href":"https:\/\/somosdelprieto.com\/index.php\/wp-json\/wp\/v2\/types\/page"}],"author":[{"embeddable":true,"href":"https:\/\/somosdelprieto.com\/index.php\/wp-json\/wp\/v2\/users\/1"}],"replies":[{"embeddable":true,"href":"https:\/\/somosdelprieto.com\/index.php\/wp-json\/wp\/v2\/comments?post=10539"}],"version-history":[{"count":8,"href":"https:\/\/somosdelprieto.com\/index.php\/wp-json\/wp\/v2\/pages\/10539\/revisions"}],"predecessor-version":[{"id":10910,"href":"https:\/\/somosdelprieto.com\/index.php\/wp-json\/wp\/v2\/pages\/10539\/revisions\/10910"}],"wp:attachment":[{"href":"https:\/\/somosdelprieto.com\/index.php\/wp-json\/wp\/v2\/media?parent=10539"}],"curies":[{"name":"wp","href":"https:\/\/api.w.org\/{rel}","templated":true}]}}