{"id":10512,"date":"2022-05-11T08:30:00","date_gmt":"2022-05-11T06:30:00","guid":{"rendered":"https:\/\/somosdelprieto.com\/?page_id=10512"},"modified":"2022-05-16T12:34:24","modified_gmt":"2022-05-16T10:34:24","slug":"taller-profesional-de-crea-calcula-y-lanzalo","status":"publish","type":"page","link":"https:\/\/somosdelprieto.com\/index.php\/taller-profesional-de-crea-calcula-y-lanzalo\/","title":{"rendered":"Administraci\u00f3n ||Taller profesional de Crea, Calcula y L\u00e1nzalo"},"content":{"rendered":"\n<figure class=\"wp-block-embed is-type-video is-provider-youtube wp-block-embed-youtube wp-embed-aspect-16-9 wp-has-aspect-ratio\"><div class=\"wp-block-embed__wrapper\">\n<iframe loading=\"lazy\" title=\"taller de administraci\u00f3n y finanzas\" width=\"525\" height=\"295\" src=\"https:\/\/www.youtube.com\/embed\/1QI2sTH9iyU?feature=oembed\" frameborder=\"0\" allow=\"accelerometer; autoplay; clipboard-write; encrypted-media; gyroscope; picture-in-picture; web-share\" referrerpolicy=\"strict-origin-when-cross-origin\" allowfullscreen><\/iframe>\n<\/div><\/figure>\n\n\n\n<p><\/p>\n\n\n\n<figure class=\"wp-block-table\"><table><tbody><tr><td><img loading=\"lazy\" decoding=\"async\" width=\"600\" height=\"843\" class=\"wp-image-10986\" style=\"width: 600px;\" src=\"https:\/\/somosdelprieto.com\/wp-content\/uploads\/2022\/05\/cartel-Dpto-Administracion-de-empresas.png\" alt=\"\" srcset=\"https:\/\/somosdelprieto.com\/wp-content\/uploads\/2022\/05\/cartel-Dpto-Administracion-de-empresas.png 767w, https:\/\/somosdelprieto.com\/wp-content\/uploads\/2022\/05\/cartel-Dpto-Administracion-de-empresas-214x300.png 214w, https:\/\/somosdelprieto.com\/wp-content\/uploads\/2022\/05\/cartel-Dpto-Administracion-de-empresas-729x1024.png 729w\" sizes=\"auto, (max-width: 600px) 100vw, 600px\" \/><\/td><td><em>En este taller vamos a fabricar nuestro propio producto, en esta ocasi\u00f3n crear\u00e1s tu propia pulsera (te la llevar\u00e1s como recuerdo), al mismo tiempo iremos calculando los costes totales, en funci\u00f3n del material que escojas, el tiempo que emplees\u2026 y finalizaremos creando una web de venta online de forma r\u00e1pida y sencilla.&nbsp;<\/em><\/td><\/tr><\/tbody><\/table><\/figure>\n\n\n\n<p><strong><a href=\"https:\/\/somosdelprieto.com\/index.php\/departamentos\/departamento-de-administracion\/#AFI\" data-type=\"URL\" data-id=\"https:\/\/somosdelprieto.com\/index.php\/departamentos\/departamento-de-administracion\/#AFI\" target=\"_blank\" rel=\"noreferrer noopener\">AQU\u00cd<\/a><\/strong> puedes conseguir m\u00e1s informaci\u00f3n de los ciclos formativos de Administraci\u00f3n.<\/p>\n","protected":false},"excerpt":{"rendered":"<p>En este taller vamos a fabricar nuestro propio producto, en esta ocasi\u00f3n crear\u00e1s tu propia pulsera (te la llevar\u00e1s como recuerdo), al mismo tiempo iremos calculando los costes totales, en funci\u00f3n del material que escojas, el tiempo que emplees\u2026 y finalizaremos creando una web de venta online de forma r\u00e1pida y sencilla.&nbsp; AQU\u00cd puedes conseguir &hellip; <\/p>\n<p class=\"link-more\"><a href=\"https:\/\/somosdelprieto.com\/index.php\/taller-profesional-de-crea-calcula-y-lanzalo\/\" class=\"more-link\">Continuar leyendo<span class=\"screen-reader-text\"> \u00abAdministraci\u00f3n ||Taller profesional de Crea, Calcula y L\u00e1nzalo\u00bb<\/span><\/a><\/p>\n","protected":false},"author":1,"featured_media":0,"parent":0,"menu_order":0,"comment_status":"closed","ping_status":"closed","template":"","meta":{"footnotes":""},"class_list":["post-10512","page","type-page","status-publish","hentry"],"_links":{"self":[{"href":"https:\/\/somosdelprieto.com\/index.php\/wp-json\/wp\/v2\/pages\/10512","targetHints":{"allow":["GET"]}}],"collection":[{"href":"https:\/\/somosdelprieto.com\/index.php\/wp-json\/wp\/v2\/pages"}],"about":[{"href":"https:\/\/somosdelprieto.com\/index.php\/wp-json\/wp\/v2\/types\/page"}],"author":[{"embeddable":true,"href":"https:\/\/somosdelprieto.com\/index.php\/wp-json\/wp\/v2\/users\/1"}],"replies":[{"embeddable":true,"href":"https:\/\/somosdelprieto.com\/index.php\/wp-json\/wp\/v2\/comments?post=10512"}],"version-history":[{"count":12,"href":"https:\/\/somosdelprieto.com\/index.php\/wp-json\/wp\/v2\/pages\/10512\/revisions"}],"predecessor-version":[{"id":10988,"href":"https:\/\/somosdelprieto.com\/index.php\/wp-json\/wp\/v2\/pages\/10512\/revisions\/10988"}],"wp:attachment":[{"href":"https:\/\/somosdelprieto.com\/index.php\/wp-json\/wp\/v2\/media?parent=10512"}],"curies":[{"name":"wp","href":"https:\/\/api.w.org\/{rel}","templated":true}]}}