{"id":10487,"date":"2022-05-10T10:21:08","date_gmt":"2022-05-10T08:21:08","guid":{"rendered":"https:\/\/somosdelprieto.com\/?page_id=10487"},"modified":"2022-05-10T10:23:38","modified_gmt":"2022-05-10T08:23:38","slug":"proyecto-aceites-esenciales","status":"publish","type":"page","link":"https:\/\/somosdelprieto.com\/index.php\/proyecto-aceites-esenciales\/","title":{"rendered":"PROYECTO ACEITES ESENCIALES"},"content":{"rendered":"\n<p class=\"has-text-align-center\">Los departamentos de F\u00edsica y Qu\u00edmica, Agraria y Administraci\u00f3n han realizado (en colaboraci\u00f3n con nuestro aula de emprendimiento) un proyecto que ten\u00eda como finalidad la fabricaci\u00f3n de aceites esenciales.<\/p>\n\n\n\n<p class=\"has-text-align-center\">En colaboraci\u00f3n con el alumnado de ESO, se ha realizado todo el proceso que va desde la destilaci\u00f3n y obtenci\u00f3n del producto, hasta la venta y marketing (con la colaboraci\u00f3n del alumnado de Asistencia a la Direcci\u00f3n).<\/p>\n\n\n\n<p class=\"has-text-align-center\">Seguimos realizando proyectos de colaboraci\u00f3n en nuestro APE.<\/p>\n\n\n\n<p class=\"has-text-align-center\">A continuaci\u00f3n os dejamos fotos del proceso.<\/p>\n\n\n\n<div class=\"wp-block-group\"><div class=\"wp-block-group__inner-container is-layout-flow wp-block-group-is-layout-flow\">\n<div class=\"wp-block-image\"><figure class=\"aligncenter size-large is-resized\"><img loading=\"lazy\" decoding=\"async\" src=\"https:\/\/somosdelprieto.com\/wp-content\/uploads\/2022\/05\/1652168536469-1-1024x576.jpg\" alt=\"\" class=\"wp-image-10488\" width=\"451\" height=\"254\" srcset=\"https:\/\/somosdelprieto.com\/wp-content\/uploads\/2022\/05\/1652168536469-1-1024x576.jpg 1024w, https:\/\/somosdelprieto.com\/wp-content\/uploads\/2022\/05\/1652168536469-1-300x169.jpg 300w, https:\/\/somosdelprieto.com\/wp-content\/uploads\/2022\/05\/1652168536469-1-768x432.jpg 768w, https:\/\/somosdelprieto.com\/wp-content\/uploads\/2022\/05\/1652168536469-1-1536x864.jpg 1536w, https:\/\/somosdelprieto.com\/wp-content\/uploads\/2022\/05\/1652168536469-1.jpg 1600w\" sizes=\"auto, (max-width: 451px) 100vw, 451px\" \/><\/figure><\/div>\n\n\n\n<div class=\"wp-block-image\"><figure class=\"aligncenter size-large is-resized\"><img loading=\"lazy\" decoding=\"async\" src=\"https:\/\/somosdelprieto.com\/wp-content\/uploads\/2022\/05\/1652168536486-1-1024x576.jpg\" alt=\"\" class=\"wp-image-10489\" width=\"454\" height=\"256\" srcset=\"https:\/\/somosdelprieto.com\/wp-content\/uploads\/2022\/05\/1652168536486-1-1024x576.jpg 1024w, https:\/\/somosdelprieto.com\/wp-content\/uploads\/2022\/05\/1652168536486-1-300x169.jpg 300w, https:\/\/somosdelprieto.com\/wp-content\/uploads\/2022\/05\/1652168536486-1-768x432.jpg 768w, https:\/\/somosdelprieto.com\/wp-content\/uploads\/2022\/05\/1652168536486-1-1536x864.jpg 1536w, https:\/\/somosdelprieto.com\/wp-content\/uploads\/2022\/05\/1652168536486-1.jpg 1600w\" sizes=\"auto, (max-width: 454px) 100vw, 454px\" \/><\/figure><\/div>\n<\/div><\/div>\n\n\n\n<div class=\"wp-block-image\"><figure class=\"aligncenter size-large is-resized\"><img loading=\"lazy\" decoding=\"async\" src=\"https:\/\/somosdelprieto.com\/wp-content\/uploads\/2022\/05\/1652168536506-1-1024x576.jpg\" alt=\"\" class=\"wp-image-10490\" width=\"455\" height=\"256\" srcset=\"https:\/\/somosdelprieto.com\/wp-content\/uploads\/2022\/05\/1652168536506-1-1024x576.jpg 1024w, https:\/\/somosdelprieto.com\/wp-content\/uploads\/2022\/05\/1652168536506-1-300x169.jpg 300w, https:\/\/somosdelprieto.com\/wp-content\/uploads\/2022\/05\/1652168536506-1-768x432.jpg 768w, https:\/\/somosdelprieto.com\/wp-content\/uploads\/2022\/05\/1652168536506-1.jpg 1328w\" sizes=\"auto, (max-width: 455px) 100vw, 455px\" \/><\/figure><\/div>\n\n\n\n<div class=\"wp-block-image\"><figure class=\"aligncenter size-large is-resized\"><img loading=\"lazy\" decoding=\"async\" src=\"https:\/\/somosdelprieto.com\/wp-content\/uploads\/2022\/05\/1652168536530-1-1024x576.jpg\" alt=\"\" class=\"wp-image-10491\" width=\"493\" height=\"277\" srcset=\"https:\/\/somosdelprieto.com\/wp-content\/uploads\/2022\/05\/1652168536530-1-1024x576.jpg 1024w, https:\/\/somosdelprieto.com\/wp-content\/uploads\/2022\/05\/1652168536530-1-300x169.jpg 300w, https:\/\/somosdelprieto.com\/wp-content\/uploads\/2022\/05\/1652168536530-1-768x432.jpg 768w, https:\/\/somosdelprieto.com\/wp-content\/uploads\/2022\/05\/1652168536530-1-1536x864.jpg 1536w, https:\/\/somosdelprieto.com\/wp-content\/uploads\/2022\/05\/1652168536530-1.jpg 1600w\" sizes=\"auto, (max-width: 493px) 100vw, 493px\" \/><\/figure><\/div>\n\n\n\n<div class=\"wp-block-image\"><figure class=\"aligncenter size-large is-resized\"><img loading=\"lazy\" decoding=\"async\" src=\"https:\/\/somosdelprieto.com\/wp-content\/uploads\/2022\/05\/1652168536552-1-1024x576.jpg\" alt=\"\" class=\"wp-image-10492\" width=\"494\" height=\"278\" srcset=\"https:\/\/somosdelprieto.com\/wp-content\/uploads\/2022\/05\/1652168536552-1-1024x576.jpg 1024w, https:\/\/somosdelprieto.com\/wp-content\/uploads\/2022\/05\/1652168536552-1-300x169.jpg 300w, https:\/\/somosdelprieto.com\/wp-content\/uploads\/2022\/05\/1652168536552-1-768x432.jpg 768w, https:\/\/somosdelprieto.com\/wp-content\/uploads\/2022\/05\/1652168536552-1-1536x864.jpg 1536w, https:\/\/somosdelprieto.com\/wp-content\/uploads\/2022\/05\/1652168536552-1.jpg 1600w\" sizes=\"auto, (max-width: 494px) 100vw, 494px\" \/><\/figure><\/div>\n\n\n\n<figure class=\"wp-block-gallery columns-3 is-cropped wp-block-gallery-1 is-layout-flex wp-block-gallery-is-layout-flex\"><ul class=\"blocks-gallery-grid\"><li class=\"blocks-gallery-item\"><figure><img loading=\"lazy\" decoding=\"async\" width=\"1024\" height=\"576\" src=\"https:\/\/somosdelprieto.com\/wp-content\/uploads\/2022\/05\/1652168536582-1-1024x576.jpg\" alt=\"\" data-id=\"10493\" data-full-url=\"https:\/\/somosdelprieto.com\/wp-content\/uploads\/2022\/05\/1652168536582-1.jpg\" data-link=\"https:\/\/somosdelprieto.com\/?attachment_id=10493\" class=\"wp-image-10493\" srcset=\"https:\/\/somosdelprieto.com\/wp-content\/uploads\/2022\/05\/1652168536582-1-1024x576.jpg 1024w, https:\/\/somosdelprieto.com\/wp-content\/uploads\/2022\/05\/1652168536582-1-300x169.jpg 300w, https:\/\/somosdelprieto.com\/wp-content\/uploads\/2022\/05\/1652168536582-1-768x432.jpg 768w, https:\/\/somosdelprieto.com\/wp-content\/uploads\/2022\/05\/1652168536582-1-1536x864.jpg 1536w, https:\/\/somosdelprieto.com\/wp-content\/uploads\/2022\/05\/1652168536582-1.jpg 1599w\" sizes=\"auto, (max-width: 767px) 89vw, (max-width: 1000px) 54vw, (max-width: 1071px) 543px, 580px\" \/><\/figure><\/li><li class=\"blocks-gallery-item\"><figure><img loading=\"lazy\" decoding=\"async\" width=\"1024\" height=\"576\" src=\"https:\/\/somosdelprieto.com\/wp-content\/uploads\/2022\/05\/1652168536609-1-1024x576.jpg\" alt=\"\" data-id=\"10494\" data-full-url=\"https:\/\/somosdelprieto.com\/wp-content\/uploads\/2022\/05\/1652168536609-1.jpg\" data-link=\"https:\/\/somosdelprieto.com\/?attachment_id=10494\" class=\"wp-image-10494\" srcset=\"https:\/\/somosdelprieto.com\/wp-content\/uploads\/2022\/05\/1652168536609-1-1024x576.jpg 1024w, https:\/\/somosdelprieto.com\/wp-content\/uploads\/2022\/05\/1652168536609-1-300x169.jpg 300w, https:\/\/somosdelprieto.com\/wp-content\/uploads\/2022\/05\/1652168536609-1-768x432.jpg 768w, https:\/\/somosdelprieto.com\/wp-content\/uploads\/2022\/05\/1652168536609-1-1536x864.jpg 1536w, https:\/\/somosdelprieto.com\/wp-content\/uploads\/2022\/05\/1652168536609-1.jpg 1600w\" sizes=\"auto, (max-width: 767px) 89vw, (max-width: 1000px) 54vw, (max-width: 1071px) 543px, 580px\" \/><\/figure><\/li><li class=\"blocks-gallery-item\"><figure><img loading=\"lazy\" decoding=\"async\" width=\"1024\" height=\"766\" src=\"https:\/\/somosdelprieto.com\/wp-content\/uploads\/2022\/05\/1652168536636-1-1024x766.jpg\" alt=\"\" data-id=\"10495\" data-full-url=\"https:\/\/somosdelprieto.com\/wp-content\/uploads\/2022\/05\/1652168536636-1.jpg\" data-link=\"https:\/\/somosdelprieto.com\/?attachment_id=10495\" class=\"wp-image-10495\" srcset=\"https:\/\/somosdelprieto.com\/wp-content\/uploads\/2022\/05\/1652168536636-1-1024x766.jpg 1024w, https:\/\/somosdelprieto.com\/wp-content\/uploads\/2022\/05\/1652168536636-1-300x224.jpg 300w, https:\/\/somosdelprieto.com\/wp-content\/uploads\/2022\/05\/1652168536636-1-768x575.jpg 768w, https:\/\/somosdelprieto.com\/wp-content\/uploads\/2022\/05\/1652168536636-1-1536x1149.jpg 1536w, https:\/\/somosdelprieto.com\/wp-content\/uploads\/2022\/05\/1652168536636-1.jpg 2048w\" sizes=\"auto, (max-width: 767px) 89vw, (max-width: 1000px) 54vw, (max-width: 1071px) 543px, 580px\" \/><\/figure><\/li><\/ul><\/figure>\n\n\n\n<p><\/p>\n","protected":false},"excerpt":{"rendered":"<p>Los departamentos de F\u00edsica y Qu\u00edmica, Agraria y Administraci\u00f3n han realizado (en colaboraci\u00f3n con nuestro aula de emprendimiento) un proyecto que ten\u00eda como finalidad la fabricaci\u00f3n de aceites esenciales. En colaboraci\u00f3n con el alumnado de ESO, se ha realizado todo el proceso que va desde la destilaci\u00f3n y obtenci\u00f3n del producto, hasta la venta y &hellip; <\/p>\n<p class=\"link-more\"><a href=\"https:\/\/somosdelprieto.com\/index.php\/proyecto-aceites-esenciales\/\" class=\"more-link\">Continuar leyendo<span class=\"screen-reader-text\"> \u00abPROYECTO ACEITES ESENCIALES\u00bb<\/span><\/a><\/p>\n","protected":false},"author":30,"featured_media":0,"parent":0,"menu_order":0,"comment_status":"closed","ping_status":"closed","template":"","meta":{"footnotes":""},"class_list":["post-10487","page","type-page","status-publish","hentry"],"_links":{"self":[{"href":"https:\/\/somosdelprieto.com\/index.php\/wp-json\/wp\/v2\/pages\/10487","targetHints":{"allow":["GET"]}}],"collection":[{"href":"https:\/\/somosdelprieto.com\/index.php\/wp-json\/wp\/v2\/pages"}],"about":[{"href":"https:\/\/somosdelprieto.com\/index.php\/wp-json\/wp\/v2\/types\/page"}],"author":[{"embeddable":true,"href":"https:\/\/somosdelprieto.com\/index.php\/wp-json\/wp\/v2\/users\/30"}],"replies":[{"embeddable":true,"href":"https:\/\/somosdelprieto.com\/index.php\/wp-json\/wp\/v2\/comments?post=10487"}],"version-history":[{"count":3,"href":"https:\/\/somosdelprieto.com\/index.php\/wp-json\/wp\/v2\/pages\/10487\/revisions"}],"predecessor-version":[{"id":10499,"href":"https:\/\/somosdelprieto.com\/index.php\/wp-json\/wp\/v2\/pages\/10487\/revisions\/10499"}],"wp:attachment":[{"href":"https:\/\/somosdelprieto.com\/index.php\/wp-json\/wp\/v2\/media?parent=10487"}],"curies":[{"name":"wp","href":"https:\/\/api.w.org\/{rel}","templated":true}]}}